{"id":13907,"date":"2025-07-15T12:44:01","date_gmt":"2025-07-15T10:44:01","guid":{"rendered":"https:\/\/uj.adatbank.ro\/lexikon\/termek\/leonhardus-meister\/"},"modified":"2025-07-15T12:44:01","modified_gmt":"2025-07-15T10:44:01","slug":"leonhardus-meister","status":"publish","type":"product","link":"https:\/\/uj.adatbank.ro\/lexikon\/termek\/leonhardus-meister\/","title":{"rendered":"LEONHARDUS, Meister"},"content":{"rendered":"<p>15. sz. eleje, \u2020\u00a0?: mester a nemes f\u00e9mek feldolgoz\u00e1s\u00e1ban, bronz \u00e9s harang\u00f6nt\u0151 Segesv\u00e1ron, Segesden, Sz\u00e1szd\u00e1ly\u00e1n. <br \/><strong>Irod.:<\/strong> LSS<\/br><\/p>\n","protected":false},"excerpt":{"rendered":"<p>15. sz. eleje, \u2020\u00a0?: mester a nemes f\u00e9mek feldolgoz\u00e1s\u00e1ban, bronz \u00e9s harang\u00f6nt\u0151 Segesv\u00e1ron, Segesden, Sz\u00e1szd\u00e1ly\u00e1n. Irod.: LSS<\/p>\n","protected":false},"featured_media":0,"comment_status":"open","ping_status":"closed","template":"","meta":[],"product_brand":[],"product_cat":[137],"product_tag":[],"class_list":{"0":"post-13907","1":"product","2":"type-product","3":"status-publish","5":"product_cat-maros-megyei-eletrajzi-lexikon","7":"first","8":"instock","9":"shipping-taxable","10":"product-type-simple"},"_links":{"self":[{"href":"https:\/\/uj.adatbank.ro\/lexikon\/wp-json\/wp\/v2\/product\/13907","targetHints":{"allow":["GET"]}}],"collection":[{"href":"https:\/\/uj.adatbank.ro\/lexikon\/wp-json\/wp\/v2\/product"}],"about":[{"href":"https:\/\/uj.adatbank.ro\/lexikon\/wp-json\/wp\/v2\/types\/product"}],"replies":[{"embeddable":true,"href":"https:\/\/uj.adatbank.ro\/lexikon\/wp-json\/wp\/v2\/comments?post=13907"}],"wp:attachment":[{"href":"https:\/\/uj.adatbank.ro\/lexikon\/wp-json\/wp\/v2\/media?parent=13907"}],"wp:term":[{"taxonomy":"product_brand","embeddable":true,"href":"https:\/\/uj.adatbank.ro\/lexikon\/wp-json\/wp\/v2\/product_brand?post=13907"},{"taxonomy":"product_cat","embeddable":true,"href":"https:\/\/uj.adatbank.ro\/lexikon\/wp-json\/wp\/v2\/product_cat?post=13907"},{"taxonomy":"product_tag","embeddable":true,"href":"https:\/\/uj.adatbank.ro\/lexikon\/wp-json\/wp\/v2\/product_tag?post=13907"}],"curies":[{"name":"wp","href":"https:\/\/api.w.org\/{rel}","templated":true}]}}