{"id":13908,"date":"2025-07-15T12:44:03","date_gmt":"2025-07-15T10:44:03","guid":{"rendered":"https:\/\/uj.adatbank.ro\/lexikon\/termek\/lepes-gyorgy-johannes-dictus-lepes-de-gurgen\/"},"modified":"2025-07-15T12:44:03","modified_gmt":"2025-07-15T10:44:03","slug":"lepes-gyorgy-johannes-dictus-lepes-de-gurgen","status":"publish","type":"product","link":"https:\/\/uj.adatbank.ro\/lexikon\/termek\/lepes-gyorgy-johannes-dictus-lepes-de-gurgen\/","title":{"rendered":"L\u00c9PES Gy\u00f6rgy, Johannes dictus Lepes de Gurgen"},"content":{"rendered":"<p>1375 k., \u2020\u00a0Marosszentimre, 1442. m\u00e1rc. 18.: pr\u00e9post, kat. p\u00fcsp\u00f6k. \u2013 L. Lor\u00e1nd fia, testv\u00e9re II. Lor\u00e1nd. \u2013 G\u00f6rg\u00e9nyi v\u00e1r egykori ura, amit egy korabeli dokumentum igazol, amelyet Erd\u00e9ly vajd\u00e1ja, D\u00e9nes, adott ki (1364. j\u00fal.16.). Az iratban a vajda D\u00e9va, Hunyad \u00e9s Csics\u00f3 v\u00e1rurai mellett L\u00e9pest, a g\u00f6rg\u00e9nyi v\u00e1rurat is felsorolja. Erd\u00e9lyi pr\u00e9post (1406\u20131426), p\u00fcsp\u00f6k (1427\u201342). Kiadta rendelet\u00e9t: a jobb\u00e1gyok a tizedet \u00faj p\u00e9nzen v\u00e1lts\u00e1k meg, ezzel nagy parasztl\u00e1zad\u00e1st id\u00e9zet el\u0151 (1437), amit kegyetlen megtorl\u00e1s k\u00f6vetett. A t\u00f6r\u00f6k\u00f6k ellen vivott marosszentimrei \u00fctk\u00f6zetben vesztette \u00e9let\u00e9t. V.L\u00e1szl\u00f3 kir\u00e1ly az eg\u00e9sz g\u00f6rg\u00e9nyi uradalmat a hozz\u00e1tartoz\u00f3 v\u00e1rral \u00e9s 28 faluval egy\u00fctt Hunyadi J\u00e1nosnak \u00e9s fiainak, L\u00e1szl\u00f3nak \u00e9s M\u00e1ty\u00e1snak adom\u00e1nyozta, a t\u00f6r\u00f6k\u00f6k elleni harcokban tanus\u00edtott vit\u00e9zs\u00e9g\u00e9\u00e9rt (1453. j\u00fal. 13.). Hunyadi J\u00e1nos a v\u00e1rat \u00e9s az uradalmat M\u00e1ty\u00e1s fi\u00e1nak aj\u00e1nd\u00e9kozta, \u00e9s \u00edgy kir\u00e1lyi v\u00e1r (castrum) \u00e9s birtok lett (1491\u2013). <br \/><strong>Irod.:<\/strong> Sz\u00e9pr\u00e9ti Lilla: R\u00e9gi \u00e9s \u00faj vil\u00e1g (Kv., 1981); Gurghiu, domeniu; M\u00c9L; MKL; RNL<\/br><\/p>\n","protected":false},"excerpt":{"rendered":"<p>1375 k., \u2020\u00a0Marosszentimre, 1442. m\u00e1rc. 18.: pr\u00e9post, kat. p\u00fcsp\u00f6k. \u2013 L. Lor\u00e1nd fia, testv\u00e9re II. Lor\u00e1nd. \u2013 G\u00f6rg\u00e9nyi v\u00e1r egykori ura, amit egy korabeli dokumentum igazol, amelyet Erd\u00e9ly vajd\u00e1ja, D\u00e9nes, adott ki (1364. j\u00fal.16.). Az iratban a vajda D\u00e9va, Hunyad \u00e9s Csics\u00f3 v\u00e1rurai mellett L\u00e9pest, a g\u00f6rg\u00e9nyi v\u00e1rurat is felsorolja. Erd\u00e9lyi pr\u00e9post (1406\u20131426), p\u00fcsp\u00f6k (1427\u201342). [&hellip;]<\/p>\n","protected":false},"featured_media":0,"comment_status":"open","ping_status":"closed","template":"","meta":[],"product_brand":[],"product_cat":[137],"product_tag":[],"class_list":{"0":"post-13908","1":"product","2":"type-product","3":"status-publish","5":"product_cat-maros-megyei-eletrajzi-lexikon","7":"first","8":"instock","9":"shipping-taxable","10":"product-type-simple"},"_links":{"self":[{"href":"https:\/\/uj.adatbank.ro\/lexikon\/wp-json\/wp\/v2\/product\/13908","targetHints":{"allow":["GET"]}}],"collection":[{"href":"https:\/\/uj.adatbank.ro\/lexikon\/wp-json\/wp\/v2\/product"}],"about":[{"href":"https:\/\/uj.adatbank.ro\/lexikon\/wp-json\/wp\/v2\/types\/product"}],"replies":[{"embeddable":true,"href":"https:\/\/uj.adatbank.ro\/lexikon\/wp-json\/wp\/v2\/comments?post=13908"}],"wp:attachment":[{"href":"https:\/\/uj.adatbank.ro\/lexikon\/wp-json\/wp\/v2\/media?parent=13908"}],"wp:term":[{"taxonomy":"product_brand","embeddable":true,"href":"https:\/\/uj.adatbank.ro\/lexikon\/wp-json\/wp\/v2\/product_brand?post=13908"},{"taxonomy":"product_cat","embeddable":true,"href":"https:\/\/uj.adatbank.ro\/lexikon\/wp-json\/wp\/v2\/product_cat?post=13908"},{"taxonomy":"product_tag","embeddable":true,"href":"https:\/\/uj.adatbank.ro\/lexikon\/wp-json\/wp\/v2\/product_tag?post=13908"}],"curies":[{"name":"wp","href":"https:\/\/api.w.org\/{rel}","templated":true}]}}