{"id":13909,"date":"2025-07-15T12:44:04","date_gmt":"2025-07-15T10:44:04","guid":{"rendered":"https:\/\/uj.adatbank.ro\/lexikon\/termek\/leprich-tamas\/"},"modified":"2025-07-15T12:44:04","modified_gmt":"2025-07-15T10:44:04","slug":"leprich-tamas","status":"publish","type":"product","link":"https:\/\/uj.adatbank.ro\/lexikon\/termek\/leprich-tamas\/","title":{"rendered":"LEPRICH Tam\u00e1s"},"content":{"rendered":"<p>? \u2020 ?: ev. lelk\u00e9sz. \u2013 Magyarr\u00e9genben volt az ev. templom lelk\u00e9sze. A reform\u00e1ci\u00f3 ut\u00e1n A m. k\u00e1lvinista h\u00edvek elkergett\u00e9k, \u00e9s az addigi ev. templomot reform\u00e1tuss\u00e1 alak\u00edtott\u00e1k \u00e1t (1773). <br \/><strong>Irod.:<\/strong> B\u00edr\u00f3 Don\u00e1t; Regh. Cult. (10., 2010).<\/br><\/p>\n","protected":false},"excerpt":{"rendered":"<p>? \u2020 ?: ev. lelk\u00e9sz. \u2013 Magyarr\u00e9genben volt az ev. templom lelk\u00e9sze. A reform\u00e1ci\u00f3 ut\u00e1n A m. k\u00e1lvinista h\u00edvek elkergett\u00e9k, \u00e9s az addigi ev. templomot reform\u00e1tuss\u00e1 alak\u00edtott\u00e1k \u00e1t (1773). Irod.: B\u00edr\u00f3 Don\u00e1t; Regh. Cult. (10., 2010).<\/p>\n","protected":false},"featured_media":0,"comment_status":"open","ping_status":"closed","template":"","meta":[],"product_brand":[],"product_cat":[137],"product_tag":[],"class_list":{"0":"post-13909","1":"product","2":"type-product","3":"status-publish","5":"product_cat-maros-megyei-eletrajzi-lexikon","7":"first","8":"instock","9":"shipping-taxable","10":"product-type-simple"},"_links":{"self":[{"href":"https:\/\/uj.adatbank.ro\/lexikon\/wp-json\/wp\/v2\/product\/13909","targetHints":{"allow":["GET"]}}],"collection":[{"href":"https:\/\/uj.adatbank.ro\/lexikon\/wp-json\/wp\/v2\/product"}],"about":[{"href":"https:\/\/uj.adatbank.ro\/lexikon\/wp-json\/wp\/v2\/types\/product"}],"replies":[{"embeddable":true,"href":"https:\/\/uj.adatbank.ro\/lexikon\/wp-json\/wp\/v2\/comments?post=13909"}],"wp:attachment":[{"href":"https:\/\/uj.adatbank.ro\/lexikon\/wp-json\/wp\/v2\/media?parent=13909"}],"wp:term":[{"taxonomy":"product_brand","embeddable":true,"href":"https:\/\/uj.adatbank.ro\/lexikon\/wp-json\/wp\/v2\/product_brand?post=13909"},{"taxonomy":"product_cat","embeddable":true,"href":"https:\/\/uj.adatbank.ro\/lexikon\/wp-json\/wp\/v2\/product_cat?post=13909"},{"taxonomy":"product_tag","embeddable":true,"href":"https:\/\/uj.adatbank.ro\/lexikon\/wp-json\/wp\/v2\/product_tag?post=13909"}],"curies":[{"name":"wp","href":"https:\/\/api.w.org\/{rel}","templated":true}]}}