{"id":13913,"date":"2025-07-15T12:44:13","date_gmt":"2025-07-15T10:44:13","guid":{"rendered":"https:\/\/uj.adatbank.ro\/lexikon\/termek\/leszai-ferenc-%c2%a7-leszay-ferenc\/"},"modified":"2025-07-15T12:44:13","modified_gmt":"2025-07-15T10:44:13","slug":"leszai-ferenc-%c2%a7-leszay-ferenc","status":"publish","type":"product","link":"https:\/\/uj.adatbank.ro\/lexikon\/termek\/leszai-ferenc-%c2%a7-leszay-ferenc\/","title":{"rendered":"L\u00c9SZAI Ferenc, \u00a7 L\u00e9szay Ferenc"},"content":{"rendered":"<p>Kv., 1913. j\u00fan. 24. \u2020 Mv., 1993. nov. 11. : t. f\u00f6ldbirtokos, agron\u00f3mus, husz\u00e1rz\u00e1szl\u00f3s,. \u2013 A kv.-i ref. gimn.-ban \u00e9retts\u00e9gizett (1930), a debreceni Gazdas\u00e1gi Akad.-\u00e1n szerzett okl.-t (1933). A kv.-i egyetemen jogi tanulm\u00e1nyokat folytatott (1934\u201339), mez\u0151gazdas\u00e1gi tudom\u00e1nyok doktori k\u00e9pz\u00e9s\u00e9n vett r\u00e9szt (1943\u201344). Gorb\u00f3n gazd\u00e1lkodott (1933\u201349). K\u00f6zben katonai szolg\u00e1latot Nagyenyeden teljes\u00edtett \u00e9s tiszti iskol\u00e1t v\u00e9gzett Buk.-ben (1935). Beh\u00edvt\u00e1k t. tiszti \u00e1tk\u00e9pz\u00e9sre a kv.-i IX. \u00f6n\u00e1ll\u00f3 husz\u00e1rsz\u00e1zadhoz (1942. m\u00e1j. 5.\u2013). Tartal\u00e9kos tiszti iskol\u00e1t v\u00e9gzett (1942. j\u00fal. 25), majd a v\u00e1rpalotai l\u0151iskola hallgat\u00f3ja volt (1942. aug. 31.- szept. 28.). El\u0151l\u00e9ptett\u00e9k t. z\u00e1szl\u00f3ss\u00e1, majd a IX. \u00f6n\u00e1ll\u00f3 husz\u00e1rezred kik\u00e9pz\u0151tisztje lett (1943. jan.- j\u00fan.), majd ugyanott szakaszparancsnok (1944. jan. 30.-ig). Felder\u00edt\u0151 szakaszparancsnokk\u00e9nt frontszolg\u00e1latot teljes\u00edtett Galici\u00e1ban, a K\u00e1rp\u00e1tokban \u00e9s Torda v\u00edd\u00e9k\u00e9n (1944. m\u00e1rc.- szept. 26.). Az aranyosegerbegyi s\u00falyos harcokban alakulata felmorzsol\u00f3dott, \u00fajabb beoszt\u00e1s\u00e1t m\u00e1r nem vehette \u00e1t. Kolozs megye f\u0151isp\u00e1ni hivatal\u00e1nak gazdas\u00e1gi fel\u00fcgyel\u0151je (1945), a kv.-i Herb\u00e1k J\u00e1nos \u00fczem cserfak\u00e9reg \u00e9s \u00e9lelmiszer ell\u00e1t\u00f3ja (1946\u201348). K\u00e9nyszerlakhelye Mv. (1949 m\u00e1rc. 2\u20133\u2013), ahol munkahelyei: a cukorgy\u00e1rban m\u00e9rleges, a mez\u0151gazdas\u00e1gi iskola tan\u00e1ra (1950\u201351), majd az erd\u0151szentgy\u00f6rgyi rajon f\u0151agron\u00f3musa (1951\u201352), a mez\u0151b\u00e1ndi cukorr\u00e9pa \u00e1tvev\u0151 \u00e1llom\u00e1s r\u00e9pav\u00e9telez\u0151je (1952), a mv.-i vet\u0151mag forgalmaz\u00f3 nagyrakt\u00e1r rakt\u00e1rosa (1952\u201355), amely a tev\u00e9kenys\u00e9g\u00e9nek k\u00f6sz\u00f6nhet\u0151en orsz\u00e1gos \u00e9lv\u00e1llalat lett, orsz\u00e1gos els\u0151 az els\u0151 az eg\u00e9sz orsz\u00e1gban, kit\u00fcntett\u00e9k (\u201eDrapelul muncii pe \u0163ar\u0103\u201d), a Recolta (1956), az OCL \u2013 Aprozar (1957\u201362) munkat\u00e1rsa, ami szint\u00e9n orsz\u00e1gos \u00e9lv\u00e1llalatt\u00e1 v\u00e1lt. A rendszer t\u0171r\u0151k\u00e9pess\u00e9ge ezt nem b\u00edrta el, mennie kellett, a korondi MTSz agron\u00f3musa (1962\u201365, 1968\u201380). Nem adta oda az \u00e1llamnak \u00f6nsz\u00e1nt\u00e1b\u00f3l, az arany\u00e9rm\u00e9it, ennek k\u00f6vetkezm\u00e9nye: rab a mv.-i, nagyenyedi \u00e9s gyulafeh\u00e9rv\u00e1ri b\u00f6rt\u00f6nben (1967\u201368). <br \/><strong>Irod.:<\/strong> Bene\u2013Szab\u00f3; csal\u00e1di inf.<\/br><\/p>\n","protected":false},"excerpt":{"rendered":"<p>Kv., 1913. j\u00fan. 24. \u2020 Mv., 1993. nov. 11. : t. f\u00f6ldbirtokos, agron\u00f3mus, husz\u00e1rz\u00e1szl\u00f3s,. \u2013 A kv.-i ref. gimn.-ban \u00e9retts\u00e9gizett (1930), a debreceni Gazdas\u00e1gi Akad.-\u00e1n szerzett okl.-t (1933). A kv.-i egyetemen jogi tanulm\u00e1nyokat folytatott (1934\u201339), mez\u0151gazdas\u00e1gi tudom\u00e1nyok doktori k\u00e9pz\u00e9s\u00e9n vett r\u00e9szt (1943\u201344). Gorb\u00f3n gazd\u00e1lkodott (1933\u201349). K\u00f6zben katonai szolg\u00e1latot Nagyenyeden teljes\u00edtett \u00e9s tiszti iskol\u00e1t v\u00e9gzett Buk.-ben [&hellip;]<\/p>\n","protected":false},"featured_media":0,"comment_status":"open","ping_status":"closed","template":"","meta":[],"product_brand":[],"product_cat":[137],"product_tag":[],"class_list":{"0":"post-13913","1":"product","2":"type-product","3":"status-publish","5":"product_cat-maros-megyei-eletrajzi-lexikon","7":"first","8":"instock","9":"shipping-taxable","10":"product-type-simple"},"_links":{"self":[{"href":"https:\/\/uj.adatbank.ro\/lexikon\/wp-json\/wp\/v2\/product\/13913","targetHints":{"allow":["GET"]}}],"collection":[{"href":"https:\/\/uj.adatbank.ro\/lexikon\/wp-json\/wp\/v2\/product"}],"about":[{"href":"https:\/\/uj.adatbank.ro\/lexikon\/wp-json\/wp\/v2\/types\/product"}],"replies":[{"embeddable":true,"href":"https:\/\/uj.adatbank.ro\/lexikon\/wp-json\/wp\/v2\/comments?post=13913"}],"wp:attachment":[{"href":"https:\/\/uj.adatbank.ro\/lexikon\/wp-json\/wp\/v2\/media?parent=13913"}],"wp:term":[{"taxonomy":"product_brand","embeddable":true,"href":"https:\/\/uj.adatbank.ro\/lexikon\/wp-json\/wp\/v2\/product_brand?post=13913"},{"taxonomy":"product_cat","embeddable":true,"href":"https:\/\/uj.adatbank.ro\/lexikon\/wp-json\/wp\/v2\/product_cat?post=13913"},{"taxonomy":"product_tag","embeddable":true,"href":"https:\/\/uj.adatbank.ro\/lexikon\/wp-json\/wp\/v2\/product_tag?post=13913"}],"curies":[{"name":"wp","href":"https:\/\/api.w.org\/{rel}","templated":true}]}}