{"id":13916,"date":"2025-07-15T12:44:20","date_gmt":"2025-07-15T10:44:20","guid":{"rendered":"https:\/\/uj.adatbank.ro\/lexikon\/termek\/letai-antal-lupina\/"},"modified":"2025-07-15T12:44:20","modified_gmt":"2025-07-15T10:44:20","slug":"letai-antal-lupina","status":"publish","type":"product","link":"https:\/\/uj.adatbank.ro\/lexikon\/termek\/letai-antal-lupina\/","title":{"rendered":"L\u00c9TAI Antal; Lupina"},"content":{"rendered":"<p>? \u2020\u00a0?: tan\u00edt\u00f3. \u2013 Marosludason tan\u00edtott. Cikkeit k\u00f6z\u00f6lte: tordai Tantest\u00fcleti \u00c9rtes\u00edt\u0151 (1906), a lugosi N\u00e9poktat\u00e1s (1911\/12). <br \/><strong>Irod.:<\/strong> Guly\u00e1s<\/br><\/p>\n","protected":false},"excerpt":{"rendered":"<p>? \u2020\u00a0?: tan\u00edt\u00f3. \u2013 Marosludason tan\u00edtott. Cikkeit k\u00f6z\u00f6lte: tordai Tantest\u00fcleti \u00c9rtes\u00edt\u0151 (1906), a lugosi N\u00e9poktat\u00e1s (1911\/12). Irod.: Guly\u00e1s<\/p>\n","protected":false},"featured_media":0,"comment_status":"open","ping_status":"closed","template":"","meta":[],"product_brand":[],"product_cat":[137],"product_tag":[],"class_list":{"0":"post-13916","1":"product","2":"type-product","3":"status-publish","5":"product_cat-maros-megyei-eletrajzi-lexikon","7":"first","8":"instock","9":"shipping-taxable","10":"product-type-simple"},"_links":{"self":[{"href":"https:\/\/uj.adatbank.ro\/lexikon\/wp-json\/wp\/v2\/product\/13916","targetHints":{"allow":["GET"]}}],"collection":[{"href":"https:\/\/uj.adatbank.ro\/lexikon\/wp-json\/wp\/v2\/product"}],"about":[{"href":"https:\/\/uj.adatbank.ro\/lexikon\/wp-json\/wp\/v2\/types\/product"}],"replies":[{"embeddable":true,"href":"https:\/\/uj.adatbank.ro\/lexikon\/wp-json\/wp\/v2\/comments?post=13916"}],"wp:attachment":[{"href":"https:\/\/uj.adatbank.ro\/lexikon\/wp-json\/wp\/v2\/media?parent=13916"}],"wp:term":[{"taxonomy":"product_brand","embeddable":true,"href":"https:\/\/uj.adatbank.ro\/lexikon\/wp-json\/wp\/v2\/product_brand?post=13916"},{"taxonomy":"product_cat","embeddable":true,"href":"https:\/\/uj.adatbank.ro\/lexikon\/wp-json\/wp\/v2\/product_cat?post=13916"},{"taxonomy":"product_tag","embeddable":true,"href":"https:\/\/uj.adatbank.ro\/lexikon\/wp-json\/wp\/v2\/product_tag?post=13916"}],"curies":[{"name":"wp","href":"https:\/\/api.w.org\/{rel}","templated":true}]}}