{"id":13925,"date":"2025-07-15T12:44:38","date_gmt":"2025-07-15T10:44:38","guid":{"rendered":"https:\/\/uj.adatbank.ro\/lexikon\/termek\/levay-ilonka-m-dr-matyas-matyasne\/"},"modified":"2025-07-15T12:44:38","modified_gmt":"2025-07-15T10:44:38","slug":"levay-ilonka-m-dr-matyas-matyasne","status":"publish","type":"product","link":"https:\/\/uj.adatbank.ro\/lexikon\/termek\/levay-ilonka-m-dr-matyas-matyasne\/","title":{"rendered":"L\u00c9VAY Ilonka. M.; dr. M\u00e1ty\u00e1s M\u00e1ty\u00e1sn\u00e9"},"content":{"rendered":"<p>Kv., 1892. aug. 7., \u2020 Kv., 1974. aug. 9.: \u00e9nekesn\u0151. \u2013 P\u00e1ly\u00e1j\u00e1t sz\u00fcl\u0151v\u00e1ros\u00e1ban kezdte az els\u0151 vh. idej\u00e9n. R\u00f6vid id\u0151 alatt vezet\u0151 \u00e9nekesn\u0151 lett, k\u00fclf\u00f6ld\u00f6n is sikereket aratott. F\u00e9rjhezmen\u00e9se ut\u00e1n (1923) visszavonult, \u00e9s csak alkalmakk\u00e9nt, k\u00f6zkiv\u00e1natra l\u00e9pett fel. \u2013 <strong>F. sz.:<\/strong> Masenyka (Smetana: Eladott menyasszony); Margit (Gounod: Faust); Leonora (Verdi: \u00c1larcos b\u00e1l); Gilda (Verdi: Rigoletto); Saffi (J. Strauss: Cig\u00e1nyb\u00e1r\u00f3); Santuzza (Mascagni: Parasztbecs\u00fclet); Leonora (Verdi: Trubadur); Puccini:Tosca; Verdi: Elvira. <br \/><strong>Irod.:<\/strong> K\u00f6t\u0151<\/br><\/p>\n","protected":false},"excerpt":{"rendered":"<p>Kv., 1892. aug. 7., \u2020 Kv., 1974. aug. 9.: \u00e9nekesn\u0151. \u2013 P\u00e1ly\u00e1j\u00e1t sz\u00fcl\u0151v\u00e1ros\u00e1ban kezdte az els\u0151 vh. idej\u00e9n. R\u00f6vid id\u0151 alatt vezet\u0151 \u00e9nekesn\u0151 lett, k\u00fclf\u00f6ld\u00f6n is sikereket aratott. F\u00e9rjhezmen\u00e9se ut\u00e1n (1923) visszavonult, \u00e9s csak alkalmakk\u00e9nt, k\u00f6zkiv\u00e1natra l\u00e9pett fel. \u2013 F. sz.: Masenyka (Smetana: Eladott menyasszony); Margit (Gounod: Faust); Leonora (Verdi: \u00c1larcos b\u00e1l); Gilda (Verdi: Rigoletto); [&hellip;]<\/p>\n","protected":false},"featured_media":0,"comment_status":"open","ping_status":"closed","template":"","meta":[],"product_brand":[],"product_cat":[137],"product_tag":[],"class_list":{"0":"post-13925","1":"product","2":"type-product","3":"status-publish","5":"product_cat-maros-megyei-eletrajzi-lexikon","7":"first","8":"instock","9":"shipping-taxable","10":"product-type-simple"},"_links":{"self":[{"href":"https:\/\/uj.adatbank.ro\/lexikon\/wp-json\/wp\/v2\/product\/13925","targetHints":{"allow":["GET"]}}],"collection":[{"href":"https:\/\/uj.adatbank.ro\/lexikon\/wp-json\/wp\/v2\/product"}],"about":[{"href":"https:\/\/uj.adatbank.ro\/lexikon\/wp-json\/wp\/v2\/types\/product"}],"replies":[{"embeddable":true,"href":"https:\/\/uj.adatbank.ro\/lexikon\/wp-json\/wp\/v2\/comments?post=13925"}],"wp:attachment":[{"href":"https:\/\/uj.adatbank.ro\/lexikon\/wp-json\/wp\/v2\/media?parent=13925"}],"wp:term":[{"taxonomy":"product_brand","embeddable":true,"href":"https:\/\/uj.adatbank.ro\/lexikon\/wp-json\/wp\/v2\/product_brand?post=13925"},{"taxonomy":"product_cat","embeddable":true,"href":"https:\/\/uj.adatbank.ro\/lexikon\/wp-json\/wp\/v2\/product_cat?post=13925"},{"taxonomy":"product_tag","embeddable":true,"href":"https:\/\/uj.adatbank.ro\/lexikon\/wp-json\/wp\/v2\/product_tag?post=13925"}],"curies":[{"name":"wp","href":"https:\/\/api.w.org\/{rel}","templated":true}]}}