{"id":13927,"date":"2025-07-15T12:44:42","date_gmt":"2025-07-15T10:44:42","guid":{"rendered":"https:\/\/uj.adatbank.ro\/lexikon\/termek\/lewi-andor\/"},"modified":"2025-07-15T12:44:42","modified_gmt":"2025-07-15T10:44:42","slug":"lewi-andor","status":"publish","type":"product","link":"https:\/\/uj.adatbank.ro\/lexikon\/termek\/lewi-andor\/","title":{"rendered":"L\u00c9WI Andor"},"content":{"rendered":"<p>1900.,\u00a0\u2020\u00a0?: \u00e9p\u00edt\u00e9si anyagkeresked\u0151. \u2013 Iskol\u00e1i elv\u00e9gz\u00e9se ut\u00e1n fatelepi tisztvisel\u0151 dolgozott, majd Ring S\u00e1ndorral t\u00e1rsas alapon \u00f6n\u00e1ll\u00f3 lett Mv.-en (1927\u2013). Mint \u00f6nk\u00e9ntes r\u00e9szt vett az els\u0151 vh.-ban. <br \/><strong>Irod.:<\/strong> Sz\u00e9kelyf\u00f6ld \u00ed.k<\/br><\/p>\n","protected":false},"excerpt":{"rendered":"<p>1900.,\u00a0\u2020\u00a0?: \u00e9p\u00edt\u00e9si anyagkeresked\u0151. \u2013 Iskol\u00e1i elv\u00e9gz\u00e9se ut\u00e1n fatelepi tisztvisel\u0151 dolgozott, majd Ring S\u00e1ndorral t\u00e1rsas alapon \u00f6n\u00e1ll\u00f3 lett Mv.-en (1927\u2013). Mint \u00f6nk\u00e9ntes r\u00e9szt vett az els\u0151 vh.-ban. Irod.: Sz\u00e9kelyf\u00f6ld \u00ed.k<\/p>\n","protected":false},"featured_media":0,"comment_status":"open","ping_status":"closed","template":"","meta":[],"product_brand":[],"product_cat":[137],"product_tag":[],"class_list":{"0":"post-13927","1":"product","2":"type-product","3":"status-publish","5":"product_cat-maros-megyei-eletrajzi-lexikon","7":"first","8":"instock","9":"shipping-taxable","10":"product-type-simple"},"_links":{"self":[{"href":"https:\/\/uj.adatbank.ro\/lexikon\/wp-json\/wp\/v2\/product\/13927","targetHints":{"allow":["GET"]}}],"collection":[{"href":"https:\/\/uj.adatbank.ro\/lexikon\/wp-json\/wp\/v2\/product"}],"about":[{"href":"https:\/\/uj.adatbank.ro\/lexikon\/wp-json\/wp\/v2\/types\/product"}],"replies":[{"embeddable":true,"href":"https:\/\/uj.adatbank.ro\/lexikon\/wp-json\/wp\/v2\/comments?post=13927"}],"wp:attachment":[{"href":"https:\/\/uj.adatbank.ro\/lexikon\/wp-json\/wp\/v2\/media?parent=13927"}],"wp:term":[{"taxonomy":"product_brand","embeddable":true,"href":"https:\/\/uj.adatbank.ro\/lexikon\/wp-json\/wp\/v2\/product_brand?post=13927"},{"taxonomy":"product_cat","embeddable":true,"href":"https:\/\/uj.adatbank.ro\/lexikon\/wp-json\/wp\/v2\/product_cat?post=13927"},{"taxonomy":"product_tag","embeddable":true,"href":"https:\/\/uj.adatbank.ro\/lexikon\/wp-json\/wp\/v2\/product_tag?post=13927"}],"curies":[{"name":"wp","href":"https:\/\/api.w.org\/{rel}","templated":true}]}}