{"id":13930,"date":"2025-07-15T12:44:48","date_gmt":"2025-07-15T10:44:48","guid":{"rendered":"https:\/\/uj.adatbank.ro\/lexikon\/termek\/liebhart-mihail\/"},"modified":"2025-07-15T12:44:48","modified_gmt":"2025-07-15T10:44:48","slug":"liebhart-mihail","status":"publish","type":"product","link":"https:\/\/uj.adatbank.ro\/lexikon\/termek\/liebhart-mihail\/","title":{"rendered":"LIEBHART Mihail"},"content":{"rendered":"<p>? \u2020\u00a0?: Dr. egyetemi docens, seb\u00e9szorvos, sz\u00edv- \u00e9s \u00e9rgy\u00f3gy\u00e1sz..Tan\u00e1r, v\u00e1rosi tan\u00e1csos is volt. A Maros megyei Orvosi Kamara Fegyelmi Bizotts\u00e1g\u00e1nak eln\u00f6ke, szakmailag feddhetetlen, a mv.-i sz\u00edv- \u00e9s \u00e9rrendszeri seb\u00e9szet \u00fatt\u00f6r\u0151je. Igazgat\u00f3ja a megyei S\u00fcrg\u0151s\u00e9gi Klinikai K\u00f3rh\u00e1znak. <br \/><strong>Irod.:<\/strong> N\u00fa.,2023.okt.10.<\/br><\/p>\n","protected":false},"excerpt":{"rendered":"<p>? \u2020\u00a0?: Dr. egyetemi docens, seb\u00e9szorvos, sz\u00edv- \u00e9s \u00e9rgy\u00f3gy\u00e1sz..Tan\u00e1r, v\u00e1rosi tan\u00e1csos is volt. A Maros megyei Orvosi Kamara Fegyelmi Bizotts\u00e1g\u00e1nak eln\u00f6ke, szakmailag feddhetetlen, a mv.-i sz\u00edv- \u00e9s \u00e9rrendszeri seb\u00e9szet \u00fatt\u00f6r\u0151je. Igazgat\u00f3ja a megyei S\u00fcrg\u0151s\u00e9gi Klinikai K\u00f3rh\u00e1znak. Irod.: N\u00fa.,2023.okt.10.<\/p>\n","protected":false},"featured_media":0,"comment_status":"open","ping_status":"closed","template":"","meta":[],"product_brand":[],"product_cat":[137],"product_tag":[],"class_list":{"0":"post-13930","1":"product","2":"type-product","3":"status-publish","5":"product_cat-maros-megyei-eletrajzi-lexikon","7":"first","8":"instock","9":"shipping-taxable","10":"product-type-simple"},"_links":{"self":[{"href":"https:\/\/uj.adatbank.ro\/lexikon\/wp-json\/wp\/v2\/product\/13930","targetHints":{"allow":["GET"]}}],"collection":[{"href":"https:\/\/uj.adatbank.ro\/lexikon\/wp-json\/wp\/v2\/product"}],"about":[{"href":"https:\/\/uj.adatbank.ro\/lexikon\/wp-json\/wp\/v2\/types\/product"}],"replies":[{"embeddable":true,"href":"https:\/\/uj.adatbank.ro\/lexikon\/wp-json\/wp\/v2\/comments?post=13930"}],"wp:attachment":[{"href":"https:\/\/uj.adatbank.ro\/lexikon\/wp-json\/wp\/v2\/media?parent=13930"}],"wp:term":[{"taxonomy":"product_brand","embeddable":true,"href":"https:\/\/uj.adatbank.ro\/lexikon\/wp-json\/wp\/v2\/product_brand?post=13930"},{"taxonomy":"product_cat","embeddable":true,"href":"https:\/\/uj.adatbank.ro\/lexikon\/wp-json\/wp\/v2\/product_cat?post=13930"},{"taxonomy":"product_tag","embeddable":true,"href":"https:\/\/uj.adatbank.ro\/lexikon\/wp-json\/wp\/v2\/product_tag?post=13930"}],"curies":[{"name":"wp","href":"https:\/\/api.w.org\/{rel}","templated":true}]}}