{"id":13935,"date":"2025-07-15T12:44:59","date_gmt":"2025-07-15T10:44:59","guid":{"rendered":"https:\/\/uj.adatbank.ro\/lexikon\/termek\/ligeti-sandor-auer-1904\/"},"modified":"2025-07-15T12:44:59","modified_gmt":"2025-07-15T10:44:59","slug":"ligeti-sandor-auer-1904","status":"publish","type":"product","link":"https:\/\/uj.adatbank.ro\/lexikon\/termek\/ligeti-sandor-auer-1904\/","title":{"rendered":"LIGETI S\u00e1ndor, Auer (\u20131904)"},"content":{"rendered":"<p>Kaposv\u00e1r, 1890. nov. 5., \u2020\u00a0?\u00a0: szociol\u00f3gus, bankigazgat\u00f3. \u2013 Auer Soma \u00e9s L\u00e1z\u00e1r Janka fia, feles\u00e9ge Somogyi Ilona orvos, L. Ern\u0151 apja.- A bp.-i egyetemen jogot hallgatott, \u00e1llamtudom\u00e1nyi doktor\u00e1tust szerzett, majd a bankszakm\u00e1ban dolgozott. R\u00e9szt vett az I. vh.-ban, nagy ez\u00fcst vit\u00e9zs\u00e9gi \u00e9rem kit\u00fcntetettje (1914\u201317). Dics\u0151szentm\u00e1rtonban telepedett le (1917), ahol az Angol-M. Bank igazgat\u00f3ja (1918\u201320), majd a K\u00fck\u00fcll\u0151v\u00f6lgyi Kereskedelmi \u00e9s Iparbank vez\u00e9rgazgat\u00f3ja (1920\u2013), \u00e9s Cartea Rom\u00e2neasc\u0103 n\u00e9ven nyomdai v\u00e1llalatot l\u00e9tes\u00edtett. A Kv.-on \u00e9s Mv.-en alap\u00edtott (1926) Rom\u00e1n-M. T\u00e1rsadalomtudom\u00e1nyi T\u00e1rsas\u00e1g tagja; Kv.-on a Kereskedelmi \u00e9s Hitelbank igazgat\u00f3ja (1929). Ut\u00f3pisztikus reformer-\u00edr\u00e1sait sz\u00e1mos foly\u00f3irat, \u00edgy kezdeti szakasz\u00e1ban a Korunk is k\u00f6z\u00f6lte, a t\u00e1rsadalmi gazdas\u00e1g dinamik\u00e1j\u00e1r\u00f3l sz\u00f3l\u00f3 \u00e9rtekez\u00e9s\u00e9t a helybeli Erzs\u00e9bet K\u00f6nyvnyomda adta ki. K\u00f6zgazdas\u00e1gi, t\u00e1rsadalomtudom\u00e1nyi \u00e9s k\u00fclpolitikai \u00edr\u00e1sait a Keleti \u00dajs\u00e1g, \u00daj Kelet, Korunk, J\u00f6v\u0151 T\u00e1rsadalma, F\u00fcggetlen \u00dajs\u00e1g k\u00f6z\u00f6lte. K\u00f6zgazdas\u00e1gi tev\u00e9kenys\u00e9g\u00e9\u00e9rt Ferdin\u00e1nd rom\u00e1n kir\u00e1ly a Meritul Comercial \u0219i Industrial \u00e9rdemrend I. oszt. t\u00fcntette ki. \u2013 <strong>F. m.:<\/strong> A t\u00e1rsadalmi gazdas\u00e1g dinamik\u00e1ja (Dics\u0151szentm\u00e1rton, 1925); Az erk\u00f6lcs keletkez\u00e9se \u00e9s fejl\u0151d\u00e9se (Kv., 1927); A b\u0171v\u00f6s ersz\u00e9ny : Elbesz\u00e9l\u00e9sek (Kv., 1934). <br \/><strong>Irod.:<\/strong> Ferenczi 1929; F\u00fcl\u00f6p\u2013Ferencz; Guly\u00e1s; Gy\u00f6rgy 1927; Osv\u00e1th; RMIL; Valentiny 1935<\/br><\/p>\n","protected":false},"excerpt":{"rendered":"<p>Kaposv\u00e1r, 1890. nov. 5., \u2020\u00a0?\u00a0: szociol\u00f3gus, bankigazgat\u00f3. \u2013 Auer Soma \u00e9s L\u00e1z\u00e1r Janka fia, feles\u00e9ge Somogyi Ilona orvos, L. Ern\u0151 apja.- A bp.-i egyetemen jogot hallgatott, \u00e1llamtudom\u00e1nyi doktor\u00e1tust szerzett, majd a bankszakm\u00e1ban dolgozott. R\u00e9szt vett az I. vh.-ban, nagy ez\u00fcst vit\u00e9zs\u00e9gi \u00e9rem kit\u00fcntetettje (1914\u201317). Dics\u0151szentm\u00e1rtonban telepedett le (1917), ahol az Angol-M. Bank igazgat\u00f3ja (1918\u201320), majd [&hellip;]<\/p>\n","protected":false},"featured_media":0,"comment_status":"open","ping_status":"closed","template":"","meta":[],"product_brand":[],"product_cat":[137],"product_tag":[],"class_list":{"0":"post-13935","1":"product","2":"type-product","3":"status-publish","5":"product_cat-maros-megyei-eletrajzi-lexikon","7":"first","8":"instock","9":"shipping-taxable","10":"product-type-simple"},"_links":{"self":[{"href":"https:\/\/uj.adatbank.ro\/lexikon\/wp-json\/wp\/v2\/product\/13935","targetHints":{"allow":["GET"]}}],"collection":[{"href":"https:\/\/uj.adatbank.ro\/lexikon\/wp-json\/wp\/v2\/product"}],"about":[{"href":"https:\/\/uj.adatbank.ro\/lexikon\/wp-json\/wp\/v2\/types\/product"}],"replies":[{"embeddable":true,"href":"https:\/\/uj.adatbank.ro\/lexikon\/wp-json\/wp\/v2\/comments?post=13935"}],"wp:attachment":[{"href":"https:\/\/uj.adatbank.ro\/lexikon\/wp-json\/wp\/v2\/media?parent=13935"}],"wp:term":[{"taxonomy":"product_brand","embeddable":true,"href":"https:\/\/uj.adatbank.ro\/lexikon\/wp-json\/wp\/v2\/product_brand?post=13935"},{"taxonomy":"product_cat","embeddable":true,"href":"https:\/\/uj.adatbank.ro\/lexikon\/wp-json\/wp\/v2\/product_cat?post=13935"},{"taxonomy":"product_tag","embeddable":true,"href":"https:\/\/uj.adatbank.ro\/lexikon\/wp-json\/wp\/v2\/product_tag?post=13935"}],"curies":[{"name":"wp","href":"https:\/\/api.w.org\/{rel}","templated":true}]}}