{"id":13936,"date":"2025-07-15T12:45:01","date_gmt":"2025-07-15T10:45:01","guid":{"rendered":"https:\/\/uj.adatbank.ro\/lexikon\/termek\/linder-antal\/"},"modified":"2025-07-15T12:45:01","modified_gmt":"2025-07-15T10:45:01","slug":"linder-antal","status":"publish","type":"product","link":"https:\/\/uj.adatbank.ro\/lexikon\/termek\/linder-antal\/","title":{"rendered":"LINDER Antal"},"content":{"rendered":"<p>? \u2020\u00a0?: alezredes, v\u00e1rosparancsnok. \u2013 Mv. katonai parancsnoka (1848. nov.). Parancsnoks\u00e1ga al\u00e1 rendelt\u00e9k a v\u00e1ros valamennyi k\u00f6zhatalm\u00e1t. <br \/><strong>Irod.:<\/strong> Id\u0151t\u00e1r 2<\/br><\/p>\n","protected":false},"excerpt":{"rendered":"<p>? \u2020\u00a0?: alezredes, v\u00e1rosparancsnok. \u2013 Mv. katonai parancsnoka (1848. nov.). Parancsnoks\u00e1ga al\u00e1 rendelt\u00e9k a v\u00e1ros valamennyi k\u00f6zhatalm\u00e1t. Irod.: Id\u0151t\u00e1r 2<\/p>\n","protected":false},"featured_media":0,"comment_status":"open","ping_status":"closed","template":"","meta":[],"product_brand":[],"product_cat":[137],"product_tag":[],"class_list":{"0":"post-13936","1":"product","2":"type-product","3":"status-publish","5":"product_cat-maros-megyei-eletrajzi-lexikon","7":"first","8":"instock","9":"shipping-taxable","10":"product-type-simple"},"_links":{"self":[{"href":"https:\/\/uj.adatbank.ro\/lexikon\/wp-json\/wp\/v2\/product\/13936","targetHints":{"allow":["GET"]}}],"collection":[{"href":"https:\/\/uj.adatbank.ro\/lexikon\/wp-json\/wp\/v2\/product"}],"about":[{"href":"https:\/\/uj.adatbank.ro\/lexikon\/wp-json\/wp\/v2\/types\/product"}],"replies":[{"embeddable":true,"href":"https:\/\/uj.adatbank.ro\/lexikon\/wp-json\/wp\/v2\/comments?post=13936"}],"wp:attachment":[{"href":"https:\/\/uj.adatbank.ro\/lexikon\/wp-json\/wp\/v2\/media?parent=13936"}],"wp:term":[{"taxonomy":"product_brand","embeddable":true,"href":"https:\/\/uj.adatbank.ro\/lexikon\/wp-json\/wp\/v2\/product_brand?post=13936"},{"taxonomy":"product_cat","embeddable":true,"href":"https:\/\/uj.adatbank.ro\/lexikon\/wp-json\/wp\/v2\/product_cat?post=13936"},{"taxonomy":"product_tag","embeddable":true,"href":"https:\/\/uj.adatbank.ro\/lexikon\/wp-json\/wp\/v2\/product_tag?post=13936"}],"curies":[{"name":"wp","href":"https:\/\/api.w.org\/{rel}","templated":true}]}}