{"id":13944,"date":"2025-07-15T12:45:15","date_gmt":"2025-07-15T10:45:15","guid":{"rendered":"https:\/\/uj.adatbank.ro\/lexikon\/termek\/liszi-andras\/"},"modified":"2025-07-15T12:45:15","modified_gmt":"2025-07-15T10:45:15","slug":"liszi-andras","status":"publish","type":"product","link":"https:\/\/uj.adatbank.ro\/lexikon\/termek\/liszi-andras\/","title":{"rendered":"LISZI Andr\u00e1s"},"content":{"rendered":"<p>De\u00e1ki 1739. nov. 13., \u2020 Mv.,1793. szept. 2. A pl\u00e9b\u00e1niatemplom alatti lez\u00e1rt kript\u00e1ban nyugszik: jezsuita hitsz\u00f3nok, r. k. pap, tan\u00e1r. \u2013 A trencs\u00e9nyi jezsuita gimn.-ban volt nov\u00edcius (1759\u2013). Jezsuita hitsz\u00f3nok, majd tan\u00e1r \u00e9s igazgat\u00f3 a mv.-i r.k. tanod\u00e1ban (1774\u201393), r\u00e9gens a neveld\u00e9ben \u00e9s pl\u00e9b\u00e1nos az egyh\u00e1zk\u00f6zs\u00e9gben. A jezsuita rend elt\u00f6rl\u00e9se ut\u00e1n, m\u00e1r mint vil\u00e1gi pap, a kv.-i l\u00edc. nagytudom\u00e1ny\u00fa tan\u00e1rak\u00e9nt \u00e9rkezett Mv.-re \u00e9s itt nagy buzg\u00f3s\u00e1ggal, t\u00e1j\u00e9kozotts\u00e1ggal vezette a nevel\u0151h\u00e1z \u00fcgyeit. A tanod\u00e1ban, a sz\u00f3noklat \u00e9s k\u00f6lt\u00e9szet (superioris humanitatis) tan\u00e1ra, kiv\u00e1l\u00f3 eredm\u00e9nnyel \u00e9rt\u00e9kes\u00edtette tudom\u00e1nyos felk\u00e9sz\u00fclts\u00e9g\u00e9t. A kat. szemin\u00e1rium \u00e9s neveldeh\u00e1z igazgat\u00f3ja (1792\u201393). A r. k. tanoda c\u00e9ljaira 1000 frt. alap\u00edtv\u00e1nnyal j\u00e1rult. <br \/><strong>Irod.:<\/strong> Ferenczi S\u00e1ndor 2009; H\u00edres polg\u00e1rok; Id\u0151t\u00e1r 1; Jezsuita \u00e9vk.; Kr\u00f3n. F\u00fcz. (1939. 4\/9); Mv.-i R.K.okt.; R.k. okt.\u20131; R.k.okt.\u20132.P\u00e1l-Antal 2009; P\u00e1l-Antal 2013<\/br><\/p>\n","protected":false},"excerpt":{"rendered":"<p>De\u00e1ki 1739. nov. 13., \u2020 Mv.,1793. szept. 2. A pl\u00e9b\u00e1niatemplom alatti lez\u00e1rt kript\u00e1ban nyugszik: jezsuita hitsz\u00f3nok, r. k. pap, tan\u00e1r. \u2013 A trencs\u00e9nyi jezsuita gimn.-ban volt nov\u00edcius (1759\u2013). Jezsuita hitsz\u00f3nok, majd tan\u00e1r \u00e9s igazgat\u00f3 a mv.-i r.k. tanod\u00e1ban (1774\u201393), r\u00e9gens a neveld\u00e9ben \u00e9s pl\u00e9b\u00e1nos az egyh\u00e1zk\u00f6zs\u00e9gben. A jezsuita rend elt\u00f6rl\u00e9se ut\u00e1n, m\u00e1r mint vil\u00e1gi pap, [&hellip;]<\/p>\n","protected":false},"featured_media":0,"comment_status":"open","ping_status":"closed","template":"","meta":[],"product_brand":[],"product_cat":[137],"product_tag":[],"class_list":{"0":"post-13944","1":"product","2":"type-product","3":"status-publish","5":"product_cat-maros-megyei-eletrajzi-lexikon","7":"first","8":"instock","9":"shipping-taxable","10":"product-type-simple"},"_links":{"self":[{"href":"https:\/\/uj.adatbank.ro\/lexikon\/wp-json\/wp\/v2\/product\/13944","targetHints":{"allow":["GET"]}}],"collection":[{"href":"https:\/\/uj.adatbank.ro\/lexikon\/wp-json\/wp\/v2\/product"}],"about":[{"href":"https:\/\/uj.adatbank.ro\/lexikon\/wp-json\/wp\/v2\/types\/product"}],"replies":[{"embeddable":true,"href":"https:\/\/uj.adatbank.ro\/lexikon\/wp-json\/wp\/v2\/comments?post=13944"}],"wp:attachment":[{"href":"https:\/\/uj.adatbank.ro\/lexikon\/wp-json\/wp\/v2\/media?parent=13944"}],"wp:term":[{"taxonomy":"product_brand","embeddable":true,"href":"https:\/\/uj.adatbank.ro\/lexikon\/wp-json\/wp\/v2\/product_brand?post=13944"},{"taxonomy":"product_cat","embeddable":true,"href":"https:\/\/uj.adatbank.ro\/lexikon\/wp-json\/wp\/v2\/product_cat?post=13944"},{"taxonomy":"product_tag","embeddable":true,"href":"https:\/\/uj.adatbank.ro\/lexikon\/wp-json\/wp\/v2\/product_tag?post=13944"}],"curies":[{"name":"wp","href":"https:\/\/api.w.org\/{rel}","templated":true}]}}