{"id":13945,"date":"2025-07-15T12:45:18","date_gmt":"2025-07-15T10:45:18","guid":{"rendered":"https:\/\/uj.adatbank.ro\/lexikon\/termek\/liszka-edit\/"},"modified":"2025-07-15T12:45:18","modified_gmt":"2025-07-15T10:45:18","slug":"liszka-edit","status":"publish","type":"product","link":"https:\/\/uj.adatbank.ro\/lexikon\/termek\/liszka-edit\/","title":{"rendered":"LISZKA Edit"},"content":{"rendered":"<p>1923 \u2020\u00a0Mv, 1988.: tan\u00e1r. \u2013 A mv.-i volt Ref. Koll.-ban, az akkori Ranghe\u0163 Fi\u00fal\u00edc-ban, a mai Bolyai Farkas L\u00edc-ban tan\u00edtott. <br \/><strong>Irod.:<\/strong> Sk\u00f3la<\/br><\/p>\n","protected":false},"excerpt":{"rendered":"<p>1923 \u2020\u00a0Mv, 1988.: tan\u00e1r. \u2013 A mv.-i volt Ref. Koll.-ban, az akkori Ranghe\u0163 Fi\u00fal\u00edc-ban, a mai Bolyai Farkas L\u00edc-ban tan\u00edtott. Irod.: Sk\u00f3la<\/p>\n","protected":false},"featured_media":0,"comment_status":"open","ping_status":"closed","template":"","meta":[],"product_brand":[],"product_cat":[137],"product_tag":[],"class_list":{"0":"post-13945","1":"product","2":"type-product","3":"status-publish","5":"product_cat-maros-megyei-eletrajzi-lexikon","7":"first","8":"instock","9":"shipping-taxable","10":"product-type-simple"},"_links":{"self":[{"href":"https:\/\/uj.adatbank.ro\/lexikon\/wp-json\/wp\/v2\/product\/13945","targetHints":{"allow":["GET"]}}],"collection":[{"href":"https:\/\/uj.adatbank.ro\/lexikon\/wp-json\/wp\/v2\/product"}],"about":[{"href":"https:\/\/uj.adatbank.ro\/lexikon\/wp-json\/wp\/v2\/types\/product"}],"replies":[{"embeddable":true,"href":"https:\/\/uj.adatbank.ro\/lexikon\/wp-json\/wp\/v2\/comments?post=13945"}],"wp:attachment":[{"href":"https:\/\/uj.adatbank.ro\/lexikon\/wp-json\/wp\/v2\/media?parent=13945"}],"wp:term":[{"taxonomy":"product_brand","embeddable":true,"href":"https:\/\/uj.adatbank.ro\/lexikon\/wp-json\/wp\/v2\/product_brand?post=13945"},{"taxonomy":"product_cat","embeddable":true,"href":"https:\/\/uj.adatbank.ro\/lexikon\/wp-json\/wp\/v2\/product_cat?post=13945"},{"taxonomy":"product_tag","embeddable":true,"href":"https:\/\/uj.adatbank.ro\/lexikon\/wp-json\/wp\/v2\/product_tag?post=13945"}],"curies":[{"name":"wp","href":"https:\/\/api.w.org\/{rel}","templated":true}]}}