{"id":13948,"date":"2025-07-15T12:45:23","date_gmt":"2025-07-15T10:45:23","guid":{"rendered":"https:\/\/uj.adatbank.ro\/lexikon\/termek\/liszkai-mihaly\/"},"modified":"2025-07-15T12:45:23","modified_gmt":"2025-07-15T10:45:23","slug":"liszkai-mihaly","status":"publish","type":"product","link":"https:\/\/uj.adatbank.ro\/lexikon\/termek\/liszkai-mihaly\/","title":{"rendered":"LISZKAI Mih\u00e1ly"},"content":{"rendered":"<p>? \u2020\u00a0?: ref. tan\u00edt\u00f3. \u2013 Tal\u00e1n azonos azzal a Liszkai Mih\u00e1llyal, aki subscrib\u00e1lt S\u00e1rospatak\u2013Gyulafeh\u00e9rv\u00e1ron (1703), \u00e9s k\u00e9s\u0151bb visszament Magyarorsz\u00e1gra. Nagy\u00f6lyvesen (1736\u20131737) volt mester. <br \/><strong>Irod.:<\/strong> \u0150sz<\/br><\/p>\n","protected":false},"excerpt":{"rendered":"<p>? \u2020\u00a0?: ref. tan\u00edt\u00f3. \u2013 Tal\u00e1n azonos azzal a Liszkai Mih\u00e1llyal, aki subscrib\u00e1lt S\u00e1rospatak\u2013Gyulafeh\u00e9rv\u00e1ron (1703), \u00e9s k\u00e9s\u0151bb visszament Magyarorsz\u00e1gra. Nagy\u00f6lyvesen (1736\u20131737) volt mester. Irod.: \u0150sz<\/p>\n","protected":false},"featured_media":0,"comment_status":"open","ping_status":"closed","template":"","meta":[],"product_brand":[],"product_cat":[137],"product_tag":[],"class_list":{"0":"post-13948","1":"product","2":"type-product","3":"status-publish","5":"product_cat-maros-megyei-eletrajzi-lexikon","7":"first","8":"instock","9":"shipping-taxable","10":"product-type-simple"},"_links":{"self":[{"href":"https:\/\/uj.adatbank.ro\/lexikon\/wp-json\/wp\/v2\/product\/13948","targetHints":{"allow":["GET"]}}],"collection":[{"href":"https:\/\/uj.adatbank.ro\/lexikon\/wp-json\/wp\/v2\/product"}],"about":[{"href":"https:\/\/uj.adatbank.ro\/lexikon\/wp-json\/wp\/v2\/types\/product"}],"replies":[{"embeddable":true,"href":"https:\/\/uj.adatbank.ro\/lexikon\/wp-json\/wp\/v2\/comments?post=13948"}],"wp:attachment":[{"href":"https:\/\/uj.adatbank.ro\/lexikon\/wp-json\/wp\/v2\/media?parent=13948"}],"wp:term":[{"taxonomy":"product_brand","embeddable":true,"href":"https:\/\/uj.adatbank.ro\/lexikon\/wp-json\/wp\/v2\/product_brand?post=13948"},{"taxonomy":"product_cat","embeddable":true,"href":"https:\/\/uj.adatbank.ro\/lexikon\/wp-json\/wp\/v2\/product_cat?post=13948"},{"taxonomy":"product_tag","embeddable":true,"href":"https:\/\/uj.adatbank.ro\/lexikon\/wp-json\/wp\/v2\/product_tag?post=13948"}],"curies":[{"name":"wp","href":"https:\/\/api.w.org\/{rel}","templated":true}]}}