{"id":13949,"date":"2025-07-15T12:45:25","date_gmt":"2025-07-15T10:45:25","guid":{"rendered":"https:\/\/uj.adatbank.ro\/lexikon\/termek\/lisznyai-damo-kalman-alnevei-jolin-emil-damo-banfy-gyula-zeno-zavor-ors-es-borongo\/"},"modified":"2025-07-15T12:45:25","modified_gmt":"2025-07-15T10:45:25","slug":"lisznyai-damo-kalman-alnevei-jolin-emil-damo-banfy-gyula-zeno-zavor-ors-es-borongo","status":"publish","type":"product","link":"https:\/\/uj.adatbank.ro\/lexikon\/termek\/lisznyai-damo-kalman-alnevei-jolin-emil-damo-banfy-gyula-zeno-zavor-ors-es-borongo\/","title":{"rendered":"LISZNYAI DAMO K\u00e1lm\u00e1n; \u00c1lnevei: Jolin Emil, Dam\u00f3, B\u00e1nfy Gyula, Zen\u0151, Z\u00e1vor \u00d6rs \u00e9s Borong\u00f3"},"content":{"rendered":"<p>Herencs\u00e9ny, 1823. okt. 13., \u2020 Buda, 1863. febr. 12.: k\u00f6lt\u0151, \u00fcgyv\u00e9d. \u2013 Jur\u00e1tusk\u00e9nt jelen volt a pozsonyi ogy.-en, ahol megismerkedett Pet\u0151fivel is (1843).  N\u00f3gr\u00e1d vm.-ben aljegyz\u0151, t\u00f6rv\u00e9nysz\u00e9ki hivatalnok, majd t\u00e1blab\u00edr\u00f3 volt. A Pet\u0151fi megszervezte T\u00edzek T\u00e1rs.-\u00e1nak tagja (1846\u2013), a M\u00e1rczius Tizen\u00f6t\u00f6dike c. lap szerz\u0151i k\u00f6z\u00e9 tartozott. Verseit kezdve a korabeli lapok k\u00f6z\u00f6lt\u00e9k (1839\u2013). Tagja volt a Pest v\u00e1rosa r\u00e9sz\u00e9r\u0151l az uni\u00f3 \u00fcgy\u00e9ben a Kv.-on megny\u00edlt erd\u00e9lyi ogy.-re k\u00fcld\u00f6tt deleg\u00e1ci\u00f3nak (1848. m\u00e1j. 29.). Berzenczey L\u00e1szl\u00f3 korm\u00e1nybiztos seg\u00e9djek\u00e9nt f\u0151hadnagyi rangban Erd\u00e9lyben r\u00e9szt vett a Kossuth-lovagok, a k\u00e9s\u0151bbi 15. (M\u00e1ty\u00e1s) husz\u00e1rezred toborz\u00e1s\u00e1ban \u00e9s ki\u00e1ll\u00edt\u00e1s\u00e1ban (1848. j\u00fal.\u2013). Koler\u00e1ban megbetegedett (1848 \u0151sz\u00e9n), Mv.-r\u0151l m\u00e1r felgy\u00f3gyulva menek\u00fclni k\u00e9nyszer\u00fclt. Bem csapatait k\u00f6vetve visszat\u00e9rt Mv.-re (1849. jan.), a medgyesi fogad\u00f3ban tal\u00e1lkozott \u00fajra Pet\u0151fivel (1849. jan. 23.). K\u00e9s\u0151bb kiz\u00e1r\u00f3lag irodalommal foglalkozott <br \/><strong>Irod.:<\/strong> \u00daM\u00c9L<\/br><\/p>\n","protected":false},"excerpt":{"rendered":"<p>Herencs\u00e9ny, 1823. okt. 13., \u2020 Buda, 1863. febr. 12.: k\u00f6lt\u0151, \u00fcgyv\u00e9d. \u2013 Jur\u00e1tusk\u00e9nt jelen volt a pozsonyi ogy.-en, ahol megismerkedett Pet\u0151fivel is (1843). N\u00f3gr\u00e1d vm.-ben aljegyz\u0151, t\u00f6rv\u00e9nysz\u00e9ki hivatalnok, majd t\u00e1blab\u00edr\u00f3 volt. A Pet\u0151fi megszervezte T\u00edzek T\u00e1rs.-\u00e1nak tagja (1846\u2013), a M\u00e1rczius Tizen\u00f6t\u00f6dike c. lap szerz\u0151i k\u00f6z\u00e9 tartozott. Verseit kezdve a korabeli lapok k\u00f6z\u00f6lt\u00e9k (1839\u2013). Tagja volt [&hellip;]<\/p>\n","protected":false},"featured_media":0,"comment_status":"open","ping_status":"closed","template":"","meta":[],"product_brand":[],"product_cat":[137],"product_tag":[],"class_list":{"0":"post-13949","1":"product","2":"type-product","3":"status-publish","5":"product_cat-maros-megyei-eletrajzi-lexikon","7":"first","8":"instock","9":"shipping-taxable","10":"product-type-simple"},"_links":{"self":[{"href":"https:\/\/uj.adatbank.ro\/lexikon\/wp-json\/wp\/v2\/product\/13949","targetHints":{"allow":["GET"]}}],"collection":[{"href":"https:\/\/uj.adatbank.ro\/lexikon\/wp-json\/wp\/v2\/product"}],"about":[{"href":"https:\/\/uj.adatbank.ro\/lexikon\/wp-json\/wp\/v2\/types\/product"}],"replies":[{"embeddable":true,"href":"https:\/\/uj.adatbank.ro\/lexikon\/wp-json\/wp\/v2\/comments?post=13949"}],"wp:attachment":[{"href":"https:\/\/uj.adatbank.ro\/lexikon\/wp-json\/wp\/v2\/media?parent=13949"}],"wp:term":[{"taxonomy":"product_brand","embeddable":true,"href":"https:\/\/uj.adatbank.ro\/lexikon\/wp-json\/wp\/v2\/product_brand?post=13949"},{"taxonomy":"product_cat","embeddable":true,"href":"https:\/\/uj.adatbank.ro\/lexikon\/wp-json\/wp\/v2\/product_cat?post=13949"},{"taxonomy":"product_tag","embeddable":true,"href":"https:\/\/uj.adatbank.ro\/lexikon\/wp-json\/wp\/v2\/product_tag?post=13949"}],"curies":[{"name":"wp","href":"https:\/\/api.w.org\/{rel}","templated":true}]}}