{"id":13952,"date":"2025-07-15T12:45:31","date_gmt":"2025-07-15T10:45:31","guid":{"rendered":"https:\/\/uj.adatbank.ro\/lexikon\/termek\/literati-andras\/"},"modified":"2025-07-15T12:45:31","modified_gmt":"2025-07-15T10:45:31","slug":"literati-andras","status":"publish","type":"product","link":"https:\/\/uj.adatbank.ro\/lexikon\/termek\/literati-andras\/","title":{"rendered":"LITER\u00c1TI Andr\u00e1s"},"content":{"rendered":"<p>? \u2020 ?: jegyz\u0151. \u2013 Kancell\u00e1riai jegyz\u0151 nemeslevelet \u00e9s marosszeredai h\u00e1z\u00e1ra ad\u00f3mentess\u00e9get nyert (1602. j\u00fan. 2.). <br \/><strong>Irod.:<\/strong> P\u00e1lmay<\/br><\/p>\n","protected":false},"excerpt":{"rendered":"<p>? \u2020 ?: jegyz\u0151. \u2013 Kancell\u00e1riai jegyz\u0151 nemeslevelet \u00e9s marosszeredai h\u00e1z\u00e1ra ad\u00f3mentess\u00e9get nyert (1602. j\u00fan. 2.). Irod.: P\u00e1lmay<\/p>\n","protected":false},"featured_media":0,"comment_status":"open","ping_status":"closed","template":"","meta":[],"product_brand":[],"product_cat":[137],"product_tag":[],"class_list":{"0":"post-13952","1":"product","2":"type-product","3":"status-publish","5":"product_cat-maros-megyei-eletrajzi-lexikon","7":"first","8":"instock","9":"shipping-taxable","10":"product-type-simple"},"_links":{"self":[{"href":"https:\/\/uj.adatbank.ro\/lexikon\/wp-json\/wp\/v2\/product\/13952","targetHints":{"allow":["GET"]}}],"collection":[{"href":"https:\/\/uj.adatbank.ro\/lexikon\/wp-json\/wp\/v2\/product"}],"about":[{"href":"https:\/\/uj.adatbank.ro\/lexikon\/wp-json\/wp\/v2\/types\/product"}],"replies":[{"embeddable":true,"href":"https:\/\/uj.adatbank.ro\/lexikon\/wp-json\/wp\/v2\/comments?post=13952"}],"wp:attachment":[{"href":"https:\/\/uj.adatbank.ro\/lexikon\/wp-json\/wp\/v2\/media?parent=13952"}],"wp:term":[{"taxonomy":"product_brand","embeddable":true,"href":"https:\/\/uj.adatbank.ro\/lexikon\/wp-json\/wp\/v2\/product_brand?post=13952"},{"taxonomy":"product_cat","embeddable":true,"href":"https:\/\/uj.adatbank.ro\/lexikon\/wp-json\/wp\/v2\/product_cat?post=13952"},{"taxonomy":"product_tag","embeddable":true,"href":"https:\/\/uj.adatbank.ro\/lexikon\/wp-json\/wp\/v2\/product_tag?post=13952"}],"curies":[{"name":"wp","href":"https:\/\/api.w.org\/{rel}","templated":true}]}}