{"id":13963,"date":"2025-07-15T12:45:54","date_gmt":"2025-07-15T10:45:54","guid":{"rendered":"https:\/\/uj.adatbank.ro\/lexikon\/termek\/lob-jakab-%c2%a7\/"},"modified":"2025-07-15T12:45:54","modified_gmt":"2025-07-15T10:45:54","slug":"lob-jakab-%c2%a7","status":"publish","type":"product","link":"https:\/\/uj.adatbank.ro\/lexikon\/termek\/lob-jakab-%c2%a7\/","title":{"rendered":"L\u00d6B Jakab, \u00a7"},"content":{"rendered":"<p>? \u2020 ?: keresked\u0151. \u2013 Az I. vh.-ban bevonult a 36. t\u0171z\u00e9r e.-hez (1914. aug.\u201318. nov.). Az orosz \u00e9s olasz harct\u00e9ren teljes\u00edtett arcvonalszolg\u00e1latot, mint tizedes. <strong>Kit\u00fcntet\u00e9sei:<\/strong> Ob, vas \u00e9rd. ker. a v. \u00e9. sz., K\u00e1roly cs. k. <br \/><strong>Irod.:<\/strong> M. hadviselt zsid\u00f3k<\/br><\/p>\n","protected":false},"excerpt":{"rendered":"<p>? \u2020 ?: keresked\u0151. \u2013 Az I. vh.-ban bevonult a 36. t\u0171z\u00e9r e.-hez (1914. aug.\u201318. nov.). Az orosz \u00e9s olasz harct\u00e9ren teljes\u00edtett arcvonalszolg\u00e1latot, mint tizedes. Kit\u00fcntet\u00e9sei: Ob, vas \u00e9rd. ker. a v. \u00e9. sz., K\u00e1roly cs. k. Irod.: M. hadviselt zsid\u00f3k<\/p>\n","protected":false},"featured_media":0,"comment_status":"open","ping_status":"closed","template":"","meta":[],"product_brand":[],"product_cat":[137],"product_tag":[],"class_list":{"0":"post-13963","1":"product","2":"type-product","3":"status-publish","5":"product_cat-maros-megyei-eletrajzi-lexikon","7":"first","8":"instock","9":"shipping-taxable","10":"product-type-simple"},"_links":{"self":[{"href":"https:\/\/uj.adatbank.ro\/lexikon\/wp-json\/wp\/v2\/product\/13963","targetHints":{"allow":["GET"]}}],"collection":[{"href":"https:\/\/uj.adatbank.ro\/lexikon\/wp-json\/wp\/v2\/product"}],"about":[{"href":"https:\/\/uj.adatbank.ro\/lexikon\/wp-json\/wp\/v2\/types\/product"}],"replies":[{"embeddable":true,"href":"https:\/\/uj.adatbank.ro\/lexikon\/wp-json\/wp\/v2\/comments?post=13963"}],"wp:attachment":[{"href":"https:\/\/uj.adatbank.ro\/lexikon\/wp-json\/wp\/v2\/media?parent=13963"}],"wp:term":[{"taxonomy":"product_brand","embeddable":true,"href":"https:\/\/uj.adatbank.ro\/lexikon\/wp-json\/wp\/v2\/product_brand?post=13963"},{"taxonomy":"product_cat","embeddable":true,"href":"https:\/\/uj.adatbank.ro\/lexikon\/wp-json\/wp\/v2\/product_cat?post=13963"},{"taxonomy":"product_tag","embeddable":true,"href":"https:\/\/uj.adatbank.ro\/lexikon\/wp-json\/wp\/v2\/product_tag?post=13963"}],"curies":[{"name":"wp","href":"https:\/\/api.w.org\/{rel}","templated":true}]}}