{"id":13970,"date":"2025-07-15T12:46:08","date_gmt":"2025-07-15T10:46:08","guid":{"rendered":"https:\/\/uj.adatbank.ro\/lexikon\/termek\/locsei-spielenberg-samuel-locsey-spielenberg-samuel\/"},"modified":"2025-07-15T12:46:08","modified_gmt":"2025-07-15T10:46:08","slug":"locsei-spielenberg-samuel-locsey-spielenberg-samuel","status":"publish","type":"product","link":"https:\/\/uj.adatbank.ro\/lexikon\/termek\/locsei-spielenberg-samuel-locsey-spielenberg-samuel\/","title":{"rendered":"L\u0150CSEI SPIELENBERG S\u00e1muel, L\u0151csey Spielenberg S\u00e1muel"},"content":{"rendered":"<p>? \u2020 ? : k\u00f6nyvk\u00f6t\u0151, nyomd\u00e1sz, keresked\u0151. Valamelyik felmen\u0151je, tal\u00e1n az apja ker\u00fclt L\u0151cs\u00e9r\u0151l Erd\u00e9lybe. Fiai: S\u00e1muel, Zsigmond, Lajos \u00e9s L\u00e1szl\u00f3. \u2013 Nagyenyeden tanult (1763). Kv-on k\u00f6nyvk\u00f6t\u0151k\u00e9nt dolgozotf, Mv.-re k\u00f6lt\u00f6z\u00f6tt \u00e9s k\u00f6nyk\u00f6t\u0151 m\u0171helyt \u00e9s k\u00f6nyvkeresked\u00e9st nyitott (1797). A Ref. Koll. Nyomd\u00e1j\u00e1nak vezet\u0151je, b\u00e9rl\u0151je (1830 k.). Mv.-en a legkor\u00e1bbi ismert v\u00e1llalkoz\u00f3, aki m\u00e1r boltban is \u00e1rulta k\u00f6nyveit. Nem csak saj\u00e1t k\u00f6nyveit \u00e1rulta, hanem bizom\u00e1nyba is kapott Kolozsv\u00e1rr\u00f3l, Pestr\u00f4l, B\u00e9csb\u00f4l, Nagyszebenb\u00f4l, Brass\u00f3b\u00f3l, Pozsonyb\u00f3l k\u00f6teteket forgalmaz\u00e1s v\u00e9gett. <br \/><strong>Irod.:<\/strong> Sebesty\u00e9n Mih\u00e1ly: Aj\u00e1nl\u00f3lev\u00e9l a M\u00fazs\u00e1khoz (N\u00fa, M\u00fazsa 509 sz. 2001. dec.8)<\/br><\/p>\n","protected":false},"excerpt":{"rendered":"<p>? \u2020 ? : k\u00f6nyvk\u00f6t\u0151, nyomd\u00e1sz, keresked\u0151. Valamelyik felmen\u0151je, tal\u00e1n az apja ker\u00fclt L\u0151cs\u00e9r\u0151l Erd\u00e9lybe. Fiai: S\u00e1muel, Zsigmond, Lajos \u00e9s L\u00e1szl\u00f3. \u2013 Nagyenyeden tanult (1763). Kv-on k\u00f6nyvk\u00f6t\u0151k\u00e9nt dolgozotf, Mv.-re k\u00f6lt\u00f6z\u00f6tt \u00e9s k\u00f6nyk\u00f6t\u0151 m\u0171helyt \u00e9s k\u00f6nyvkeresked\u00e9st nyitott (1797). A Ref. Koll. Nyomd\u00e1j\u00e1nak vezet\u0151je, b\u00e9rl\u0151je (1830 k.). Mv.-en a legkor\u00e1bbi ismert v\u00e1llalkoz\u00f3, aki m\u00e1r boltban is \u00e1rulta [&hellip;]<\/p>\n","protected":false},"featured_media":0,"comment_status":"open","ping_status":"closed","template":"","meta":[],"product_brand":[],"product_cat":[137],"product_tag":[],"class_list":{"0":"post-13970","1":"product","2":"type-product","3":"status-publish","5":"product_cat-maros-megyei-eletrajzi-lexikon","7":"first","8":"instock","9":"shipping-taxable","10":"product-type-simple"},"_links":{"self":[{"href":"https:\/\/uj.adatbank.ro\/lexikon\/wp-json\/wp\/v2\/product\/13970","targetHints":{"allow":["GET"]}}],"collection":[{"href":"https:\/\/uj.adatbank.ro\/lexikon\/wp-json\/wp\/v2\/product"}],"about":[{"href":"https:\/\/uj.adatbank.ro\/lexikon\/wp-json\/wp\/v2\/types\/product"}],"replies":[{"embeddable":true,"href":"https:\/\/uj.adatbank.ro\/lexikon\/wp-json\/wp\/v2\/comments?post=13970"}],"wp:attachment":[{"href":"https:\/\/uj.adatbank.ro\/lexikon\/wp-json\/wp\/v2\/media?parent=13970"}],"wp:term":[{"taxonomy":"product_brand","embeddable":true,"href":"https:\/\/uj.adatbank.ro\/lexikon\/wp-json\/wp\/v2\/product_brand?post=13970"},{"taxonomy":"product_cat","embeddable":true,"href":"https:\/\/uj.adatbank.ro\/lexikon\/wp-json\/wp\/v2\/product_cat?post=13970"},{"taxonomy":"product_tag","embeddable":true,"href":"https:\/\/uj.adatbank.ro\/lexikon\/wp-json\/wp\/v2\/product_tag?post=13970"}],"curies":[{"name":"wp","href":"https:\/\/api.w.org\/{rel}","templated":true}]}}