{"id":13971,"date":"2025-07-15T12:46:10","date_gmt":"2025-07-15T10:46:10","guid":{"rendered":"https:\/\/uj.adatbank.ro\/lexikon\/termek\/locsei-spielenberg-sandor\/"},"modified":"2025-07-15T12:46:10","modified_gmt":"2025-07-15T10:46:10","slug":"locsei-spielenberg-sandor","status":"publish","type":"product","link":"https:\/\/uj.adatbank.ro\/lexikon\/termek\/locsei-spielenberg-sandor\/","title":{"rendered":"L\u0150CSEI SPIELENBERG S\u00e1ndor"},"content":{"rendered":"<p>Mv., 1821.,\u2020 Mv., 1878. dec. 23.: k\u00f6nyvk\u00f6t\u0151, k\u00f6nyvkiad\u00f3. \u2013 Apja: L. S. L\u00e1szl\u00f3. Feles\u00e9ge: Dab\u00f3czi \u00c1gnes (1825.? \u2020 Mv., 1881. m\u00e1j. 19.). Fi\u00fak: L. Imre, feles\u00e9ge Sz\u00e9kely Anna. \u2013 Mv.-en k\u00f6nyvk\u00f6t\u0151, a V\u00e1rtemplom toronygombirata is eml\u00edtette (1822). Folytatta a Sz\u00e9kely Napt\u00e1r kiad\u00e1s\u00e1t (1850\u201378). Kiadta a Debreceni ABC-t (1858). <br \/><strong>Irod.:<\/strong> Dankanits \u00c1d\u00e1m: Egy v\u00e1s\u00e1rhelyi kalend\u00e1rium \u00e9s tanuls\u00e1gai (K\u00f6nyvt\u00e1ri Szemle, 4. sz., 1971); Gy\u00e1szjelent\u0151; Keszeg; Koncz J.; Popt\u0103ma\u015f\u2013M\u00f3zes; Szinnyei; Tr\u00f3cs\u00e1nyi Zolt\u00e1n: M. r\u00e9gis\u00e9gek \u00e9s furcsas\u00e1gok (Bp., s.a.)<\/br><\/p>\n","protected":false},"excerpt":{"rendered":"<p>Mv., 1821.,\u2020 Mv., 1878. dec. 23.: k\u00f6nyvk\u00f6t\u0151, k\u00f6nyvkiad\u00f3. \u2013 Apja: L. S. L\u00e1szl\u00f3. Feles\u00e9ge: Dab\u00f3czi \u00c1gnes (1825.? \u2020 Mv., 1881. m\u00e1j. 19.). Fi\u00fak: L. Imre, feles\u00e9ge Sz\u00e9kely Anna. \u2013 Mv.-en k\u00f6nyvk\u00f6t\u0151, a V\u00e1rtemplom toronygombirata is eml\u00edtette (1822). Folytatta a Sz\u00e9kely Napt\u00e1r kiad\u00e1s\u00e1t (1850\u201378). Kiadta a Debreceni ABC-t (1858). Irod.: Dankanits \u00c1d\u00e1m: Egy v\u00e1s\u00e1rhelyi kalend\u00e1rium \u00e9s [&hellip;]<\/p>\n","protected":false},"featured_media":0,"comment_status":"open","ping_status":"closed","template":"","meta":[],"product_brand":[],"product_cat":[137],"product_tag":[],"class_list":{"0":"post-13971","1":"product","2":"type-product","3":"status-publish","5":"product_cat-maros-megyei-eletrajzi-lexikon","7":"first","8":"instock","9":"shipping-taxable","10":"product-type-simple"},"_links":{"self":[{"href":"https:\/\/uj.adatbank.ro\/lexikon\/wp-json\/wp\/v2\/product\/13971","targetHints":{"allow":["GET"]}}],"collection":[{"href":"https:\/\/uj.adatbank.ro\/lexikon\/wp-json\/wp\/v2\/product"}],"about":[{"href":"https:\/\/uj.adatbank.ro\/lexikon\/wp-json\/wp\/v2\/types\/product"}],"replies":[{"embeddable":true,"href":"https:\/\/uj.adatbank.ro\/lexikon\/wp-json\/wp\/v2\/comments?post=13971"}],"wp:attachment":[{"href":"https:\/\/uj.adatbank.ro\/lexikon\/wp-json\/wp\/v2\/media?parent=13971"}],"wp:term":[{"taxonomy":"product_brand","embeddable":true,"href":"https:\/\/uj.adatbank.ro\/lexikon\/wp-json\/wp\/v2\/product_brand?post=13971"},{"taxonomy":"product_cat","embeddable":true,"href":"https:\/\/uj.adatbank.ro\/lexikon\/wp-json\/wp\/v2\/product_cat?post=13971"},{"taxonomy":"product_tag","embeddable":true,"href":"https:\/\/uj.adatbank.ro\/lexikon\/wp-json\/wp\/v2\/product_tag?post=13971"}],"curies":[{"name":"wp","href":"https:\/\/api.w.org\/{rel}","templated":true}]}}