{"id":13972,"date":"2025-07-15T12:46:12","date_gmt":"2025-07-15T10:46:12","guid":{"rendered":"https:\/\/uj.adatbank.ro\/lexikon\/termek\/loga-ion-simion\/"},"modified":"2025-07-15T12:46:12","modified_gmt":"2025-07-15T10:46:12","slug":"loga-ion-simion","status":"publish","type":"product","link":"https:\/\/uj.adatbank.ro\/lexikon\/termek\/loga-ion-simion\/","title":{"rendered":"LOGA Ion Simion"},"content":{"rendered":"<p>1954., \u2020 Mv., 2002. dec. 30.: \u00e9nekes. \u2013 Gyulafeh\u00e9rv\u00e1ron \u00e9retts\u00e9gizett. A mv.-i Filharm\u00f3nia k\u00f3rus\u00e1nak tenor sz\u00f3lam\u00e1ban \u00e9nekelt. Sz\u00f3listak\u00e9nt is fell\u00e9pett operettekben. Megtanult magyarul, hogy operettm\u0171sorokban Marton Ir\u00e9nnal l\u00e9phessen fel. <br \/><strong>Irod.:<\/strong> [Nekrol\u00f3g] (N\u00fa., 2002. dec. 31.); inf. Elekes M\u00e1rta zenetan\u00e1rn\u0151t\u0151l<\/br><\/p>\n","protected":false},"excerpt":{"rendered":"<p>1954., \u2020 Mv., 2002. dec. 30.: \u00e9nekes. \u2013 Gyulafeh\u00e9rv\u00e1ron \u00e9retts\u00e9gizett. A mv.-i Filharm\u00f3nia k\u00f3rus\u00e1nak tenor sz\u00f3lam\u00e1ban \u00e9nekelt. Sz\u00f3listak\u00e9nt is fell\u00e9pett operettekben. Megtanult magyarul, hogy operettm\u0171sorokban Marton Ir\u00e9nnal l\u00e9phessen fel. Irod.: [Nekrol\u00f3g] (N\u00fa., 2002. dec. 31.); inf. Elekes M\u00e1rta zenetan\u00e1rn\u0151t\u0151l<\/p>\n","protected":false},"featured_media":0,"comment_status":"open","ping_status":"closed","template":"","meta":[],"product_brand":[],"product_cat":[137],"product_tag":[],"class_list":{"0":"post-13972","1":"product","2":"type-product","3":"status-publish","5":"product_cat-maros-megyei-eletrajzi-lexikon","7":"first","8":"instock","9":"shipping-taxable","10":"product-type-simple"},"_links":{"self":[{"href":"https:\/\/uj.adatbank.ro\/lexikon\/wp-json\/wp\/v2\/product\/13972","targetHints":{"allow":["GET"]}}],"collection":[{"href":"https:\/\/uj.adatbank.ro\/lexikon\/wp-json\/wp\/v2\/product"}],"about":[{"href":"https:\/\/uj.adatbank.ro\/lexikon\/wp-json\/wp\/v2\/types\/product"}],"replies":[{"embeddable":true,"href":"https:\/\/uj.adatbank.ro\/lexikon\/wp-json\/wp\/v2\/comments?post=13972"}],"wp:attachment":[{"href":"https:\/\/uj.adatbank.ro\/lexikon\/wp-json\/wp\/v2\/media?parent=13972"}],"wp:term":[{"taxonomy":"product_brand","embeddable":true,"href":"https:\/\/uj.adatbank.ro\/lexikon\/wp-json\/wp\/v2\/product_brand?post=13972"},{"taxonomy":"product_cat","embeddable":true,"href":"https:\/\/uj.adatbank.ro\/lexikon\/wp-json\/wp\/v2\/product_cat?post=13972"},{"taxonomy":"product_tag","embeddable":true,"href":"https:\/\/uj.adatbank.ro\/lexikon\/wp-json\/wp\/v2\/product_tag?post=13972"}],"curies":[{"name":"wp","href":"https:\/\/api.w.org\/{rel}","templated":true}]}}