{"id":13973,"date":"2025-07-15T12:46:14","date_gmt":"2025-07-15T10:46:14","guid":{"rendered":"https:\/\/uj.adatbank.ro\/lexikon\/termek\/logothetti-oresztes-gr\/"},"modified":"2025-07-15T12:46:14","modified_gmt":"2025-07-15T10:46:14","slug":"logothetti-oresztes-gr","status":"publish","type":"product","link":"https:\/\/uj.adatbank.ro\/lexikon\/termek\/logothetti-oresztes-gr\/","title":{"rendered":"LOGOTHETTI Oresztes, gr."},"content":{"rendered":"<p>?, \u2020\u00a0?\u00a0: dr f\u00f6ldbirtokos. \u2013 Kv.-on h\u0151isp\u00e1ni tik\u00e1r. EKE eln\u00f6k (1929\u2013). Az \u00e1llamos\u00edt\u00e1s ut\u00e1n vir\u00e1g\u00fczleti kifut\u00f3 Mv.-en. <br \/><strong>Irod.:<\/strong> Mik\u00f3<\/br><\/p>\n","protected":false},"excerpt":{"rendered":"<p>?, \u2020\u00a0?\u00a0: dr f\u00f6ldbirtokos. \u2013 Kv.-on h\u0151isp\u00e1ni tik\u00e1r. EKE eln\u00f6k (1929\u2013). Az \u00e1llamos\u00edt\u00e1s ut\u00e1n vir\u00e1g\u00fczleti kifut\u00f3 Mv.-en. Irod.: Mik\u00f3<\/p>\n","protected":false},"featured_media":0,"comment_status":"open","ping_status":"closed","template":"","meta":[],"product_brand":[],"product_cat":[137],"product_tag":[],"class_list":{"0":"post-13973","1":"product","2":"type-product","3":"status-publish","5":"product_cat-maros-megyei-eletrajzi-lexikon","7":"first","8":"instock","9":"shipping-taxable","10":"product-type-simple"},"_links":{"self":[{"href":"https:\/\/uj.adatbank.ro\/lexikon\/wp-json\/wp\/v2\/product\/13973","targetHints":{"allow":["GET"]}}],"collection":[{"href":"https:\/\/uj.adatbank.ro\/lexikon\/wp-json\/wp\/v2\/product"}],"about":[{"href":"https:\/\/uj.adatbank.ro\/lexikon\/wp-json\/wp\/v2\/types\/product"}],"replies":[{"embeddable":true,"href":"https:\/\/uj.adatbank.ro\/lexikon\/wp-json\/wp\/v2\/comments?post=13973"}],"wp:attachment":[{"href":"https:\/\/uj.adatbank.ro\/lexikon\/wp-json\/wp\/v2\/media?parent=13973"}],"wp:term":[{"taxonomy":"product_brand","embeddable":true,"href":"https:\/\/uj.adatbank.ro\/lexikon\/wp-json\/wp\/v2\/product_brand?post=13973"},{"taxonomy":"product_cat","embeddable":true,"href":"https:\/\/uj.adatbank.ro\/lexikon\/wp-json\/wp\/v2\/product_cat?post=13973"},{"taxonomy":"product_tag","embeddable":true,"href":"https:\/\/uj.adatbank.ro\/lexikon\/wp-json\/wp\/v2\/product_tag?post=13973"}],"curies":[{"name":"wp","href":"https:\/\/api.w.org\/{rel}","templated":true}]}}