{"id":13974,"date":"2025-07-15T12:46:16","date_gmt":"2025-07-15T10:46:16","guid":{"rendered":"https:\/\/uj.adatbank.ro\/lexikon\/termek\/logothetti-zoltan-gr\/"},"modified":"2025-07-15T12:46:16","modified_gmt":"2025-07-15T10:46:16","slug":"logothetti-zoltan-gr","status":"publish","type":"product","link":"https:\/\/uj.adatbank.ro\/lexikon\/termek\/logothetti-zoltan-gr\/","title":{"rendered":"LOGOTHETTI Zolt\u00e1n, gr."},"content":{"rendered":"<p>Linz, 1915. j\u00fan. 17., \u2020\u00a0Mv., 1991. j\u00fal. 29.: f\u00f6ldbirtokos. \u2013 A Mez\u0151s\u00e9gen Pusztakamat\u00e1s mellet Katon\u00e1n \u00e9s Kv.-on voltak bittoka. Az \u00e1llamos\u00edt\u00e1s ut\u00e1n asztalos Mv.-en. <br \/><strong>Irod.:<\/strong> Gudenus; Mik\u00f3; [Nekrol\u00f3g] (N\u00fa., 1991. j\u00fal. 31.)<\/br><\/p>\n","protected":false},"excerpt":{"rendered":"<p>Linz, 1915. j\u00fan. 17., \u2020\u00a0Mv., 1991. j\u00fal. 29.: f\u00f6ldbirtokos. \u2013 A Mez\u0151s\u00e9gen Pusztakamat\u00e1s mellet Katon\u00e1n \u00e9s Kv.-on voltak bittoka. Az \u00e1llamos\u00edt\u00e1s ut\u00e1n asztalos Mv.-en. Irod.: Gudenus; Mik\u00f3; [Nekrol\u00f3g] (N\u00fa., 1991. j\u00fal. 31.)<\/p>\n","protected":false},"featured_media":0,"comment_status":"open","ping_status":"closed","template":"","meta":[],"product_brand":[],"product_cat":[137],"product_tag":[],"class_list":{"0":"post-13974","1":"product","2":"type-product","3":"status-publish","5":"product_cat-maros-megyei-eletrajzi-lexikon","7":"first","8":"instock","9":"shipping-taxable","10":"product-type-simple"},"_links":{"self":[{"href":"https:\/\/uj.adatbank.ro\/lexikon\/wp-json\/wp\/v2\/product\/13974","targetHints":{"allow":["GET"]}}],"collection":[{"href":"https:\/\/uj.adatbank.ro\/lexikon\/wp-json\/wp\/v2\/product"}],"about":[{"href":"https:\/\/uj.adatbank.ro\/lexikon\/wp-json\/wp\/v2\/types\/product"}],"replies":[{"embeddable":true,"href":"https:\/\/uj.adatbank.ro\/lexikon\/wp-json\/wp\/v2\/comments?post=13974"}],"wp:attachment":[{"href":"https:\/\/uj.adatbank.ro\/lexikon\/wp-json\/wp\/v2\/media?parent=13974"}],"wp:term":[{"taxonomy":"product_brand","embeddable":true,"href":"https:\/\/uj.adatbank.ro\/lexikon\/wp-json\/wp\/v2\/product_brand?post=13974"},{"taxonomy":"product_cat","embeddable":true,"href":"https:\/\/uj.adatbank.ro\/lexikon\/wp-json\/wp\/v2\/product_cat?post=13974"},{"taxonomy":"product_tag","embeddable":true,"href":"https:\/\/uj.adatbank.ro\/lexikon\/wp-json\/wp\/v2\/product_tag?post=13974"}],"curies":[{"name":"wp","href":"https:\/\/api.w.org\/{rel}","templated":true}]}}