{"id":13975,"date":"2025-07-15T12:46:18","date_gmt":"2025-07-15T10:46:18","guid":{"rendered":"https:\/\/uj.adatbank.ro\/lexikon\/termek\/lohinszky-lorand-rudolf\/"},"modified":"2025-07-15T12:46:18","modified_gmt":"2025-07-15T10:46:18","slug":"lohinszky-lorand-rudolf","status":"publish","type":"product","link":"https:\/\/uj.adatbank.ro\/lexikon\/termek\/lohinszky-lorand-rudolf\/","title":{"rendered":"LOHINSZKY Lor\u00e1nd Rudolf"},"content":{"rendered":"<p>Kv.,1924.j\u00fal.25.,\u2020\u00a0Mv.,2013. j\u00fan.22.:sz\u00ednm\u0171v\u00e9sz, egyetemi tan\u00e1r. \u2013 L.J\u00f3zsef \u00e9s Illy\u00e9s Margit fia. Feles\u00e9ge:Farkas Ibolya, sz\u00ednm\u0171v\u00e9sz.Le\u00e1nyuk J\u00falia (1958) orvos. \u2013 Kv.-on v\u00e9gzett a SZISZI hallgat\u00f3jak\u00e9nt (1950). A mv.-i Sz\u00e9kely Sz\u00ednh\u00e1z, ami majd az \u00c1llami Sz\u00ednh\u00e1z n\u00e9ven m\u0171k\u00f6d\u0151tt, neves sz\u00edn\u00e9sze (1950\u20131990). P\u00e1rhuzamosan a mv.-i Szentgy\u00f6rgyi Istv\u00e1n Sz\u00ednm\u0171v\u00e9szeti Int\u00e9zet el\u0151ad\u00f3tan\u00e1ra.Az RSZK III. \u00e9rdemrendje (1957); \u00c9rdemes m\u0171v\u00e9sz (1964); kult. \u00e9rdemrend II. fok. (1968); A.T.M.-d\u00edj (1976); az EMKE Kov\u00e1cs Gy\u00f6rgy-d\u00edja (1992); Brass\u00f3i nemzetk\u00f6zi fesztiv\u00e1l k\u00fcl\u00f6nd\u00edja (1995); kisv\u00e1rdai Hat\u00e1ron T\u00fali Sz\u00ednh\u00e1zak Fesztiv\u00e1lja legjobb f\u00e9rfialak\u00edt\u00e1s\u00e1nak d\u00edja (1995), a Magyar K\u00f6zt\u00e1rsas\u00e1g Tiszti Keresztje (1995), Magyar M\u0171v\u00e9szet\u00e9rt d\u00edj (1995).UNITER \u00e9letm\u0171d\u00edj (2003).Tagja az EMKE-nek.A I.l. Caragiale Sz\u00ednh\u00e1z- \u00e9s Filmm\u0171v\u00e9szeti Egyetem D\u00edszdoktora (2005) \u2013 <strong>F. sz.:<\/strong> Trepljov (Csehov: Sir\u00e1ly,1951); G\u00f6rgey (Illy\u00e9s Gyula: F\u00e1klya\u00e1ng, 1954); M\u00f6bius (D\u00fcrrenmatt: Fizikusok, 1965); \u0150rnagy (\u00d6rk\u00e9ny Istv\u00e1n:T\u00f3t\u00e9k,1968); Platonov (Csehov: Platonov,1968); Bolyai Farkas (N\u00e9meth L\u00e1szl\u00f3:A k\u00e9t Bolyai,1970); Bark\u00f3 (Nagy Istv\u00e1n: \u00d6z\u00f6nv\u00edz el\u0151tt,1971); Komor\u00f3czy Jen\u0151 (Barta Lajos: Szerelem, 1974); Lucifer (Mad\u00e1ch: Az ember trag\u00e9di\u00e1ja, 1975); K\u00e1lvin (S\u00fct\u0151 Andr\u00e1s: Csillag a m\u00e1gly\u00e1n, 1976); Lear (W.Shakespeare. Lear kir\u00e1ly,1980); Farfuridi (Caragiale: Elveszett lev\u00e9l, 1981); George (E.Albee:Nem f\u00e9l\u00fcnk a farkast\u00f3l, 1985); \u00c1kos (Sz\u00e9kely J\u00e1nos:Irgalmas hazugs\u00e1g, 1989); Michael (Maugham: Sz\u00ednh\u00e1z, 1990); Man\u00f3 (S\u00fct\u0151 Andr\u00e1s: \u00c1lomkommand\u00f3,1992); (D\u00fcrrenmatt:Az \u00f6reg h\u00f6lgy l\u00e1togat\u00e1sa,1995); Mester (Bornemisza P\u00e9ter:Magyar Elektra, 1996); Szorin (Csehov:. Sir\u00e1ly,1997) <br \/><strong>Irod.:<\/strong> EMKK 2000; EMKK 2010; Tal\u00e1lkoz\u00e1sok Eur\u00f3p\u00e1val: Bornemisza P\u00e9ter T\u00e1rsas\u00e1g (1960\u20131995) (Bp.,1995)<\/br><\/p>\n","protected":false},"excerpt":{"rendered":"<p>Kv.,1924.j\u00fal.25.,\u2020\u00a0Mv.,2013. j\u00fan.22.:sz\u00ednm\u0171v\u00e9sz, egyetemi tan\u00e1r. \u2013 L.J\u00f3zsef \u00e9s Illy\u00e9s Margit fia. Feles\u00e9ge:Farkas Ibolya, sz\u00ednm\u0171v\u00e9sz.Le\u00e1nyuk J\u00falia (1958) orvos. \u2013 Kv.-on v\u00e9gzett a SZISZI hallgat\u00f3jak\u00e9nt (1950). A mv.-i Sz\u00e9kely Sz\u00ednh\u00e1z, ami majd az \u00c1llami Sz\u00ednh\u00e1z n\u00e9ven m\u0171k\u00f6d\u0151tt, neves sz\u00edn\u00e9sze (1950\u20131990). P\u00e1rhuzamosan a mv.-i Szentgy\u00f6rgyi Istv\u00e1n Sz\u00ednm\u0171v\u00e9szeti Int\u00e9zet el\u0151ad\u00f3tan\u00e1ra.Az RSZK III. \u00e9rdemrendje (1957); \u00c9rdemes m\u0171v\u00e9sz (1964); kult. \u00e9rdemrend II. [&hellip;]<\/p>\n","protected":false},"featured_media":0,"comment_status":"open","ping_status":"closed","template":"","meta":[],"product_brand":[],"product_cat":[137],"product_tag":[],"class_list":{"0":"post-13975","1":"product","2":"type-product","3":"status-publish","5":"product_cat-maros-megyei-eletrajzi-lexikon","7":"first","8":"instock","9":"shipping-taxable","10":"product-type-simple"},"_links":{"self":[{"href":"https:\/\/uj.adatbank.ro\/lexikon\/wp-json\/wp\/v2\/product\/13975","targetHints":{"allow":["GET"]}}],"collection":[{"href":"https:\/\/uj.adatbank.ro\/lexikon\/wp-json\/wp\/v2\/product"}],"about":[{"href":"https:\/\/uj.adatbank.ro\/lexikon\/wp-json\/wp\/v2\/types\/product"}],"replies":[{"embeddable":true,"href":"https:\/\/uj.adatbank.ro\/lexikon\/wp-json\/wp\/v2\/comments?post=13975"}],"wp:attachment":[{"href":"https:\/\/uj.adatbank.ro\/lexikon\/wp-json\/wp\/v2\/media?parent=13975"}],"wp:term":[{"taxonomy":"product_brand","embeddable":true,"href":"https:\/\/uj.adatbank.ro\/lexikon\/wp-json\/wp\/v2\/product_brand?post=13975"},{"taxonomy":"product_cat","embeddable":true,"href":"https:\/\/uj.adatbank.ro\/lexikon\/wp-json\/wp\/v2\/product_cat?post=13975"},{"taxonomy":"product_tag","embeddable":true,"href":"https:\/\/uj.adatbank.ro\/lexikon\/wp-json\/wp\/v2\/product_tag?post=13975"}],"curies":[{"name":"wp","href":"https:\/\/api.w.org\/{rel}","templated":true}]}}