{"id":13976,"date":"2025-07-15T12:46:19","date_gmt":"2025-07-15T10:46:19","guid":{"rendered":"https:\/\/uj.adatbank.ro\/lexikon\/termek\/lokodi-antal-gergely-p\/"},"modified":"2025-07-15T12:46:19","modified_gmt":"2025-07-15T10:46:19","slug":"lokodi-antal-gergely-p","status":"publish","type":"product","link":"https:\/\/uj.adatbank.ro\/lexikon\/termek\/lokodi-antal-gergely-p\/","title":{"rendered":"LOKODI Antal Gergely, P."},"content":{"rendered":"<p>Mikh\u00e1za, 1878. j\u00fal. 18., \u2020\u00a0?: ferences szerzetes. \u2013 Be\u00f6lt\u00f6z\u00f6tt (1895. szept. 5.), egyszer\u0171 fogadalmat (1896. szept. 5), \u00fcnnep\u00e9lyes fogadalmat tett (1899. szept. 8.), felszentelt\u00e9k (1900. dec. 9.). <br \/><strong>Irod.:<\/strong> Gy\u00f6rgy: A ferencrendiek<\/br><\/p>\n","protected":false},"excerpt":{"rendered":"<p>Mikh\u00e1za, 1878. j\u00fal. 18., \u2020\u00a0?: ferences szerzetes. \u2013 Be\u00f6lt\u00f6z\u00f6tt (1895. szept. 5.), egyszer\u0171 fogadalmat (1896. szept. 5), \u00fcnnep\u00e9lyes fogadalmat tett (1899. szept. 8.), felszentelt\u00e9k (1900. dec. 9.). Irod.: Gy\u00f6rgy: A ferencrendiek<\/p>\n","protected":false},"featured_media":0,"comment_status":"open","ping_status":"closed","template":"","meta":[],"product_brand":[],"product_cat":[137],"product_tag":[],"class_list":{"0":"post-13976","1":"product","2":"type-product","3":"status-publish","5":"product_cat-maros-megyei-eletrajzi-lexikon","7":"first","8":"instock","9":"shipping-taxable","10":"product-type-simple"},"_links":{"self":[{"href":"https:\/\/uj.adatbank.ro\/lexikon\/wp-json\/wp\/v2\/product\/13976","targetHints":{"allow":["GET"]}}],"collection":[{"href":"https:\/\/uj.adatbank.ro\/lexikon\/wp-json\/wp\/v2\/product"}],"about":[{"href":"https:\/\/uj.adatbank.ro\/lexikon\/wp-json\/wp\/v2\/types\/product"}],"replies":[{"embeddable":true,"href":"https:\/\/uj.adatbank.ro\/lexikon\/wp-json\/wp\/v2\/comments?post=13976"}],"wp:attachment":[{"href":"https:\/\/uj.adatbank.ro\/lexikon\/wp-json\/wp\/v2\/media?parent=13976"}],"wp:term":[{"taxonomy":"product_brand","embeddable":true,"href":"https:\/\/uj.adatbank.ro\/lexikon\/wp-json\/wp\/v2\/product_brand?post=13976"},{"taxonomy":"product_cat","embeddable":true,"href":"https:\/\/uj.adatbank.ro\/lexikon\/wp-json\/wp\/v2\/product_cat?post=13976"},{"taxonomy":"product_tag","embeddable":true,"href":"https:\/\/uj.adatbank.ro\/lexikon\/wp-json\/wp\/v2\/product_tag?post=13976"}],"curies":[{"name":"wp","href":"https:\/\/api.w.org\/{rel}","templated":true}]}}