{"id":13979,"date":"2025-07-15T12:46:26","date_gmt":"2025-07-15T10:46:26","guid":{"rendered":"https:\/\/uj.adatbank.ro\/lexikon\/termek\/lokodi-gyorgy-homorodszentmartoni\/"},"modified":"2025-07-15T12:46:26","modified_gmt":"2025-07-15T10:46:26","slug":"lokodi-gyorgy-homorodszentmartoni","status":"publish","type":"product","link":"https:\/\/uj.adatbank.ro\/lexikon\/termek\/lokodi-gyorgy-homorodszentmartoni\/","title":{"rendered":"LOKODI Gy\u00f6rgy, homor\u00f3dszentm\u00e1rtoni"},"content":{"rendered":"<p>1795. \u00e1pr. 10.,\u2020 Mv., 1854. m\u00e1rc. 30.: \u00fcgy\u00e9sz, a Kir. T\u00e1bla \u00fcln\u00f6ke, t\u00f6rt\u00e9netb\u00fav\u00e1r, gy\u00fcm\u00f6lcskert\u00e9sz. \u2013 Feles\u00e9ge: jobb\u00e1gytelki Bak\u00f3 \u00c1gnes (\u00f6zv.?, \u2020 Mv., 1863. m\u00e1rc. 4.). Fi\u00fak: J\u00e1nos. \u2013 A mv.-i kir. T\u00e1bl\u00e1n\u00e1l m\u0171k\u00f6d\u00f6tt (1843\u2013), kir. k\u00f6z\u00fcgyigazgat\u00f3s\u00e1gi \u00fcgy\u00e9sz. Kiv\u00e1l\u00f3 gy\u00fcm\u00f6lcstermel\u0151 \u00e9s gazdas\u00e1gi szak\u00e9rt\u0151 is volt. T\u00f6bb szakcikke jelent meg. Mag\u00e1njog, perrendszer \u00e9s korm\u00e1nyzat terjedelmes ismertet\u00e9s\u00e9t az erd\u00e9lyi els\u0151 foglal\u00e1skori \u0151ssz\u00e9kely \u00e9s \u0151smagyar nemzets\u00e9gnevek t\u00f6rt\u00e9nelmi \u00e9s etimol\u00f3giai nyomoz\u00e1s\u00e1t, Mv. v\u00e1ros t\u00f6rt\u00e9net\u00e9t, az erd\u00e9lyi vez\u00e9rek, vajd\u00e1k, alvajd\u00e1k, sz\u00e9kely isp\u00e1nok sor\u00e1t dolgozta fel. \u2013 <strong>F. m.:<\/strong> H\u00e9rosi versek, melyeket m\u00e9lt. b\u00e1r\u00f3 Losonczi gr\u00f3f B\u00e1nffi Gy\u00f6rgy \u00far neve napja alkalmatoss\u00e1g\u00e1val \u00edrt (Kv., 1816); K\u00e9ziratban maradt munk\u00e1i: A magyar k\u00f6z- \u00e9s mag\u00e1njog, perrendszer \u00e9s korm\u00e1nyzat terjedelmes ismertet\u00e9se; gy\u00fcm\u00f6lcstermeszt\u00e9si munka, mely saj\u00e1t tapasztalat\u00e1n alapult; az erd\u00e9lyi els\u0151 foglal\u00e1skori \u0151s sz\u00e9kely \u00e9s \u0151smagyar nemzets\u00e9gnevek etimol\u00f3giai \u00e9s t\u00f6rt\u00e9nelmi nyomoz\u00e1sa; Mv.- v\u00e1ros t\u00f6rt\u00e9nete; az erd\u00e9lyi vez\u00e9rek, vajd\u00e1k, alvajd\u00e1k, sz\u00e9kely isp\u00e1nok sora <br \/><strong>Irod.:<\/strong> Guly\u00e1s; Gy\u00e1szjelent\u0151; H\u00edres polg\u00e1rok; Id\u0151t\u00e1r 2; Kr\u00f3n. F\u00fcz. (1939. 4\/5); Szinnyei<\/br><\/p>\n","protected":false},"excerpt":{"rendered":"<p>1795. \u00e1pr. 10.,\u2020 Mv., 1854. m\u00e1rc. 30.: \u00fcgy\u00e9sz, a Kir. T\u00e1bla \u00fcln\u00f6ke, t\u00f6rt\u00e9netb\u00fav\u00e1r, gy\u00fcm\u00f6lcskert\u00e9sz. \u2013 Feles\u00e9ge: jobb\u00e1gytelki Bak\u00f3 \u00c1gnes (\u00f6zv.?, \u2020 Mv., 1863. m\u00e1rc. 4.). Fi\u00fak: J\u00e1nos. \u2013 A mv.-i kir. T\u00e1bl\u00e1n\u00e1l m\u0171k\u00f6d\u00f6tt (1843\u2013), kir. k\u00f6z\u00fcgyigazgat\u00f3s\u00e1gi \u00fcgy\u00e9sz. Kiv\u00e1l\u00f3 gy\u00fcm\u00f6lcstermel\u0151 \u00e9s gazdas\u00e1gi szak\u00e9rt\u0151 is volt. T\u00f6bb szakcikke jelent meg. Mag\u00e1njog, perrendszer \u00e9s korm\u00e1nyzat terjedelmes ismertet\u00e9s\u00e9t az [&hellip;]<\/p>\n","protected":false},"featured_media":0,"comment_status":"open","ping_status":"closed","template":"","meta":[],"product_brand":[],"product_cat":[137],"product_tag":[],"class_list":{"0":"post-13979","1":"product","2":"type-product","3":"status-publish","5":"product_cat-maros-megyei-eletrajzi-lexikon","7":"first","8":"instock","9":"shipping-taxable","10":"product-type-simple"},"_links":{"self":[{"href":"https:\/\/uj.adatbank.ro\/lexikon\/wp-json\/wp\/v2\/product\/13979","targetHints":{"allow":["GET"]}}],"collection":[{"href":"https:\/\/uj.adatbank.ro\/lexikon\/wp-json\/wp\/v2\/product"}],"about":[{"href":"https:\/\/uj.adatbank.ro\/lexikon\/wp-json\/wp\/v2\/types\/product"}],"replies":[{"embeddable":true,"href":"https:\/\/uj.adatbank.ro\/lexikon\/wp-json\/wp\/v2\/comments?post=13979"}],"wp:attachment":[{"href":"https:\/\/uj.adatbank.ro\/lexikon\/wp-json\/wp\/v2\/media?parent=13979"}],"wp:term":[{"taxonomy":"product_brand","embeddable":true,"href":"https:\/\/uj.adatbank.ro\/lexikon\/wp-json\/wp\/v2\/product_brand?post=13979"},{"taxonomy":"product_cat","embeddable":true,"href":"https:\/\/uj.adatbank.ro\/lexikon\/wp-json\/wp\/v2\/product_cat?post=13979"},{"taxonomy":"product_tag","embeddable":true,"href":"https:\/\/uj.adatbank.ro\/lexikon\/wp-json\/wp\/v2\/product_tag?post=13979"}],"curies":[{"name":"wp","href":"https:\/\/api.w.org\/{rel}","templated":true}]}}