{"id":13980,"date":"2025-07-15T12:46:27","date_gmt":"2025-07-15T10:46:27","guid":{"rendered":"https:\/\/uj.adatbank.ro\/lexikon\/termek\/lokodi-imre\/"},"modified":"2025-07-15T12:46:27","modified_gmt":"2025-07-15T10:46:27","slug":"lokodi-imre","status":"publish","type":"product","link":"https:\/\/uj.adatbank.ro\/lexikon\/termek\/lokodi-imre\/","title":{"rendered":"LOKODI Imre"},"content":{"rendered":"<p>1955.?, \u2020\u00a0Mv.,2021.nov.24.+.tan\u00e1r, \u00fajs\u00e1g\u00edr\u00f3. \u2013 A mv.-i helyi lapok munkat\u00e1rsa.<br \/><strong>Irod.:<\/strong> Nekrol\u00f3g (N\u00fa., 2021.dec.2.)<\/br><\/p>\n","protected":false},"excerpt":{"rendered":"<p>1955.?, \u2020\u00a0Mv.,2021.nov.24.+.tan\u00e1r, \u00fajs\u00e1g\u00edr\u00f3. \u2013 A mv.-i helyi lapok munkat\u00e1rsa.Irod.: Nekrol\u00f3g (N\u00fa., 2021.dec.2.)<\/p>\n","protected":false},"featured_media":0,"comment_status":"open","ping_status":"closed","template":"","meta":[],"product_brand":[],"product_cat":[137],"product_tag":[],"class_list":{"0":"post-13980","1":"product","2":"type-product","3":"status-publish","5":"product_cat-maros-megyei-eletrajzi-lexikon","7":"first","8":"instock","9":"shipping-taxable","10":"product-type-simple"},"_links":{"self":[{"href":"https:\/\/uj.adatbank.ro\/lexikon\/wp-json\/wp\/v2\/product\/13980","targetHints":{"allow":["GET"]}}],"collection":[{"href":"https:\/\/uj.adatbank.ro\/lexikon\/wp-json\/wp\/v2\/product"}],"about":[{"href":"https:\/\/uj.adatbank.ro\/lexikon\/wp-json\/wp\/v2\/types\/product"}],"replies":[{"embeddable":true,"href":"https:\/\/uj.adatbank.ro\/lexikon\/wp-json\/wp\/v2\/comments?post=13980"}],"wp:attachment":[{"href":"https:\/\/uj.adatbank.ro\/lexikon\/wp-json\/wp\/v2\/media?parent=13980"}],"wp:term":[{"taxonomy":"product_brand","embeddable":true,"href":"https:\/\/uj.adatbank.ro\/lexikon\/wp-json\/wp\/v2\/product_brand?post=13980"},{"taxonomy":"product_cat","embeddable":true,"href":"https:\/\/uj.adatbank.ro\/lexikon\/wp-json\/wp\/v2\/product_cat?post=13980"},{"taxonomy":"product_tag","embeddable":true,"href":"https:\/\/uj.adatbank.ro\/lexikon\/wp-json\/wp\/v2\/product_tag?post=13980"}],"curies":[{"name":"wp","href":"https:\/\/api.w.org\/{rel}","templated":true}]}}