{"id":13981,"date":"2025-07-15T12:46:29","date_gmt":"2025-07-15T10:46:29","guid":{"rendered":"https:\/\/uj.adatbank.ro\/lexikon\/termek\/lokodi-janos-homorodszentmartoni-lokody-janos\/"},"modified":"2025-07-15T12:46:29","modified_gmt":"2025-07-15T10:46:29","slug":"lokodi-janos-homorodszentmartoni-lokody-janos","status":"publish","type":"product","link":"https:\/\/uj.adatbank.ro\/lexikon\/termek\/lokodi-janos-homorodszentmartoni-lokody-janos\/","title":{"rendered":"LOKODI J\u00e1nos, homor\u00f3dszentm\u00e1rtoni Lokody J\u00e1nos"},"content":{"rendered":"<p>Kv., 1831. j\u00fan. 9., \u2020 ? : kir. t\u00e1blai hivatalnok, iroda igazgat\u00f3, f\u00f6ldbirtokos. \u2013 L. Gy\u00f6rgy \u00e9s Bak\u00f3 \u00c1gnes fia. Feles\u00e9ge: szentl\u00e9leki S\u00e1ndor Anna. Gyermekeik: Antal orvos, Anna, G\u00e9za kir. j\u00e1r\u00e1sb\u00edr\u00f3, B\u00e9la (1877.? \u2013 Mv., 1895. jan. 4.), \u00c1gnes (1867.? \u2013 Mv., 1889. jan. 22.). \u2013 Mv.-en irodaigazgat\u00f3 a mv.-i kir. t\u00f6rv\u00e9nysz\u00e9kn\u00e9l majd nyugalomban \u00e9lt u. ott. A mv.-i r. k. hitk\u00f6zs\u00e9g f\u0151gondnoka, a Mv.-i Takar\u00e9kp\u00e9nzt\u00e1r vezet\u0151s\u00e9gi tagja (1868), a Maros-Tordai Gazdas\u00e1gi Egylet titk\u00e1ra \u00e9s p\u00e9nzt\u00e1rosa.(1884\u201394). Az EMKE rendes tagja. Ki\u00e1ll\u00edt\u00e1sokat rendezett. Cikkei a Kerti Gazdas\u00e1gban (1857. a Marosv\u00e1s\u00e1rhely \u00e9s k\u00f6rny\u00e9ke gy\u00fcm\u00f6lcs\u00e9szet\u00e9t ismertette), a Hargit\u00e1ban (1872. V\u00e1zlatok a gy\u00fcm\u00f6lcsteny\u00e9szt\u00e9s k\u00f6r\u00e9b\u0151l: cikksorozat), a Sz\u00e9kelyf\u00f6ldben (1874. T\u00f6red\u00e9kek az \u00e9p\u00edt\u00e9szet t\u00f6rt\u00e9nelm\u00e9b\u0151l), az Erd\u00e9lyben (1874. K\u00e9pek a k\u00e9pz\u0151m\u0171v\u00e9szetek k\u00f6r\u00e9b\u0151l: cikksorozat), a mv.-i Erd\u00e9lyi Hirad\u00f3ban (1877. K\u00f6zlem\u00e9nyek a gy\u00fcm\u00f6lcsteny\u00e9szt\u00e9s t\u00f6rt\u00e9nelm\u00e9b\u0151l: cikksorozat), a Marosvid\u00e9kben (1877. V\u00e1zlatok a keresked\u00e9s t\u00f6rt\u00e9nelm\u00e9b\u0151l, tekintettel annak tank\u00f6r\u00e9re: cikksorozat); ezeken k\u00edv\u00fcl k\u00f6ltem\u00e9nyeket s tud\u00f3s\u00edt\u00e1sokat \u00edrt m\u00e1s lapokba (Orsz\u00e1g, Kolozsv\u00e1ri K\u00f6zl\u00f6ny, Unio, M. Polg\u00e1r). \u2013 <strong>F. m.:<\/strong> El\u0151rajz a gazdas\u00e1gi ki\u00e1ll\u00edt\u00e1sra. (Mv., 1868). <br \/><strong>Irod.:<\/strong> D\u00f3sa S\u00e1ndor; Gy\u00e1szjelent\u0151; Rugonfalvi Kiss; Szinnyei<\/br><\/p>\n","protected":false},"excerpt":{"rendered":"<p>Kv., 1831. j\u00fan. 9., \u2020 ? : kir. t\u00e1blai hivatalnok, iroda igazgat\u00f3, f\u00f6ldbirtokos. \u2013 L. Gy\u00f6rgy \u00e9s Bak\u00f3 \u00c1gnes fia. Feles\u00e9ge: szentl\u00e9leki S\u00e1ndor Anna. Gyermekeik: Antal orvos, Anna, G\u00e9za kir. j\u00e1r\u00e1sb\u00edr\u00f3, B\u00e9la (1877.? \u2013 Mv., 1895. jan. 4.), \u00c1gnes (1867.? \u2013 Mv., 1889. jan. 22.). \u2013 Mv.-en irodaigazgat\u00f3 a mv.-i kir. t\u00f6rv\u00e9nysz\u00e9kn\u00e9l majd nyugalomban \u00e9lt [&hellip;]<\/p>\n","protected":false},"featured_media":0,"comment_status":"open","ping_status":"closed","template":"","meta":[],"product_brand":[],"product_cat":[137],"product_tag":[],"class_list":{"0":"post-13981","1":"product","2":"type-product","3":"status-publish","5":"product_cat-maros-megyei-eletrajzi-lexikon","7":"first","8":"instock","9":"shipping-taxable","10":"product-type-simple"},"_links":{"self":[{"href":"https:\/\/uj.adatbank.ro\/lexikon\/wp-json\/wp\/v2\/product\/13981","targetHints":{"allow":["GET"]}}],"collection":[{"href":"https:\/\/uj.adatbank.ro\/lexikon\/wp-json\/wp\/v2\/product"}],"about":[{"href":"https:\/\/uj.adatbank.ro\/lexikon\/wp-json\/wp\/v2\/types\/product"}],"replies":[{"embeddable":true,"href":"https:\/\/uj.adatbank.ro\/lexikon\/wp-json\/wp\/v2\/comments?post=13981"}],"wp:attachment":[{"href":"https:\/\/uj.adatbank.ro\/lexikon\/wp-json\/wp\/v2\/media?parent=13981"}],"wp:term":[{"taxonomy":"product_brand","embeddable":true,"href":"https:\/\/uj.adatbank.ro\/lexikon\/wp-json\/wp\/v2\/product_brand?post=13981"},{"taxonomy":"product_cat","embeddable":true,"href":"https:\/\/uj.adatbank.ro\/lexikon\/wp-json\/wp\/v2\/product_cat?post=13981"},{"taxonomy":"product_tag","embeddable":true,"href":"https:\/\/uj.adatbank.ro\/lexikon\/wp-json\/wp\/v2\/product_tag?post=13981"}],"curies":[{"name":"wp","href":"https:\/\/api.w.org\/{rel}","templated":true}]}}