{"id":13985,"date":"2025-07-15T12:46:36","date_gmt":"2025-07-15T10:46:36","guid":{"rendered":"https:\/\/uj.adatbank.ro\/lexikon\/termek\/lokody-pal\/"},"modified":"2025-07-15T12:46:36","modified_gmt":"2025-07-15T10:46:36","slug":"lokody-pal","status":"publish","type":"product","link":"https:\/\/uj.adatbank.ro\/lexikon\/termek\/lokody-pal\/","title":{"rendered":"LOKODY P\u00e1l"},"content":{"rendered":"<p>V\u00e1rmez\u0151, 1876., \u2020\u00a0?: gazd\u00e1lkod\u00f3 \u00e9s f\u0171r\u00e9sztelep tulajdonos. \u2013 Iskol\u00e1it sz\u00fcl\u0151faluj\u00e1ban v\u00e9gezte, ut\u00e1na apja mellett gazd\u00e1lkod\u00e1st tanult \u00e9s \u00f6n\u00e1ll\u00f3 lett, amellett f\u0171r\u00e9sztelepet l\u00e9tes\u00edtett. <br \/><strong>Irod.:<\/strong> Sz\u00e9kelyf\u00f6ld \u00ed.k<\/br><\/p>\n","protected":false},"excerpt":{"rendered":"<p>V\u00e1rmez\u0151, 1876., \u2020\u00a0?: gazd\u00e1lkod\u00f3 \u00e9s f\u0171r\u00e9sztelep tulajdonos. \u2013 Iskol\u00e1it sz\u00fcl\u0151faluj\u00e1ban v\u00e9gezte, ut\u00e1na apja mellett gazd\u00e1lkod\u00e1st tanult \u00e9s \u00f6n\u00e1ll\u00f3 lett, amellett f\u0171r\u00e9sztelepet l\u00e9tes\u00edtett. Irod.: Sz\u00e9kelyf\u00f6ld \u00ed.k<\/p>\n","protected":false},"featured_media":0,"comment_status":"open","ping_status":"closed","template":"","meta":[],"product_brand":[],"product_cat":[137],"product_tag":[],"class_list":{"0":"post-13985","1":"product","2":"type-product","3":"status-publish","5":"product_cat-maros-megyei-eletrajzi-lexikon","7":"first","8":"instock","9":"shipping-taxable","10":"product-type-simple"},"_links":{"self":[{"href":"https:\/\/uj.adatbank.ro\/lexikon\/wp-json\/wp\/v2\/product\/13985","targetHints":{"allow":["GET"]}}],"collection":[{"href":"https:\/\/uj.adatbank.ro\/lexikon\/wp-json\/wp\/v2\/product"}],"about":[{"href":"https:\/\/uj.adatbank.ro\/lexikon\/wp-json\/wp\/v2\/types\/product"}],"replies":[{"embeddable":true,"href":"https:\/\/uj.adatbank.ro\/lexikon\/wp-json\/wp\/v2\/comments?post=13985"}],"wp:attachment":[{"href":"https:\/\/uj.adatbank.ro\/lexikon\/wp-json\/wp\/v2\/media?parent=13985"}],"wp:term":[{"taxonomy":"product_brand","embeddable":true,"href":"https:\/\/uj.adatbank.ro\/lexikon\/wp-json\/wp\/v2\/product_brand?post=13985"},{"taxonomy":"product_cat","embeddable":true,"href":"https:\/\/uj.adatbank.ro\/lexikon\/wp-json\/wp\/v2\/product_cat?post=13985"},{"taxonomy":"product_tag","embeddable":true,"href":"https:\/\/uj.adatbank.ro\/lexikon\/wp-json\/wp\/v2\/product_tag?post=13985"}],"curies":[{"name":"wp","href":"https:\/\/api.w.org\/{rel}","templated":true}]}}