{"id":13986,"date":"2025-07-15T12:46:38","date_gmt":"2025-07-15T10:46:38","guid":{"rendered":"https:\/\/uj.adatbank.ro\/lexikon\/termek\/lokody-pal-2\/"},"modified":"2025-07-15T12:46:38","modified_gmt":"2025-07-15T10:46:38","slug":"lokody-pal-2","status":"publish","type":"product","link":"https:\/\/uj.adatbank.ro\/lexikon\/termek\/lokody-pal-2\/","title":{"rendered":"LOKODY P\u00e1l"},"content":{"rendered":"<p>Mikh\u00e1za, 1919., \u2020\u00a0?: jog\u00e1sz, jegyz\u0151. \u2013 \u00c9desapja L. M\u00e1rton k\u00f6ztiszteletben \u00e1ll\u00f3 polg\u00e1ra volt a k\u00f6zs\u00e9gnek \u00e9s hossz\u00fa ideig mint k\u00f6zs\u00e9gi tan\u00e1csos, a falu irnoka \u00e9s mint b\u00edr\u00f3 tev\u00e9kenykedett K\u00f6z\u00e9piskol\u00e1it Sz\u00e9kelyudvarhelyen \u00e9s Cs\u00edkszered\u00e1ban, a jogot Kv.-on v\u00e9gezte. Mikh\u00e1za k\u00f6zs\u00e9gben jegyz\u0151i gyakorlatot folytatott (1940\u2013).. <br \/><strong>Irod.:<\/strong> Sz\u00e9kelyf\u00f6ld \u00ed.k<\/br><\/p>\n","protected":false},"excerpt":{"rendered":"<p>Mikh\u00e1za, 1919., \u2020\u00a0?: jog\u00e1sz, jegyz\u0151. \u2013 \u00c9desapja L. M\u00e1rton k\u00f6ztiszteletben \u00e1ll\u00f3 polg\u00e1ra volt a k\u00f6zs\u00e9gnek \u00e9s hossz\u00fa ideig mint k\u00f6zs\u00e9gi tan\u00e1csos, a falu irnoka \u00e9s mint b\u00edr\u00f3 tev\u00e9kenykedett K\u00f6z\u00e9piskol\u00e1it Sz\u00e9kelyudvarhelyen \u00e9s Cs\u00edkszered\u00e1ban, a jogot Kv.-on v\u00e9gezte. Mikh\u00e1za k\u00f6zs\u00e9gben jegyz\u0151i gyakorlatot folytatott (1940\u2013).. Irod.: Sz\u00e9kelyf\u00f6ld \u00ed.k<\/p>\n","protected":false},"featured_media":0,"comment_status":"open","ping_status":"closed","template":"","meta":[],"product_brand":[],"product_cat":[137],"product_tag":[],"class_list":{"0":"post-13986","1":"product","2":"type-product","3":"status-publish","5":"product_cat-maros-megyei-eletrajzi-lexikon","7":"first","8":"instock","9":"shipping-taxable","10":"product-type-simple"},"_links":{"self":[{"href":"https:\/\/uj.adatbank.ro\/lexikon\/wp-json\/wp\/v2\/product\/13986","targetHints":{"allow":["GET"]}}],"collection":[{"href":"https:\/\/uj.adatbank.ro\/lexikon\/wp-json\/wp\/v2\/product"}],"about":[{"href":"https:\/\/uj.adatbank.ro\/lexikon\/wp-json\/wp\/v2\/types\/product"}],"replies":[{"embeddable":true,"href":"https:\/\/uj.adatbank.ro\/lexikon\/wp-json\/wp\/v2\/comments?post=13986"}],"wp:attachment":[{"href":"https:\/\/uj.adatbank.ro\/lexikon\/wp-json\/wp\/v2\/media?parent=13986"}],"wp:term":[{"taxonomy":"product_brand","embeddable":true,"href":"https:\/\/uj.adatbank.ro\/lexikon\/wp-json\/wp\/v2\/product_brand?post=13986"},{"taxonomy":"product_cat","embeddable":true,"href":"https:\/\/uj.adatbank.ro\/lexikon\/wp-json\/wp\/v2\/product_cat?post=13986"},{"taxonomy":"product_tag","embeddable":true,"href":"https:\/\/uj.adatbank.ro\/lexikon\/wp-json\/wp\/v2\/product_tag?post=13986"}],"curies":[{"name":"wp","href":"https:\/\/api.w.org\/{rel}","templated":true}]}}