{"id":13988,"date":"2025-07-15T12:46:42","date_gmt":"2025-07-15T10:46:42","guid":{"rendered":"https:\/\/uj.adatbank.ro\/lexikon\/termek\/lolbach-kalman\/"},"modified":"2025-07-15T12:46:42","modified_gmt":"2025-07-15T10:46:42","slug":"lolbach-kalman","status":"publish","type":"product","link":"https:\/\/uj.adatbank.ro\/lexikon\/termek\/lolbach-kalman\/","title":{"rendered":"L\u00d6LBACH K\u00e1lm\u00e1n"},"content":{"rendered":"<p>1879.,\u2020 1958.: \u00e9p\u00edt\u00e9sz. \u2013 A mv.-i Mez\u0151gazdas\u00e1gi iskola \u00e9p\u00edt\u00e9s\u00e9vel b\u00edzt\u00e1k meg (1941), a K\u00f3s K\u00e1roly st\u00edlust t\u00fckr\u00f6z\u0151 tornyos \u00e9p\u00fclet \u00e9s mell\u00e9k\u00e9p\u00fcletek, valamint a Maros-g\u00e1t alatti tanyagazdas\u00e1g \u00e9p\u00fcleteinek a megtervez\u00e9s\u00e9vel \u00e9s fel\u00e9p\u00edt\u00e9s\u00e9vel. <br \/><strong>Irod.:<\/strong> Fodor S\u00e1ndor (S): Mez\u0151gazdas\u00e1gi Iskolak\u00f6zpont (N\u00fa., Sz\u00ednes Vil\u00e1g, 2007. \u00e1pr. 21.; K\u00f6zpont, 2010. febr. 17\u201313.)<\/br><\/p>\n","protected":false},"excerpt":{"rendered":"<p>1879.,\u2020 1958.: \u00e9p\u00edt\u00e9sz. \u2013 A mv.-i Mez\u0151gazdas\u00e1gi iskola \u00e9p\u00edt\u00e9s\u00e9vel b\u00edzt\u00e1k meg (1941), a K\u00f3s K\u00e1roly st\u00edlust t\u00fckr\u00f6z\u0151 tornyos \u00e9p\u00fclet \u00e9s mell\u00e9k\u00e9p\u00fcletek, valamint a Maros-g\u00e1t alatti tanyagazdas\u00e1g \u00e9p\u00fcleteinek a megtervez\u00e9s\u00e9vel \u00e9s fel\u00e9p\u00edt\u00e9s\u00e9vel. Irod.: Fodor S\u00e1ndor (S): Mez\u0151gazdas\u00e1gi Iskolak\u00f6zpont (N\u00fa., Sz\u00ednes Vil\u00e1g, 2007. \u00e1pr. 21.; K\u00f6zpont, 2010. febr. 17\u201313.)<\/p>\n","protected":false},"featured_media":0,"comment_status":"open","ping_status":"closed","template":"","meta":[],"product_brand":[],"product_cat":[137],"product_tag":[],"class_list":{"0":"post-13988","1":"product","2":"type-product","3":"status-publish","5":"product_cat-maros-megyei-eletrajzi-lexikon","7":"first","8":"instock","9":"shipping-taxable","10":"product-type-simple"},"_links":{"self":[{"href":"https:\/\/uj.adatbank.ro\/lexikon\/wp-json\/wp\/v2\/product\/13988","targetHints":{"allow":["GET"]}}],"collection":[{"href":"https:\/\/uj.adatbank.ro\/lexikon\/wp-json\/wp\/v2\/product"}],"about":[{"href":"https:\/\/uj.adatbank.ro\/lexikon\/wp-json\/wp\/v2\/types\/product"}],"replies":[{"embeddable":true,"href":"https:\/\/uj.adatbank.ro\/lexikon\/wp-json\/wp\/v2\/comments?post=13988"}],"wp:attachment":[{"href":"https:\/\/uj.adatbank.ro\/lexikon\/wp-json\/wp\/v2\/media?parent=13988"}],"wp:term":[{"taxonomy":"product_brand","embeddable":true,"href":"https:\/\/uj.adatbank.ro\/lexikon\/wp-json\/wp\/v2\/product_brand?post=13988"},{"taxonomy":"product_cat","embeddable":true,"href":"https:\/\/uj.adatbank.ro\/lexikon\/wp-json\/wp\/v2\/product_cat?post=13988"},{"taxonomy":"product_tag","embeddable":true,"href":"https:\/\/uj.adatbank.ro\/lexikon\/wp-json\/wp\/v2\/product_tag?post=13988"}],"curies":[{"name":"wp","href":"https:\/\/api.w.org\/{rel}","templated":true}]}}