{"id":13990,"date":"2025-07-15T12:46:47","date_gmt":"2025-07-15T10:46:47","guid":{"rendered":"https:\/\/uj.adatbank.ro\/lexikon\/termek\/longera-janos\/"},"modified":"2025-07-15T12:46:47","modified_gmt":"2025-07-15T10:46:47","slug":"longera-janos","status":"publish","type":"product","link":"https:\/\/uj.adatbank.ro\/lexikon\/termek\/longera-janos\/","title":{"rendered":"LONGERA J\u00e1nos"},"content":{"rendered":"<p>Erd\u0151szentgy\u00f6rgy,1893., \u2020\u00a0?\u00a0: jegyz\u0151. \u2013 K\u00f6z\u00e9piskol\u00e1it Debrecenben, a jegyz\u0151i tanfolyamot Mv.-en v\u00e9gezte el. Mint seg\u00e9djegyz\u0151 Sz\u00e9kelyhodoson kezdte, onnan Sz\u00e9kelyber\u00e9re ker\u00fclt k\u00f6rjegyz\u0151nek (1919\u2013), majd Jedden dolgozott. <br \/><strong>Irod.:<\/strong> Sz\u00e9kelyf\u00f6ld \u00ed.k<\/br><\/p>\n","protected":false},"excerpt":{"rendered":"<p>Erd\u0151szentgy\u00f6rgy,1893., \u2020\u00a0?\u00a0: jegyz\u0151. \u2013 K\u00f6z\u00e9piskol\u00e1it Debrecenben, a jegyz\u0151i tanfolyamot Mv.-en v\u00e9gezte el. Mint seg\u00e9djegyz\u0151 Sz\u00e9kelyhodoson kezdte, onnan Sz\u00e9kelyber\u00e9re ker\u00fclt k\u00f6rjegyz\u0151nek (1919\u2013), majd Jedden dolgozott. Irod.: Sz\u00e9kelyf\u00f6ld \u00ed.k<\/p>\n","protected":false},"featured_media":0,"comment_status":"open","ping_status":"closed","template":"","meta":[],"product_brand":[],"product_cat":[137],"product_tag":[],"class_list":{"0":"post-13990","1":"product","2":"type-product","3":"status-publish","5":"product_cat-maros-megyei-eletrajzi-lexikon","7":"first","8":"instock","9":"shipping-taxable","10":"product-type-simple"},"_links":{"self":[{"href":"https:\/\/uj.adatbank.ro\/lexikon\/wp-json\/wp\/v2\/product\/13990","targetHints":{"allow":["GET"]}}],"collection":[{"href":"https:\/\/uj.adatbank.ro\/lexikon\/wp-json\/wp\/v2\/product"}],"about":[{"href":"https:\/\/uj.adatbank.ro\/lexikon\/wp-json\/wp\/v2\/types\/product"}],"replies":[{"embeddable":true,"href":"https:\/\/uj.adatbank.ro\/lexikon\/wp-json\/wp\/v2\/comments?post=13990"}],"wp:attachment":[{"href":"https:\/\/uj.adatbank.ro\/lexikon\/wp-json\/wp\/v2\/media?parent=13990"}],"wp:term":[{"taxonomy":"product_brand","embeddable":true,"href":"https:\/\/uj.adatbank.ro\/lexikon\/wp-json\/wp\/v2\/product_brand?post=13990"},{"taxonomy":"product_cat","embeddable":true,"href":"https:\/\/uj.adatbank.ro\/lexikon\/wp-json\/wp\/v2\/product_cat?post=13990"},{"taxonomy":"product_tag","embeddable":true,"href":"https:\/\/uj.adatbank.ro\/lexikon\/wp-json\/wp\/v2\/product_tag?post=13990"}],"curies":[{"name":"wp","href":"https:\/\/api.w.org\/{rel}","templated":true}]}}