{"id":13993,"date":"2025-07-15T12:46:56","date_gmt":"2025-07-15T10:46:56","guid":{"rendered":"https:\/\/uj.adatbank.ro\/lexikon\/termek\/lootz-friedrich\/"},"modified":"2025-07-15T12:46:56","modified_gmt":"2025-07-15T10:46:56","slug":"lootz-friedrich","status":"publish","type":"product","link":"https:\/\/uj.adatbank.ro\/lexikon\/termek\/lootz-friedrich\/","title":{"rendered":"LOOTZ Friedrich"},"content":{"rendered":"<p>? \u2020 ?: harang\u00f6nt\u0151. \u2013 Segesv\u00e1ron \u00f6nt\u00f6tt 36 harangot (1829\u201362). <br \/><strong>Irod.:<\/strong> D\u00e1vid L\u00e1szl\u00f3: Harangok, harang\u00f6nt\u0151k (Sz\u00e9kelyf\u00f6ld, 4. sz., 1998. \u00e1pr.)<\/br><\/p>\n","protected":false},"excerpt":{"rendered":"<p>? \u2020 ?: harang\u00f6nt\u0151. \u2013 Segesv\u00e1ron \u00f6nt\u00f6tt 36 harangot (1829\u201362). Irod.: D\u00e1vid L\u00e1szl\u00f3: Harangok, harang\u00f6nt\u0151k (Sz\u00e9kelyf\u00f6ld, 4. sz., 1998. \u00e1pr.)<\/p>\n","protected":false},"featured_media":0,"comment_status":"open","ping_status":"closed","template":"","meta":[],"product_brand":[],"product_cat":[137],"product_tag":[],"class_list":{"0":"post-13993","1":"product","2":"type-product","3":"status-publish","5":"product_cat-maros-megyei-eletrajzi-lexikon","7":"first","8":"instock","9":"shipping-taxable","10":"product-type-simple"},"_links":{"self":[{"href":"https:\/\/uj.adatbank.ro\/lexikon\/wp-json\/wp\/v2\/product\/13993","targetHints":{"allow":["GET"]}}],"collection":[{"href":"https:\/\/uj.adatbank.ro\/lexikon\/wp-json\/wp\/v2\/product"}],"about":[{"href":"https:\/\/uj.adatbank.ro\/lexikon\/wp-json\/wp\/v2\/types\/product"}],"replies":[{"embeddable":true,"href":"https:\/\/uj.adatbank.ro\/lexikon\/wp-json\/wp\/v2\/comments?post=13993"}],"wp:attachment":[{"href":"https:\/\/uj.adatbank.ro\/lexikon\/wp-json\/wp\/v2\/media?parent=13993"}],"wp:term":[{"taxonomy":"product_brand","embeddable":true,"href":"https:\/\/uj.adatbank.ro\/lexikon\/wp-json\/wp\/v2\/product_brand?post=13993"},{"taxonomy":"product_cat","embeddable":true,"href":"https:\/\/uj.adatbank.ro\/lexikon\/wp-json\/wp\/v2\/product_cat?post=13993"},{"taxonomy":"product_tag","embeddable":true,"href":"https:\/\/uj.adatbank.ro\/lexikon\/wp-json\/wp\/v2\/product_tag?post=13993"}],"curies":[{"name":"wp","href":"https:\/\/api.w.org\/{rel}","templated":true}]}}