{"id":13997,"date":"2025-07-15T12:47:08","date_gmt":"2025-07-15T10:47:08","guid":{"rendered":"https:\/\/uj.adatbank.ro\/lexikon\/termek\/lorand-peter\/"},"modified":"2025-07-15T12:47:08","modified_gmt":"2025-07-15T10:47:08","slug":"lorand-peter","status":"publish","type":"product","link":"https:\/\/uj.adatbank.ro\/lexikon\/termek\/lorand-peter\/","title":{"rendered":"LOR\u00c1ND P\u00e9ter"},"content":{"rendered":"<p>? \u2020\u00a0?: sz\u00edn\u00e9sz. \u2013 A mv.i Sz\u00e9kely Sz\u00ednh\u00e1z tagja (1948\u2013). \u2013 <strong>F. sz.:<\/strong> A sbirrek parancsnoka (Ben Jonson: Volpone); Pinc\u00e9r (M\u00f3ricz Zs.: Uri muri); V\u00f6r\u00f6shaj\u00fa b\u00e1ny\u00e1sz (M. Davidoglu: B\u00e1ny\u00e1szok); K\u00f6v\u00e9r \u00far (L\u00e1szl\u00f3 Mikl\u00f3s: Illatszert\u00e1r); Komornyik (Szigligeti Ede: A csik\u00f3s), Rend\u0151rtiszt (Moliere: Szab\u00f3 Ern. Vid\u00e1m vak\u00e1ci\u00f3= Vid\u00e1m ny\u00e1ri m\u0171sor,1950). <br \/><strong>Irod.:<\/strong> Horv\u00e1th Bea; Kov\u00e1cs Levente<\/br><\/p>\n","protected":false},"excerpt":{"rendered":"<p>? \u2020\u00a0?: sz\u00edn\u00e9sz. \u2013 A mv.i Sz\u00e9kely Sz\u00ednh\u00e1z tagja (1948\u2013). \u2013 F. sz.: A sbirrek parancsnoka (Ben Jonson: Volpone); Pinc\u00e9r (M\u00f3ricz Zs.: Uri muri); V\u00f6r\u00f6shaj\u00fa b\u00e1ny\u00e1sz (M. Davidoglu: B\u00e1ny\u00e1szok); K\u00f6v\u00e9r \u00far (L\u00e1szl\u00f3 Mikl\u00f3s: Illatszert\u00e1r); Komornyik (Szigligeti Ede: A csik\u00f3s), Rend\u0151rtiszt (Moliere: Szab\u00f3 Ern. Vid\u00e1m vak\u00e1ci\u00f3= Vid\u00e1m ny\u00e1ri m\u0171sor,1950). Irod.: Horv\u00e1th Bea; Kov\u00e1cs Levente<\/p>\n","protected":false},"featured_media":0,"comment_status":"open","ping_status":"closed","template":"","meta":[],"product_brand":[],"product_cat":[137],"product_tag":[],"class_list":{"0":"post-13997","1":"product","2":"type-product","3":"status-publish","5":"product_cat-maros-megyei-eletrajzi-lexikon","7":"first","8":"instock","9":"shipping-taxable","10":"product-type-simple"},"_links":{"self":[{"href":"https:\/\/uj.adatbank.ro\/lexikon\/wp-json\/wp\/v2\/product\/13997","targetHints":{"allow":["GET"]}}],"collection":[{"href":"https:\/\/uj.adatbank.ro\/lexikon\/wp-json\/wp\/v2\/product"}],"about":[{"href":"https:\/\/uj.adatbank.ro\/lexikon\/wp-json\/wp\/v2\/types\/product"}],"replies":[{"embeddable":true,"href":"https:\/\/uj.adatbank.ro\/lexikon\/wp-json\/wp\/v2\/comments?post=13997"}],"wp:attachment":[{"href":"https:\/\/uj.adatbank.ro\/lexikon\/wp-json\/wp\/v2\/media?parent=13997"}],"wp:term":[{"taxonomy":"product_brand","embeddable":true,"href":"https:\/\/uj.adatbank.ro\/lexikon\/wp-json\/wp\/v2\/product_brand?post=13997"},{"taxonomy":"product_cat","embeddable":true,"href":"https:\/\/uj.adatbank.ro\/lexikon\/wp-json\/wp\/v2\/product_cat?post=13997"},{"taxonomy":"product_tag","embeddable":true,"href":"https:\/\/uj.adatbank.ro\/lexikon\/wp-json\/wp\/v2\/product_tag?post=13997"}],"curies":[{"name":"wp","href":"https:\/\/api.w.org\/{rel}","templated":true}]}}