{"id":13998,"date":"2025-07-15T12:47:09","date_gmt":"2025-07-15T10:47:09","guid":{"rendered":"https:\/\/uj.adatbank.ro\/lexikon\/termek\/lorant-gyorgy\/"},"modified":"2025-07-15T12:47:09","modified_gmt":"2025-07-15T10:47:09","slug":"lorant-gyorgy","status":"publish","type":"product","link":"https:\/\/uj.adatbank.ro\/lexikon\/termek\/lorant-gyorgy\/","title":{"rendered":"LOR\u00c1NT Gy\u00f6rgy"},"content":{"rendered":"<p>? \u2020 ?: sz\u00edn\u00e9sz. \u2013, A mv.-i Sz\u00e9kely Sz\u00ednh\u00e1z tagja (1946\u201347), Nagyv\u00e1radr\u00f3l szerz\u0151d\u00f6tt Mv.-re. K\u00e9s\u0151bb a Bp.-i M. \u00c1llami Operah\u00e1z tagja, 1956.ban elhagyta az orsz\u00e1got \u2013 <strong>F. sz.:<\/strong> Szu-Csong herceg (Leh\u00e1r Ferenc: A mosoly orsz\u00e1ga); Ren\u00e9 (Leh\u00e1r Ferenc: Luxemburg gr\u00f3fja); Edvin (K\u00e1lm\u00e1n Imre: A cs\u00e1rd\u00e1skir\u00e1lyn\u0151); J\u00e1nos Vit\u00e9z (Kacs\u00f3h Pongr\u00e1c: J\u00e1nos Vit\u00e9z); Barinkay S\u00e1ndor (Johann Stauss: A cig\u00e1nyb\u00e1r\u00f3); Petrov, test\u0151rtiszt (Jakobi Viktor: Sybill); Radjami, a lahomeri herceg (K\u00e1lm\u00e1n Imre: Bajad\u00e9r); Mister X (K\u00e1lm\u00e1n Imre: Cirkuszhercegn\u0151); G\u00e1bor di\u00e1k (Huszka Jen\u0151: G\u00fcl-Baba); Schubet Ferenc, zeneszerz\u0151 (Schubert- Bert\u00e9: H\u00e1rom a kisl\u00e1ny), Olinszky Julj\u00e1n gr\u00f3f (Leh\u00e1r Ferenc: A k\u00e9k mazur). <br \/><strong>Irod.:<\/strong> Horv\u00e1th Bea; Kov\u00e1cs Levente<\/br><\/p>\n","protected":false},"excerpt":{"rendered":"<p>? \u2020 ?: sz\u00edn\u00e9sz. \u2013, A mv.-i Sz\u00e9kely Sz\u00ednh\u00e1z tagja (1946\u201347), Nagyv\u00e1radr\u00f3l szerz\u0151d\u00f6tt Mv.-re. K\u00e9s\u0151bb a Bp.-i M. \u00c1llami Operah\u00e1z tagja, 1956.ban elhagyta az orsz\u00e1got \u2013 F. sz.: Szu-Csong herceg (Leh\u00e1r Ferenc: A mosoly orsz\u00e1ga); Ren\u00e9 (Leh\u00e1r Ferenc: Luxemburg gr\u00f3fja); Edvin (K\u00e1lm\u00e1n Imre: A cs\u00e1rd\u00e1skir\u00e1lyn\u0151); J\u00e1nos Vit\u00e9z (Kacs\u00f3h Pongr\u00e1c: J\u00e1nos Vit\u00e9z); Barinkay S\u00e1ndor (Johann Stauss: [&hellip;]<\/p>\n","protected":false},"featured_media":0,"comment_status":"open","ping_status":"closed","template":"","meta":[],"product_brand":[],"product_cat":[137],"product_tag":[],"class_list":{"0":"post-13998","1":"product","2":"type-product","3":"status-publish","5":"product_cat-maros-megyei-eletrajzi-lexikon","7":"first","8":"instock","9":"shipping-taxable","10":"product-type-simple"},"_links":{"self":[{"href":"https:\/\/uj.adatbank.ro\/lexikon\/wp-json\/wp\/v2\/product\/13998","targetHints":{"allow":["GET"]}}],"collection":[{"href":"https:\/\/uj.adatbank.ro\/lexikon\/wp-json\/wp\/v2\/product"}],"about":[{"href":"https:\/\/uj.adatbank.ro\/lexikon\/wp-json\/wp\/v2\/types\/product"}],"replies":[{"embeddable":true,"href":"https:\/\/uj.adatbank.ro\/lexikon\/wp-json\/wp\/v2\/comments?post=13998"}],"wp:attachment":[{"href":"https:\/\/uj.adatbank.ro\/lexikon\/wp-json\/wp\/v2\/media?parent=13998"}],"wp:term":[{"taxonomy":"product_brand","embeddable":true,"href":"https:\/\/uj.adatbank.ro\/lexikon\/wp-json\/wp\/v2\/product_brand?post=13998"},{"taxonomy":"product_cat","embeddable":true,"href":"https:\/\/uj.adatbank.ro\/lexikon\/wp-json\/wp\/v2\/product_cat?post=13998"},{"taxonomy":"product_tag","embeddable":true,"href":"https:\/\/uj.adatbank.ro\/lexikon\/wp-json\/wp\/v2\/product_tag?post=13998"}],"curies":[{"name":"wp","href":"https:\/\/api.w.org\/{rel}","templated":true}]}}