{"id":13999,"date":"2025-07-15T12:47:11","date_gmt":"2025-07-15T10:47:11","guid":{"rendered":"https:\/\/uj.adatbank.ro\/lexikon\/termek\/lorantffy-kata-lorantfi-kata-alia-samuelne\/"},"modified":"2025-07-15T12:47:11","modified_gmt":"2025-07-15T10:47:11","slug":"lorantffy-kata-lorantfi-kata-alia-samuelne","status":"publish","type":"product","link":"https:\/\/uj.adatbank.ro\/lexikon\/termek\/lorantffy-kata-lorantfi-kata-alia-samuelne\/","title":{"rendered":"LOR\u00c1NTFFY Kata, Lor\u00e1ntfi Kata, Alia S\u00e1mueln\u00e9"},"content":{"rendered":"<p>? \u2020\u00a0?: bonyhai f\u00f6ldbirtokos. \u2013 G\u00f6rg\u00e9ny v\u00e1r\u00e1t I. R\u00e1k\u00f3czi Gy\u00f6rgy fejedelemnek adta bizonyos felt\u00e9telekkel (1638. jan. 5.). \u2013 <strong>F. m.:<\/strong> <strong>antol\u00f3g.:<\/strong> Magyar h\u00f6lgyek levelei (Bp., 1879). <br \/><strong>Irod.:<\/strong> F\u00fcl\u00f6p\u2013Ferencz; Jakab<\/br><\/p>\n","protected":false},"excerpt":{"rendered":"<p>? \u2020\u00a0?: bonyhai f\u00f6ldbirtokos. \u2013 G\u00f6rg\u00e9ny v\u00e1r\u00e1t I. R\u00e1k\u00f3czi Gy\u00f6rgy fejedelemnek adta bizonyos felt\u00e9telekkel (1638. jan. 5.). \u2013 F. m.: antol\u00f3g.: Magyar h\u00f6lgyek levelei (Bp., 1879). Irod.: F\u00fcl\u00f6p\u2013Ferencz; Jakab<\/p>\n","protected":false},"featured_media":0,"comment_status":"open","ping_status":"closed","template":"","meta":[],"product_brand":[],"product_cat":[137],"product_tag":[],"class_list":{"0":"post-13999","1":"product","2":"type-product","3":"status-publish","5":"product_cat-maros-megyei-eletrajzi-lexikon","7":"first","8":"instock","9":"shipping-taxable","10":"product-type-simple"},"_links":{"self":[{"href":"https:\/\/uj.adatbank.ro\/lexikon\/wp-json\/wp\/v2\/product\/13999","targetHints":{"allow":["GET"]}}],"collection":[{"href":"https:\/\/uj.adatbank.ro\/lexikon\/wp-json\/wp\/v2\/product"}],"about":[{"href":"https:\/\/uj.adatbank.ro\/lexikon\/wp-json\/wp\/v2\/types\/product"}],"replies":[{"embeddable":true,"href":"https:\/\/uj.adatbank.ro\/lexikon\/wp-json\/wp\/v2\/comments?post=13999"}],"wp:attachment":[{"href":"https:\/\/uj.adatbank.ro\/lexikon\/wp-json\/wp\/v2\/media?parent=13999"}],"wp:term":[{"taxonomy":"product_brand","embeddable":true,"href":"https:\/\/uj.adatbank.ro\/lexikon\/wp-json\/wp\/v2\/product_brand?post=13999"},{"taxonomy":"product_cat","embeddable":true,"href":"https:\/\/uj.adatbank.ro\/lexikon\/wp-json\/wp\/v2\/product_cat?post=13999"},{"taxonomy":"product_tag","embeddable":true,"href":"https:\/\/uj.adatbank.ro\/lexikon\/wp-json\/wp\/v2\/product_tag?post=13999"}],"curies":[{"name":"wp","href":"https:\/\/api.w.org\/{rel}","templated":true}]}}