{"id":14000,"date":"2025-07-15T12:47:13","date_gmt":"2025-07-15T10:47:13","guid":{"rendered":"https:\/\/uj.adatbank.ro\/lexikon\/termek\/lorantffy-zsuzsanna-%c2%a7-i-rakoczi-gyorgyne\/"},"modified":"2025-07-15T12:47:13","modified_gmt":"2025-07-15T10:47:13","slug":"lorantffy-zsuzsanna-%c2%a7-i-rakoczi-gyorgyne","status":"publish","type":"product","link":"https:\/\/uj.adatbank.ro\/lexikon\/termek\/lorantffy-zsuzsanna-%c2%a7-i-rakoczi-gyorgyne\/","title":{"rendered":"LOR\u00c1NTFFY Zsuzsanna, \u00a7 I. R\u00e1k\u00f3czi Gy\u00f6rgyn\u00e9"},"content":{"rendered":"<p>\u00d3n\u00f3d, 1600.k.,\u2020\u00a0S\u00e1rospatak,1660. \u00e1pr.18.: I. R\u00e1k\u00f3czi Gy\u00f6rgy fejedelem feles\u00e9ge.- Gyermekei: II. R\u00e1k\u00f3czi Gy\u00f6rgy. R\u00e1k\u00f3czi Zsigmond. \u2013 Birtoka \u00e9s sz\u00e9p udvarh\u00e1za volt Mez\u0151b\u00e1ndon. Anyagi seg\u00edts\u00e9g\u00e9vel jav\u00edtott\u00e1k a magyarf\u00fclp\u00f6si k\u00f6z\u00e9pkori templom kazett\u00e1s mennyezet\u00e9t (1642). Az orvosi kezel\u00e9sekben is j\u00e1rtas volt foglalkozott szembajok \u00e9s csontt\u00f6r\u00e9sek kezel\u00e9s\u00e9vel. <br \/><strong>Irod.:<\/strong> Cserm\u00e1k Zolt\u00e1n: Meg\u00fajul\u00f3 erd\u00e9lyi templomok (N\u00fa., 2022.dec.23.); Keresztes Gyula: \u00d6r\u00f6ks\u00e9g\u00fcnk 61.: A Mez\u0151s\u00e9g udvarh\u00e1zai (N\u00fa., 1994. aug. 5.); Keresztes Gyula: Templomaink 25.: A magyarf\u00fclp\u00f6si k\u00f6z\u00e9pkori templom (N\u00fa., 1999. m\u00e1rc. 27.); Magyary-Kossa 1 k.; Maros megye; Pesty 2014<\/br><\/p>\n","protected":false},"excerpt":{"rendered":"<p>\u00d3n\u00f3d, 1600.k.,\u2020\u00a0S\u00e1rospatak,1660. \u00e1pr.18.: I. R\u00e1k\u00f3czi Gy\u00f6rgy fejedelem feles\u00e9ge.- Gyermekei: II. R\u00e1k\u00f3czi Gy\u00f6rgy. R\u00e1k\u00f3czi Zsigmond. \u2013 Birtoka \u00e9s sz\u00e9p udvarh\u00e1za volt Mez\u0151b\u00e1ndon. Anyagi seg\u00edts\u00e9g\u00e9vel jav\u00edtott\u00e1k a magyarf\u00fclp\u00f6si k\u00f6z\u00e9pkori templom kazett\u00e1s mennyezet\u00e9t (1642). Az orvosi kezel\u00e9sekben is j\u00e1rtas volt foglalkozott szembajok \u00e9s csontt\u00f6r\u00e9sek kezel\u00e9s\u00e9vel. Irod.: Cserm\u00e1k Zolt\u00e1n: Meg\u00fajul\u00f3 erd\u00e9lyi templomok (N\u00fa., 2022.dec.23.); Keresztes Gyula: \u00d6r\u00f6ks\u00e9g\u00fcnk 61.: A [&hellip;]<\/p>\n","protected":false},"featured_media":0,"comment_status":"open","ping_status":"closed","template":"","meta":[],"product_brand":[],"product_cat":[137],"product_tag":[],"class_list":{"0":"post-14000","1":"product","2":"type-product","3":"status-publish","5":"product_cat-maros-megyei-eletrajzi-lexikon","7":"first","8":"instock","9":"shipping-taxable","10":"product-type-simple"},"_links":{"self":[{"href":"https:\/\/uj.adatbank.ro\/lexikon\/wp-json\/wp\/v2\/product\/14000","targetHints":{"allow":["GET"]}}],"collection":[{"href":"https:\/\/uj.adatbank.ro\/lexikon\/wp-json\/wp\/v2\/product"}],"about":[{"href":"https:\/\/uj.adatbank.ro\/lexikon\/wp-json\/wp\/v2\/types\/product"}],"replies":[{"embeddable":true,"href":"https:\/\/uj.adatbank.ro\/lexikon\/wp-json\/wp\/v2\/comments?post=14000"}],"wp:attachment":[{"href":"https:\/\/uj.adatbank.ro\/lexikon\/wp-json\/wp\/v2\/media?parent=14000"}],"wp:term":[{"taxonomy":"product_brand","embeddable":true,"href":"https:\/\/uj.adatbank.ro\/lexikon\/wp-json\/wp\/v2\/product_brand?post=14000"},{"taxonomy":"product_cat","embeddable":true,"href":"https:\/\/uj.adatbank.ro\/lexikon\/wp-json\/wp\/v2\/product_cat?post=14000"},{"taxonomy":"product_tag","embeddable":true,"href":"https:\/\/uj.adatbank.ro\/lexikon\/wp-json\/wp\/v2\/product_tag?post=14000"}],"curies":[{"name":"wp","href":"https:\/\/api.w.org\/{rel}","templated":true}]}}