{"id":14001,"date":"2025-07-15T12:47:14","date_gmt":"2025-07-15T10:47:14","guid":{"rendered":"https:\/\/uj.adatbank.ro\/lexikon\/termek\/lorarai-istvan-p\/"},"modified":"2025-07-15T12:47:14","modified_gmt":"2025-07-15T10:47:14","slug":"lorarai-istvan-p","status":"publish","type":"product","link":"https:\/\/uj.adatbank.ro\/lexikon\/termek\/lorarai-istvan-p\/","title":{"rendered":"LORARAI Istv\u00e1n, P."},"content":{"rendered":"<p>? \u2020 G\u00f6rg\u00e9ny, 1661. jan. eltemett\u00e9k jan. 12. Mikh\u00e1z\u00e1n a templom nagy ajt\u00f3ja el\u0151tt: ferences szerzetes. \u2013 A bosny\u00e1k (bosna-argentinai) Provinci\u00e1b\u00f3l j\u00f6tt Erd\u00e9lybe (1630). Definitor (1650\u201352). A g\u00f6rg\u00e9nyi v\u00e1rban pestisben halt meg. <br \/><strong>Irod.:<\/strong> Gy\u00f6rgy: A ferencrendiek l\u00e1sd Loparai<\/br><\/p>\n","protected":false},"excerpt":{"rendered":"<p>? \u2020 G\u00f6rg\u00e9ny, 1661. jan. eltemett\u00e9k jan. 12. Mikh\u00e1z\u00e1n a templom nagy ajt\u00f3ja el\u0151tt: ferences szerzetes. \u2013 A bosny\u00e1k (bosna-argentinai) Provinci\u00e1b\u00f3l j\u00f6tt Erd\u00e9lybe (1630). Definitor (1650\u201352). A g\u00f6rg\u00e9nyi v\u00e1rban pestisben halt meg. Irod.: Gy\u00f6rgy: A ferencrendiek l\u00e1sd Loparai<\/p>\n","protected":false},"featured_media":0,"comment_status":"open","ping_status":"closed","template":"","meta":[],"product_brand":[],"product_cat":[137],"product_tag":[],"class_list":{"0":"post-14001","1":"product","2":"type-product","3":"status-publish","5":"product_cat-maros-megyei-eletrajzi-lexikon","7":"first","8":"instock","9":"shipping-taxable","10":"product-type-simple"},"_links":{"self":[{"href":"https:\/\/uj.adatbank.ro\/lexikon\/wp-json\/wp\/v2\/product\/14001","targetHints":{"allow":["GET"]}}],"collection":[{"href":"https:\/\/uj.adatbank.ro\/lexikon\/wp-json\/wp\/v2\/product"}],"about":[{"href":"https:\/\/uj.adatbank.ro\/lexikon\/wp-json\/wp\/v2\/types\/product"}],"replies":[{"embeddable":true,"href":"https:\/\/uj.adatbank.ro\/lexikon\/wp-json\/wp\/v2\/comments?post=14001"}],"wp:attachment":[{"href":"https:\/\/uj.adatbank.ro\/lexikon\/wp-json\/wp\/v2\/media?parent=14001"}],"wp:term":[{"taxonomy":"product_brand","embeddable":true,"href":"https:\/\/uj.adatbank.ro\/lexikon\/wp-json\/wp\/v2\/product_brand?post=14001"},{"taxonomy":"product_cat","embeddable":true,"href":"https:\/\/uj.adatbank.ro\/lexikon\/wp-json\/wp\/v2\/product_cat?post=14001"},{"taxonomy":"product_tag","embeddable":true,"href":"https:\/\/uj.adatbank.ro\/lexikon\/wp-json\/wp\/v2\/product_tag?post=14001"}],"curies":[{"name":"wp","href":"https:\/\/api.w.org\/{rel}","templated":true}]}}