{"id":14012,"date":"2025-07-15T12:47:36","date_gmt":"2025-07-15T10:47:36","guid":{"rendered":"https:\/\/uj.adatbank.ro\/lexikon\/termek\/lorinci-denes\/"},"modified":"2025-07-15T12:47:36","modified_gmt":"2025-07-15T10:47:36","slug":"lorinci-denes","status":"publish","type":"product","link":"https:\/\/uj.adatbank.ro\/lexikon\/termek\/lorinci-denes\/","title":{"rendered":"L\u0150RINCI D\u00e9nes"},"content":{"rendered":"<p>? \u2020\u00a0?: cs\u00f3kfalvi tan\u00edt\u00f3. \u2013 Cs\u00f3kfalvi \u00e1lt. iskolai tan\u00edt\u00f3, a MT megyei \u00c1ltal\u00e1nos Tan\u00edt\u00f3test\u00fclet kisk\u00fck\u00fcll\u0151 k\u00f6ri eln\u00f6ke (1903), megalap\u00edt\u00e1sa \u00f3ta. \u2013 <strong>F. m.:<\/strong> Marostorda megye f\u00f6ldrajza (Mv., 1911). <br \/><strong>Irod.:<\/strong> Eml\u00e9kk\u00f6nyv, F\u00fcl\u00f6p-Ferenc<\/br><\/p>\n","protected":false},"excerpt":{"rendered":"<p>? \u2020\u00a0?: cs\u00f3kfalvi tan\u00edt\u00f3. \u2013 Cs\u00f3kfalvi \u00e1lt. iskolai tan\u00edt\u00f3, a MT megyei \u00c1ltal\u00e1nos Tan\u00edt\u00f3test\u00fclet kisk\u00fck\u00fcll\u0151 k\u00f6ri eln\u00f6ke (1903), megalap\u00edt\u00e1sa \u00f3ta. \u2013 F. m.: Marostorda megye f\u00f6ldrajza (Mv., 1911). Irod.: Eml\u00e9kk\u00f6nyv, F\u00fcl\u00f6p-Ferenc<\/p>\n","protected":false},"featured_media":0,"comment_status":"open","ping_status":"closed","template":"","meta":[],"product_brand":[],"product_cat":[137],"product_tag":[],"class_list":{"0":"post-14012","1":"product","2":"type-product","3":"status-publish","5":"product_cat-maros-megyei-eletrajzi-lexikon","7":"first","8":"instock","9":"shipping-taxable","10":"product-type-simple"},"_links":{"self":[{"href":"https:\/\/uj.adatbank.ro\/lexikon\/wp-json\/wp\/v2\/product\/14012","targetHints":{"allow":["GET"]}}],"collection":[{"href":"https:\/\/uj.adatbank.ro\/lexikon\/wp-json\/wp\/v2\/product"}],"about":[{"href":"https:\/\/uj.adatbank.ro\/lexikon\/wp-json\/wp\/v2\/types\/product"}],"replies":[{"embeddable":true,"href":"https:\/\/uj.adatbank.ro\/lexikon\/wp-json\/wp\/v2\/comments?post=14012"}],"wp:attachment":[{"href":"https:\/\/uj.adatbank.ro\/lexikon\/wp-json\/wp\/v2\/media?parent=14012"}],"wp:term":[{"taxonomy":"product_brand","embeddable":true,"href":"https:\/\/uj.adatbank.ro\/lexikon\/wp-json\/wp\/v2\/product_brand?post=14012"},{"taxonomy":"product_cat","embeddable":true,"href":"https:\/\/uj.adatbank.ro\/lexikon\/wp-json\/wp\/v2\/product_cat?post=14012"},{"taxonomy":"product_tag","embeddable":true,"href":"https:\/\/uj.adatbank.ro\/lexikon\/wp-json\/wp\/v2\/product_tag?post=14012"}],"curies":[{"name":"wp","href":"https:\/\/api.w.org\/{rel}","templated":true}]}}