{"id":14014,"date":"2025-07-15T12:47:40","date_gmt":"2025-07-15T10:47:40","guid":{"rendered":"https:\/\/uj.adatbank.ro\/lexikon\/termek\/lorincz-attila\/"},"modified":"2025-07-15T12:47:40","modified_gmt":"2025-07-15T10:47:40","slug":"lorincz-attila","status":"publish","type":"product","link":"https:\/\/uj.adatbank.ro\/lexikon\/termek\/lorincz-attila\/","title":{"rendered":"L\u0150RINCZ Attila"},"content":{"rendered":"<p>Kv.,1940.,\u2020\u00a02017.:orvos.- Kv.-on a Brassai S\u00e1muel Gimn.-ban \u00e9retts\u00e9gizett (1956),\u00e9s ifj\u00fas\u00e1gi \u00fasz\u00f3bajnok..Sikeresen felv\u00e9telizett a MOGYI orvosi kar\u00e1ra \u00e9s v\u00e9gzett (1964). K\u00f6rzeti orvos egy \u00e9vet a Beszterce-Nasz\u00f3di Kisilv\u00e1n, m\u00e9g egy \u00e9vet Maros megy\u00e9ben mint igazgat\u00f3 a s\u00e1rpataki k\u00f3rh\u00e1z-otthonban. Versenyvizsga ut\u00e1n altat\u00f3-reanim\u00e1l\u00f3 egy \u00e9vig Mv.-en, szakorvos lett a Sz\u00fcl\u00e9sz-N\u0151gy\u00f3gy\u00e1szaton nyugd\u00edjaz\u00e1s\u00e1ig (2008). <br \/><strong>Irod.:<\/strong> Kiss Cs. M 4.<\/br><\/p>\n","protected":false},"excerpt":{"rendered":"<p>Kv.,1940.,\u2020\u00a02017.:orvos.- Kv.-on a Brassai S\u00e1muel Gimn.-ban \u00e9retts\u00e9gizett (1956),\u00e9s ifj\u00fas\u00e1gi \u00fasz\u00f3bajnok..Sikeresen felv\u00e9telizett a MOGYI orvosi kar\u00e1ra \u00e9s v\u00e9gzett (1964). K\u00f6rzeti orvos egy \u00e9vet a Beszterce-Nasz\u00f3di Kisilv\u00e1n, m\u00e9g egy \u00e9vet Maros megy\u00e9ben mint igazgat\u00f3 a s\u00e1rpataki k\u00f3rh\u00e1z-otthonban. Versenyvizsga ut\u00e1n altat\u00f3-reanim\u00e1l\u00f3 egy \u00e9vig Mv.-en, szakorvos lett a Sz\u00fcl\u00e9sz-N\u0151gy\u00f3gy\u00e1szaton nyugd\u00edjaz\u00e1s\u00e1ig (2008). Irod.: Kiss Cs. M 4.<\/p>\n","protected":false},"featured_media":0,"comment_status":"open","ping_status":"closed","template":"","meta":[],"product_brand":[],"product_cat":[137],"product_tag":[],"class_list":{"0":"post-14014","1":"product","2":"type-product","3":"status-publish","5":"product_cat-maros-megyei-eletrajzi-lexikon","7":"first","8":"instock","9":"shipping-taxable","10":"product-type-simple"},"_links":{"self":[{"href":"https:\/\/uj.adatbank.ro\/lexikon\/wp-json\/wp\/v2\/product\/14014","targetHints":{"allow":["GET"]}}],"collection":[{"href":"https:\/\/uj.adatbank.ro\/lexikon\/wp-json\/wp\/v2\/product"}],"about":[{"href":"https:\/\/uj.adatbank.ro\/lexikon\/wp-json\/wp\/v2\/types\/product"}],"replies":[{"embeddable":true,"href":"https:\/\/uj.adatbank.ro\/lexikon\/wp-json\/wp\/v2\/comments?post=14014"}],"wp:attachment":[{"href":"https:\/\/uj.adatbank.ro\/lexikon\/wp-json\/wp\/v2\/media?parent=14014"}],"wp:term":[{"taxonomy":"product_brand","embeddable":true,"href":"https:\/\/uj.adatbank.ro\/lexikon\/wp-json\/wp\/v2\/product_brand?post=14014"},{"taxonomy":"product_cat","embeddable":true,"href":"https:\/\/uj.adatbank.ro\/lexikon\/wp-json\/wp\/v2\/product_cat?post=14014"},{"taxonomy":"product_tag","embeddable":true,"href":"https:\/\/uj.adatbank.ro\/lexikon\/wp-json\/wp\/v2\/product_tag?post=14014"}],"curies":[{"name":"wp","href":"https:\/\/api.w.org\/{rel}","templated":true}]}}