{"id":14015,"date":"2025-07-15T12:47:43","date_gmt":"2025-07-15T10:47:43","guid":{"rendered":"https:\/\/uj.adatbank.ro\/lexikon\/termek\/lorincz-daniel\/"},"modified":"2025-07-15T12:47:43","modified_gmt":"2025-07-15T10:47:43","slug":"lorincz-daniel","status":"publish","type":"product","link":"https:\/\/uj.adatbank.ro\/lexikon\/termek\/lorincz-daniel\/","title":{"rendered":"L\u0150RINCZ D\u00e1niel"},"content":{"rendered":"<p>Korond, 1922.,\u2020 Mv., 1999. jan. 7: orvos. \u2013 Feles\u00e9ge: So\u00f3s \u00c9va (1925\u20132011). \u2013 Sz\u00fcl\u0151faluj\u00e1ban kezdte tanulm\u00e1nyait, a sz\u00e9kelykereszt\u00fari unit. gimn.-ban, a bp.-i orvosi egyetemen folytatta, a h\u00e1bor\u00fas viszonyok k\u00f6vetkezt\u00e9ben Mv.-en fejezte be. Orvosi szolg\u00e1lat\u00e1ban volt gyermekt\u00e1bori orvos, vid\u00e9ki k\u00f6rorvos, belklinikai gyakornok. A mv.-i Cukorgy\u00e1r \u00fczemorvosa \u00e9s ell\u00e1tta a h\u00fasipar, az \u00e9p\u00edtkez\u00e9si munkatelep, a keny\u00e9rgy\u00e1r dolgoz\u00f3it is, \u00e9s val\u00f3di csal\u00e1dorvos. <br \/><strong>Irod.:<\/strong> Bodolai Gy\u00f6ngyi: \u00c9des \u00e9let? Volt egyszer egy cukorgy\u00e1r (N\u00fa, 2013. jan. 31.; 2013. febr. 7.); Imreh Ern\u0151: Dr. L\u0151rincz D. (N\u00fa., 1999. jan. 13.); Kiss-P.-P.; [Nekrol\u00f3g] (N\u00fa., 1999. jan. 9.)<\/br><\/p>\n","protected":false},"excerpt":{"rendered":"<p>Korond, 1922.,\u2020 Mv., 1999. jan. 7: orvos. \u2013 Feles\u00e9ge: So\u00f3s \u00c9va (1925\u20132011). \u2013 Sz\u00fcl\u0151faluj\u00e1ban kezdte tanulm\u00e1nyait, a sz\u00e9kelykereszt\u00fari unit. gimn.-ban, a bp.-i orvosi egyetemen folytatta, a h\u00e1bor\u00fas viszonyok k\u00f6vetkezt\u00e9ben Mv.-en fejezte be. Orvosi szolg\u00e1lat\u00e1ban volt gyermekt\u00e1bori orvos, vid\u00e9ki k\u00f6rorvos, belklinikai gyakornok. A mv.-i Cukorgy\u00e1r \u00fczemorvosa \u00e9s ell\u00e1tta a h\u00fasipar, az \u00e9p\u00edtkez\u00e9si munkatelep, a keny\u00e9rgy\u00e1r dolgoz\u00f3it [&hellip;]<\/p>\n","protected":false},"featured_media":0,"comment_status":"open","ping_status":"closed","template":"","meta":[],"product_brand":[],"product_cat":[137],"product_tag":[],"class_list":{"0":"post-14015","1":"product","2":"type-product","3":"status-publish","5":"product_cat-maros-megyei-eletrajzi-lexikon","7":"first","8":"instock","9":"shipping-taxable","10":"product-type-simple"},"_links":{"self":[{"href":"https:\/\/uj.adatbank.ro\/lexikon\/wp-json\/wp\/v2\/product\/14015","targetHints":{"allow":["GET"]}}],"collection":[{"href":"https:\/\/uj.adatbank.ro\/lexikon\/wp-json\/wp\/v2\/product"}],"about":[{"href":"https:\/\/uj.adatbank.ro\/lexikon\/wp-json\/wp\/v2\/types\/product"}],"replies":[{"embeddable":true,"href":"https:\/\/uj.adatbank.ro\/lexikon\/wp-json\/wp\/v2\/comments?post=14015"}],"wp:attachment":[{"href":"https:\/\/uj.adatbank.ro\/lexikon\/wp-json\/wp\/v2\/media?parent=14015"}],"wp:term":[{"taxonomy":"product_brand","embeddable":true,"href":"https:\/\/uj.adatbank.ro\/lexikon\/wp-json\/wp\/v2\/product_brand?post=14015"},{"taxonomy":"product_cat","embeddable":true,"href":"https:\/\/uj.adatbank.ro\/lexikon\/wp-json\/wp\/v2\/product_cat?post=14015"},{"taxonomy":"product_tag","embeddable":true,"href":"https:\/\/uj.adatbank.ro\/lexikon\/wp-json\/wp\/v2\/product_tag?post=14015"}],"curies":[{"name":"wp","href":"https:\/\/api.w.org\/{rel}","templated":true}]}}