{"id":14017,"date":"2025-07-15T12:47:45","date_gmt":"2025-07-15T10:47:45","guid":{"rendered":"https:\/\/uj.adatbank.ro\/lexikon\/termek\/lorincz-erzsebet\/"},"modified":"2025-07-15T12:47:45","modified_gmt":"2025-07-15T10:47:45","slug":"lorincz-erzsebet","status":"publish","type":"product","link":"https:\/\/uj.adatbank.ro\/lexikon\/termek\/lorincz-erzsebet\/","title":{"rendered":"L\u0150RINCZ Erzs\u00e9bet"},"content":{"rendered":"<p>? \u2020\u00a0? : tan\u00edt\u00f3n\u0151. \u2013 Mint pedag\u00f3gus t\u00f6bb iskol\u00e1ban, s\u0151t Buk-ben is m\u0171k\u00f6d\u00f6tt, majd Mez\u0151bergeny\u00e9be ker\u00fclt (1941\u2013) mint ref. felekezeti tan\u00edt\u00f3. <br \/><strong>Irod.:<\/strong> Sz\u00e9kelyf\u00f6ld \u00ed.k.<\/br><\/p>\n","protected":false},"excerpt":{"rendered":"<p>? \u2020\u00a0? : tan\u00edt\u00f3n\u0151. \u2013 Mint pedag\u00f3gus t\u00f6bb iskol\u00e1ban, s\u0151t Buk-ben is m\u0171k\u00f6d\u00f6tt, majd Mez\u0151bergeny\u00e9be ker\u00fclt (1941\u2013) mint ref. felekezeti tan\u00edt\u00f3. Irod.: Sz\u00e9kelyf\u00f6ld \u00ed.k.<\/p>\n","protected":false},"featured_media":0,"comment_status":"open","ping_status":"closed","template":"","meta":[],"product_brand":[],"product_cat":[137],"product_tag":[],"class_list":{"0":"post-14017","1":"product","2":"type-product","3":"status-publish","5":"product_cat-maros-megyei-eletrajzi-lexikon","7":"first","8":"instock","9":"shipping-taxable","10":"product-type-simple"},"_links":{"self":[{"href":"https:\/\/uj.adatbank.ro\/lexikon\/wp-json\/wp\/v2\/product\/14017","targetHints":{"allow":["GET"]}}],"collection":[{"href":"https:\/\/uj.adatbank.ro\/lexikon\/wp-json\/wp\/v2\/product"}],"about":[{"href":"https:\/\/uj.adatbank.ro\/lexikon\/wp-json\/wp\/v2\/types\/product"}],"replies":[{"embeddable":true,"href":"https:\/\/uj.adatbank.ro\/lexikon\/wp-json\/wp\/v2\/comments?post=14017"}],"wp:attachment":[{"href":"https:\/\/uj.adatbank.ro\/lexikon\/wp-json\/wp\/v2\/media?parent=14017"}],"wp:term":[{"taxonomy":"product_brand","embeddable":true,"href":"https:\/\/uj.adatbank.ro\/lexikon\/wp-json\/wp\/v2\/product_brand?post=14017"},{"taxonomy":"product_cat","embeddable":true,"href":"https:\/\/uj.adatbank.ro\/lexikon\/wp-json\/wp\/v2\/product_cat?post=14017"},{"taxonomy":"product_tag","embeddable":true,"href":"https:\/\/uj.adatbank.ro\/lexikon\/wp-json\/wp\/v2\/product_tag?post=14017"}],"curies":[{"name":"wp","href":"https:\/\/api.w.org\/{rel}","templated":true}]}}