{"id":14019,"date":"2025-07-15T12:47:51","date_gmt":"2025-07-15T10:47:51","guid":{"rendered":"https:\/\/uj.adatbank.ro\/lexikon\/termek\/lorincz-ferenc-2\/"},"modified":"2025-07-15T12:47:51","modified_gmt":"2025-07-15T10:47:51","slug":"lorincz-ferenc-2","status":"publish","type":"product","link":"https:\/\/uj.adatbank.ro\/lexikon\/termek\/lorincz-ferenc-2\/","title":{"rendered":"L\u0150RINCZ Ferenc"},"content":{"rendered":"<p>Tusn\u00e1d, 1845. j\u00fal. 18., \u2020\u00a01935. dec. 7.: r. k. pap. \u2013 Cs\u00edksomly\u00f3n \u00e9s Gyulafeh\u00e9rv\u00e1ron tanult. Papp\u00e1 szentelt\u00e9k (1873. j\u00fal. 20.). K\u00e1pl\u00e1n Cs\u00edkr\u00e1koson, Sz\u00e9kelyudvarhelyen, lelkip\u00e1sztor Sz\u00e9kelylengyelfalv\u00e1n (1875), majd k\u00e1pl\u00e1n Zetelak\u00e1n, Cs\u00edkszentsimon- Csat\u00f3szegen, Tusn\u00e1don. Lelkip\u00e1sztor Hodoson, Dem\u00e9nyh\u00e1z\u00e1n (1883\u201385), Feny\u00e9den, Kiskapuson, Felvincen nyugd\u00edjaz\u00e1s\u00e1ig (1902\u201315). <br \/><strong>Irod.:<\/strong> Cs\u00edkfalva; Ferenczi S\u00e1ndor 2009<\/br><\/p>\n","protected":false},"excerpt":{"rendered":"<p>Tusn\u00e1d, 1845. j\u00fal. 18., \u2020\u00a01935. dec. 7.: r. k. pap. \u2013 Cs\u00edksomly\u00f3n \u00e9s Gyulafeh\u00e9rv\u00e1ron tanult. Papp\u00e1 szentelt\u00e9k (1873. j\u00fal. 20.). K\u00e1pl\u00e1n Cs\u00edkr\u00e1koson, Sz\u00e9kelyudvarhelyen, lelkip\u00e1sztor Sz\u00e9kelylengyelfalv\u00e1n (1875), majd k\u00e1pl\u00e1n Zetelak\u00e1n, Cs\u00edkszentsimon- Csat\u00f3szegen, Tusn\u00e1don. Lelkip\u00e1sztor Hodoson, Dem\u00e9nyh\u00e1z\u00e1n (1883\u201385), Feny\u00e9den, Kiskapuson, Felvincen nyugd\u00edjaz\u00e1s\u00e1ig (1902\u201315). Irod.: Cs\u00edkfalva; Ferenczi S\u00e1ndor 2009<\/p>\n","protected":false},"featured_media":0,"comment_status":"open","ping_status":"closed","template":"","meta":[],"product_brand":[],"product_cat":[137],"product_tag":[],"class_list":{"0":"post-14019","1":"product","2":"type-product","3":"status-publish","5":"product_cat-maros-megyei-eletrajzi-lexikon","7":"first","8":"instock","9":"shipping-taxable","10":"product-type-simple"},"_links":{"self":[{"href":"https:\/\/uj.adatbank.ro\/lexikon\/wp-json\/wp\/v2\/product\/14019","targetHints":{"allow":["GET"]}}],"collection":[{"href":"https:\/\/uj.adatbank.ro\/lexikon\/wp-json\/wp\/v2\/product"}],"about":[{"href":"https:\/\/uj.adatbank.ro\/lexikon\/wp-json\/wp\/v2\/types\/product"}],"replies":[{"embeddable":true,"href":"https:\/\/uj.adatbank.ro\/lexikon\/wp-json\/wp\/v2\/comments?post=14019"}],"wp:attachment":[{"href":"https:\/\/uj.adatbank.ro\/lexikon\/wp-json\/wp\/v2\/media?parent=14019"}],"wp:term":[{"taxonomy":"product_brand","embeddable":true,"href":"https:\/\/uj.adatbank.ro\/lexikon\/wp-json\/wp\/v2\/product_brand?post=14019"},{"taxonomy":"product_cat","embeddable":true,"href":"https:\/\/uj.adatbank.ro\/lexikon\/wp-json\/wp\/v2\/product_cat?post=14019"},{"taxonomy":"product_tag","embeddable":true,"href":"https:\/\/uj.adatbank.ro\/lexikon\/wp-json\/wp\/v2\/product_tag?post=14019"}],"curies":[{"name":"wp","href":"https:\/\/api.w.org\/{rel}","templated":true}]}}