{"id":14022,"date":"2025-07-15T12:47:55","date_gmt":"2025-07-15T10:47:55","guid":{"rendered":"https:\/\/uj.adatbank.ro\/lexikon\/termek\/lorincz-karoly\/"},"modified":"2025-07-15T12:47:55","modified_gmt":"2025-07-15T10:47:55","slug":"lorincz-karoly","status":"publish","type":"product","link":"https:\/\/uj.adatbank.ro\/lexikon\/termek\/lorincz-karoly\/","title":{"rendered":"L\u0150RINCZ K\u00e1roly"},"content":{"rendered":"<p>1817. \u00e1pr. 2. \u2020\u00a0D\u00e9sakna, 1875. m\u00e1rc. 5.: r. k. pl\u00e9b\u00e1nos. \u2013 Papp\u00e1 szentelt\u00e9k Zalatn\u00e1n (1840. j\u00fan. 28.); a mv.-i r.k. tanoda hittantan\u00e1ra (1841\u2013), majd Sombori Istv\u00e1n neveldeigazgat\u00f3 alatt szubr\u00e9gens, mv.-i pl\u00e9b\u00e1nos (1847\u2013); tan\u00edtott m\u00e9g Szil\u00e1gysomly\u00f3n; t\u00e1bori lelk\u00e9sz \u00e9s sepsiszentgy\u00f6rgyi adm. (1848); hadifogoly a nagyszebeni ferences z\u00e1rd\u00e1b\u00f3l alak\u00edtott fogolyt\u00e1borban (1849), k\u00e1ptalan Nagy\u00e1gon, Kapnikb\u00e1ny\u00e1n, D\u00e9sakn\u00e1n. M. nyelveml\u00e9kek, nyelvj\u00e1r\u00e1sok gy\u0171jt\u00e9s\u00e9vel foglalkozott, mint nyelv\u00e9szt szaktekint\u00e9lynek tartott\u00e1k. <strong>Cikkei:<\/strong> M. Nyelv\u0151r-ben jelentek meg. Az \u0151 adataib\u00f3l \u00e1ll\u00edtotta \u00f6ssze Vass J\u00f3zsef: Adal\u00e9kok a m. nyelvj\u00e1r\u00e1stanhoz c. dolgozat\u00e1t (Nyelvtudom\u00e1nyi K\u00f6zlem\u00e9nyek, 1863, 1864). <br \/><strong>Irod.:<\/strong> Kr\u00f3n. F\u00fcz. (1939. 4\/5); MKL; Szinnyei<\/br><\/p>\n","protected":false},"excerpt":{"rendered":"<p>1817. \u00e1pr. 2. \u2020\u00a0D\u00e9sakna, 1875. m\u00e1rc. 5.: r. k. pl\u00e9b\u00e1nos. \u2013 Papp\u00e1 szentelt\u00e9k Zalatn\u00e1n (1840. j\u00fan. 28.); a mv.-i r.k. tanoda hittantan\u00e1ra (1841\u2013), majd Sombori Istv\u00e1n neveldeigazgat\u00f3 alatt szubr\u00e9gens, mv.-i pl\u00e9b\u00e1nos (1847\u2013); tan\u00edtott m\u00e9g Szil\u00e1gysomly\u00f3n; t\u00e1bori lelk\u00e9sz \u00e9s sepsiszentgy\u00f6rgyi adm. (1848); hadifogoly a nagyszebeni ferences z\u00e1rd\u00e1b\u00f3l alak\u00edtott fogolyt\u00e1borban (1849), k\u00e1ptalan Nagy\u00e1gon, Kapnikb\u00e1ny\u00e1n, D\u00e9sakn\u00e1n. M. nyelveml\u00e9kek, [&hellip;]<\/p>\n","protected":false},"featured_media":0,"comment_status":"open","ping_status":"closed","template":"","meta":[],"product_brand":[],"product_cat":[137],"product_tag":[],"class_list":{"0":"post-14022","1":"product","2":"type-product","3":"status-publish","5":"product_cat-maros-megyei-eletrajzi-lexikon","7":"first","8":"instock","9":"shipping-taxable","10":"product-type-simple"},"_links":{"self":[{"href":"https:\/\/uj.adatbank.ro\/lexikon\/wp-json\/wp\/v2\/product\/14022","targetHints":{"allow":["GET"]}}],"collection":[{"href":"https:\/\/uj.adatbank.ro\/lexikon\/wp-json\/wp\/v2\/product"}],"about":[{"href":"https:\/\/uj.adatbank.ro\/lexikon\/wp-json\/wp\/v2\/types\/product"}],"replies":[{"embeddable":true,"href":"https:\/\/uj.adatbank.ro\/lexikon\/wp-json\/wp\/v2\/comments?post=14022"}],"wp:attachment":[{"href":"https:\/\/uj.adatbank.ro\/lexikon\/wp-json\/wp\/v2\/media?parent=14022"}],"wp:term":[{"taxonomy":"product_brand","embeddable":true,"href":"https:\/\/uj.adatbank.ro\/lexikon\/wp-json\/wp\/v2\/product_brand?post=14022"},{"taxonomy":"product_cat","embeddable":true,"href":"https:\/\/uj.adatbank.ro\/lexikon\/wp-json\/wp\/v2\/product_cat?post=14022"},{"taxonomy":"product_tag","embeddable":true,"href":"https:\/\/uj.adatbank.ro\/lexikon\/wp-json\/wp\/v2\/product_tag?post=14022"}],"curies":[{"name":"wp","href":"https:\/\/api.w.org\/{rel}","templated":true}]}}