{"id":14024,"date":"2025-07-15T12:47:59","date_gmt":"2025-07-15T10:47:59","guid":{"rendered":"https:\/\/uj.adatbank.ro\/lexikon\/termek\/lorincz-mihaly\/"},"modified":"2025-07-15T12:47:59","modified_gmt":"2025-07-15T10:47:59","slug":"lorincz-mihaly","status":"publish","type":"product","link":"https:\/\/uj.adatbank.ro\/lexikon\/termek\/lorincz-mihaly\/","title":{"rendered":"L\u0150RINCZ Mih\u00e1ly"},"content":{"rendered":"<p>1786. szept. 7., \u2020 1854. nov. 26.: r. k. pap. \u2013 Papp\u00e1 szentelt\u00e9k (1811. j\u00fan. 2.). Pl\u00e9b\u00e1nos Sz\u00e9kelyszentkir\u00e1lyon, Bordoson (1812\u201343), Oroszhegyen.(1843\u2013). <br \/><strong>Irod.:<\/strong> Ferenczi S\u00e1ndor 2009<\/br><\/p>\n","protected":false},"excerpt":{"rendered":"<p>1786. szept. 7., \u2020 1854. nov. 26.: r. k. pap. \u2013 Papp\u00e1 szentelt\u00e9k (1811. j\u00fan. 2.). Pl\u00e9b\u00e1nos Sz\u00e9kelyszentkir\u00e1lyon, Bordoson (1812\u201343), Oroszhegyen.(1843\u2013). Irod.: Ferenczi S\u00e1ndor 2009<\/p>\n","protected":false},"featured_media":0,"comment_status":"open","ping_status":"closed","template":"","meta":[],"product_brand":[],"product_cat":[137],"product_tag":[],"class_list":{"0":"post-14024","1":"product","2":"type-product","3":"status-publish","5":"product_cat-maros-megyei-eletrajzi-lexikon","7":"first","8":"instock","9":"shipping-taxable","10":"product-type-simple"},"_links":{"self":[{"href":"https:\/\/uj.adatbank.ro\/lexikon\/wp-json\/wp\/v2\/product\/14024","targetHints":{"allow":["GET"]}}],"collection":[{"href":"https:\/\/uj.adatbank.ro\/lexikon\/wp-json\/wp\/v2\/product"}],"about":[{"href":"https:\/\/uj.adatbank.ro\/lexikon\/wp-json\/wp\/v2\/types\/product"}],"replies":[{"embeddable":true,"href":"https:\/\/uj.adatbank.ro\/lexikon\/wp-json\/wp\/v2\/comments?post=14024"}],"wp:attachment":[{"href":"https:\/\/uj.adatbank.ro\/lexikon\/wp-json\/wp\/v2\/media?parent=14024"}],"wp:term":[{"taxonomy":"product_brand","embeddable":true,"href":"https:\/\/uj.adatbank.ro\/lexikon\/wp-json\/wp\/v2\/product_brand?post=14024"},{"taxonomy":"product_cat","embeddable":true,"href":"https:\/\/uj.adatbank.ro\/lexikon\/wp-json\/wp\/v2\/product_cat?post=14024"},{"taxonomy":"product_tag","embeddable":true,"href":"https:\/\/uj.adatbank.ro\/lexikon\/wp-json\/wp\/v2\/product_tag?post=14024"}],"curies":[{"name":"wp","href":"https:\/\/api.w.org\/{rel}","templated":true}]}}