{"id":14026,"date":"2025-07-15T12:48:03","date_gmt":"2025-07-15T10:48:03","guid":{"rendered":"https:\/\/uj.adatbank.ro\/lexikon\/termek\/lorincz-sandor-bardoci\/"},"modified":"2025-07-15T12:48:03","modified_gmt":"2025-07-15T10:48:03","slug":"lorincz-sandor-bardoci","status":"publish","type":"product","link":"https:\/\/uj.adatbank.ro\/lexikon\/termek\/lorincz-sandor-bardoci\/","title":{"rendered":"L\u0150RINCZ S\u00e1ndor, bard\u00f3ci"},"content":{"rendered":"<p>Mv., 1911.,\u2020\u00a0? : ref. lelk\u00e9sz. \u2013 Sepsiszentgy\u00f6rgy\u00f6n \u00e9retts\u00e9gizett, a teol\u00f3gi\u00e1t Kv.-on v\u00e9gezte. Mint seg\u00e9dlelk\u00e9sz Kov\u00e1szn\u00e1ra ker\u00fclt (1934\u2013), majd P\u00e1va lelk\u00e9sze (1937\u2013). <br \/><strong>Irod.:<\/strong> Sz\u00e9kelyf\u00f6ld \u00ed.k<\/br><\/p>\n","protected":false},"excerpt":{"rendered":"<p>Mv., 1911.,\u2020\u00a0? : ref. lelk\u00e9sz. \u2013 Sepsiszentgy\u00f6rgy\u00f6n \u00e9retts\u00e9gizett, a teol\u00f3gi\u00e1t Kv.-on v\u00e9gezte. Mint seg\u00e9dlelk\u00e9sz Kov\u00e1szn\u00e1ra ker\u00fclt (1934\u2013), majd P\u00e1va lelk\u00e9sze (1937\u2013). Irod.: Sz\u00e9kelyf\u00f6ld \u00ed.k<\/p>\n","protected":false},"featured_media":0,"comment_status":"open","ping_status":"closed","template":"","meta":[],"product_brand":[],"product_cat":[137],"product_tag":[],"class_list":{"0":"post-14026","1":"product","2":"type-product","3":"status-publish","5":"product_cat-maros-megyei-eletrajzi-lexikon","7":"first","8":"instock","9":"shipping-taxable","10":"product-type-simple"},"_links":{"self":[{"href":"https:\/\/uj.adatbank.ro\/lexikon\/wp-json\/wp\/v2\/product\/14026","targetHints":{"allow":["GET"]}}],"collection":[{"href":"https:\/\/uj.adatbank.ro\/lexikon\/wp-json\/wp\/v2\/product"}],"about":[{"href":"https:\/\/uj.adatbank.ro\/lexikon\/wp-json\/wp\/v2\/types\/product"}],"replies":[{"embeddable":true,"href":"https:\/\/uj.adatbank.ro\/lexikon\/wp-json\/wp\/v2\/comments?post=14026"}],"wp:attachment":[{"href":"https:\/\/uj.adatbank.ro\/lexikon\/wp-json\/wp\/v2\/media?parent=14026"}],"wp:term":[{"taxonomy":"product_brand","embeddable":true,"href":"https:\/\/uj.adatbank.ro\/lexikon\/wp-json\/wp\/v2\/product_brand?post=14026"},{"taxonomy":"product_cat","embeddable":true,"href":"https:\/\/uj.adatbank.ro\/lexikon\/wp-json\/wp\/v2\/product_cat?post=14026"},{"taxonomy":"product_tag","embeddable":true,"href":"https:\/\/uj.adatbank.ro\/lexikon\/wp-json\/wp\/v2\/product_tag?post=14026"}],"curies":[{"name":"wp","href":"https:\/\/api.w.org\/{rel}","templated":true}]}}