{"id":14031,"date":"2025-07-15T12:48:15","date_gmt":"2025-07-15T10:48:15","guid":{"rendered":"https:\/\/uj.adatbank.ro\/lexikon\/termek\/lorinczi-bela\/"},"modified":"2025-07-15T12:48:15","modified_gmt":"2025-07-15T10:48:15","slug":"lorinczi-bela","status":"publish","type":"product","link":"https:\/\/uj.adatbank.ro\/lexikon\/termek\/lorinczi-bela\/","title":{"rendered":"L\u0150RINCZI B\u00e9la"},"content":{"rendered":"<p>Erzs\u00e9betv\u00e1ros, 1875.,\u2020 1937. \u00e1pr. 2.: tan\u00edt\u00f3, \u00e9nekvez\u00e9r. \u2013 Feles\u00e9ge: Kasi J\u00falia. -Tan\u00edt\u00f3i k\u00e9pes\u00edt\u00e9st Sz\u00e9kelykereszt\u00faron szerzett. Tan\u00edtott Homor\u00f3dkem\u00e9nyfalv\u00e1n (1896\u20131904), Mv.-en nyugd\u00edjaz\u00e1s\u00e1ig, itt egy \u00e9vig k\u00e1ntor is volt (1904\u201331). A csal\u00e1dja L\u0151rinczi B\u00e9la eml\u00e9kalap-ot hozott l\u00e9tre, a szeg\u00e9ny gyermekek tank\u00f6nyv-seg\u00e9lyez\u00e9s\u00e9re \u00e9s a kiv\u00e1l\u00f3 tanul\u00f3k jutalmaz\u00e1s\u00e1ra. <br \/><strong>Irod.:<\/strong> Kelemen; Unit.lex.<\/br><\/p>\n","protected":false},"excerpt":{"rendered":"<p>Erzs\u00e9betv\u00e1ros, 1875.,\u2020 1937. \u00e1pr. 2.: tan\u00edt\u00f3, \u00e9nekvez\u00e9r. \u2013 Feles\u00e9ge: Kasi J\u00falia. -Tan\u00edt\u00f3i k\u00e9pes\u00edt\u00e9st Sz\u00e9kelykereszt\u00faron szerzett. Tan\u00edtott Homor\u00f3dkem\u00e9nyfalv\u00e1n (1896\u20131904), Mv.-en nyugd\u00edjaz\u00e1s\u00e1ig, itt egy \u00e9vig k\u00e1ntor is volt (1904\u201331). A csal\u00e1dja L\u0151rinczi B\u00e9la eml\u00e9kalap-ot hozott l\u00e9tre, a szeg\u00e9ny gyermekek tank\u00f6nyv-seg\u00e9lyez\u00e9s\u00e9re \u00e9s a kiv\u00e1l\u00f3 tanul\u00f3k jutalmaz\u00e1s\u00e1ra. Irod.: Kelemen; Unit.lex.<\/p>\n","protected":false},"featured_media":0,"comment_status":"open","ping_status":"closed","template":"","meta":[],"product_brand":[],"product_cat":[137],"product_tag":[],"class_list":{"0":"post-14031","1":"product","2":"type-product","3":"status-publish","5":"product_cat-maros-megyei-eletrajzi-lexikon","7":"first","8":"instock","9":"shipping-taxable","10":"product-type-simple"},"_links":{"self":[{"href":"https:\/\/uj.adatbank.ro\/lexikon\/wp-json\/wp\/v2\/product\/14031","targetHints":{"allow":["GET"]}}],"collection":[{"href":"https:\/\/uj.adatbank.ro\/lexikon\/wp-json\/wp\/v2\/product"}],"about":[{"href":"https:\/\/uj.adatbank.ro\/lexikon\/wp-json\/wp\/v2\/types\/product"}],"replies":[{"embeddable":true,"href":"https:\/\/uj.adatbank.ro\/lexikon\/wp-json\/wp\/v2\/comments?post=14031"}],"wp:attachment":[{"href":"https:\/\/uj.adatbank.ro\/lexikon\/wp-json\/wp\/v2\/media?parent=14031"}],"wp:term":[{"taxonomy":"product_brand","embeddable":true,"href":"https:\/\/uj.adatbank.ro\/lexikon\/wp-json\/wp\/v2\/product_brand?post=14031"},{"taxonomy":"product_cat","embeddable":true,"href":"https:\/\/uj.adatbank.ro\/lexikon\/wp-json\/wp\/v2\/product_cat?post=14031"},{"taxonomy":"product_tag","embeddable":true,"href":"https:\/\/uj.adatbank.ro\/lexikon\/wp-json\/wp\/v2\/product_tag?post=14031"}],"curies":[{"name":"wp","href":"https:\/\/api.w.org\/{rel}","templated":true}]}}