{"id":14033,"date":"2025-07-15T12:48:18","date_gmt":"2025-07-15T10:48:18","guid":{"rendered":"https:\/\/uj.adatbank.ro\/lexikon\/termek\/lorinczi-denes-lorinczy-denes\/"},"modified":"2025-07-15T12:48:18","modified_gmt":"2025-07-15T10:48:18","slug":"lorinczi-denes-lorinczy-denes","status":"publish","type":"product","link":"https:\/\/uj.adatbank.ro\/lexikon\/termek\/lorinczi-denes-lorinczy-denes\/","title":{"rendered":"L\u0150RINCZI D\u00e9nes, L\u0151rinczy D\u00e9nes"},"content":{"rendered":"<p>K\u0151rispatak,1860.aug. 18,\u2020\u00a0?: tan\u00edt\u00f3. \u2013 A sz\u00e9kelyudvarhelyi koll., majd a sz\u00e9kelykereszt\u00fari \u00e1llami tan\u00edt\u00f3k\u00e9pz\u0151 di\u00e1kja, tan\u00edt\u00f3i oklevelet kapott (1878). A v\u00e9gz\u00e9s ut\u00e1n a cs\u00f3kfalvi iskola tan\u00edt\u00f3ja.A Kisk\u00fck\u00fcll\u0151i Tan\u00edt\u00f3i K\u00f6r jegyz\u0151je. eln\u00f6ke. <br \/><strong>Irod.:<\/strong> Eml\u00e9kk\u00f6nyv; Vaday<\/br><\/p>\n","protected":false},"excerpt":{"rendered":"<p>K\u0151rispatak,1860.aug. 18,\u2020\u00a0?: tan\u00edt\u00f3. \u2013 A sz\u00e9kelyudvarhelyi koll., majd a sz\u00e9kelykereszt\u00fari \u00e1llami tan\u00edt\u00f3k\u00e9pz\u0151 di\u00e1kja, tan\u00edt\u00f3i oklevelet kapott (1878). A v\u00e9gz\u00e9s ut\u00e1n a cs\u00f3kfalvi iskola tan\u00edt\u00f3ja.A Kisk\u00fck\u00fcll\u0151i Tan\u00edt\u00f3i K\u00f6r jegyz\u0151je. eln\u00f6ke. Irod.: Eml\u00e9kk\u00f6nyv; Vaday<\/p>\n","protected":false},"featured_media":0,"comment_status":"open","ping_status":"closed","template":"","meta":[],"product_brand":[],"product_cat":[137],"product_tag":[],"class_list":{"0":"post-14033","1":"product","2":"type-product","3":"status-publish","5":"product_cat-maros-megyei-eletrajzi-lexikon","7":"first","8":"instock","9":"shipping-taxable","10":"product-type-simple"},"_links":{"self":[{"href":"https:\/\/uj.adatbank.ro\/lexikon\/wp-json\/wp\/v2\/product\/14033","targetHints":{"allow":["GET"]}}],"collection":[{"href":"https:\/\/uj.adatbank.ro\/lexikon\/wp-json\/wp\/v2\/product"}],"about":[{"href":"https:\/\/uj.adatbank.ro\/lexikon\/wp-json\/wp\/v2\/types\/product"}],"replies":[{"embeddable":true,"href":"https:\/\/uj.adatbank.ro\/lexikon\/wp-json\/wp\/v2\/comments?post=14033"}],"wp:attachment":[{"href":"https:\/\/uj.adatbank.ro\/lexikon\/wp-json\/wp\/v2\/media?parent=14033"}],"wp:term":[{"taxonomy":"product_brand","embeddable":true,"href":"https:\/\/uj.adatbank.ro\/lexikon\/wp-json\/wp\/v2\/product_brand?post=14033"},{"taxonomy":"product_cat","embeddable":true,"href":"https:\/\/uj.adatbank.ro\/lexikon\/wp-json\/wp\/v2\/product_cat?post=14033"},{"taxonomy":"product_tag","embeddable":true,"href":"https:\/\/uj.adatbank.ro\/lexikon\/wp-json\/wp\/v2\/product_tag?post=14033"}],"curies":[{"name":"wp","href":"https:\/\/api.w.org\/{rel}","templated":true}]}}