{"id":14035,"date":"2025-07-15T12:48:22","date_gmt":"2025-07-15T10:48:22","guid":{"rendered":"https:\/\/uj.adatbank.ro\/lexikon\/termek\/lorinczi-erzsebet-nagy-erzsebet\/"},"modified":"2025-07-15T12:48:22","modified_gmt":"2025-07-15T10:48:22","slug":"lorinczi-erzsebet-nagy-erzsebet","status":"publish","type":"product","link":"https:\/\/uj.adatbank.ro\/lexikon\/termek\/lorinczi-erzsebet-nagy-erzsebet\/","title":{"rendered":"L\u0150RINCZI Erzs\u00e9bet; Nagy Erzs\u00e9bet"},"content":{"rendered":"<p>Sz\u00e9kelykereszt\u00far, 1908. \u00e1pr. 4., \u2020 ?: fest\u0151m\u0171v\u00e9sz. \u2013 Sz\u00e9kelykereszt\u00faron az unit\u00e1rius gimn\u00e1ziumban \u00e9retts\u00e9gizett (1925), majd festeni tanult Daday Ger\u0151n\u00e9l \u00e9s Szopos S\u00e1ndorn\u00e1l (1925\u2013). Sz\u00e9kelykereszt\u00faron k\u00f6nyvt\u00e1ros (1952\u201354); a mv.-i N\u00e9pm\u0171v\u00e9szeti Sz\u00f6vetkezet k\u00fcls\u0151 munkat\u00e1rsa (1955\u201356); Sz\u00e9kelykereszt\u00faron a T\u00f6rekv\u00e9s Sz\u0151vetkezet textilfest\u0151je. Mv.-en a K\u0151teles S. utc\u00e1ban lakott KKACs szerint. Miniat\u00far\u00e1kat festett, t\u00f6bb erd\u00e9lyi v\u00e1rosban \u00e1ll\u00edtott ki M\u0171veinek nagyr\u00e9sz\u00e9t a sz\u00e9kelykereszt\u00fari M\u00fazeumnak adom\u00e1nyozta. \u2013 Ki\u00e1ll\u00edt\u00e1sai: Nagyszeben (1928); Sz\u00e9kelykereszt\u00far (1931, 1948, 1969, 1984); Mv. (1932, 1938, 1946, 1976, 1987); Kv. (1936, 1940); Torda (1940); Sz\u00e9kelyudvarhely (1948); Cs\u00edkszereda (1969, 1972); Sepsiszentgy\u00f6rgy (1977). <br \/><strong>Irod.:<\/strong> KKACs<\/br><\/p>\n","protected":false},"excerpt":{"rendered":"<p>Sz\u00e9kelykereszt\u00far, 1908. \u00e1pr. 4., \u2020 ?: fest\u0151m\u0171v\u00e9sz. \u2013 Sz\u00e9kelykereszt\u00faron az unit\u00e1rius gimn\u00e1ziumban \u00e9retts\u00e9gizett (1925), majd festeni tanult Daday Ger\u0151n\u00e9l \u00e9s Szopos S\u00e1ndorn\u00e1l (1925\u2013). Sz\u00e9kelykereszt\u00faron k\u00f6nyvt\u00e1ros (1952\u201354); a mv.-i N\u00e9pm\u0171v\u00e9szeti Sz\u00f6vetkezet k\u00fcls\u0151 munkat\u00e1rsa (1955\u201356); Sz\u00e9kelykereszt\u00faron a T\u00f6rekv\u00e9s Sz\u0151vetkezet textilfest\u0151je. Mv.-en a K\u0151teles S. utc\u00e1ban lakott KKACs szerint. Miniat\u00far\u00e1kat festett, t\u00f6bb erd\u00e9lyi v\u00e1rosban \u00e1ll\u00edtott ki M\u0171veinek nagyr\u00e9sz\u00e9t [&hellip;]<\/p>\n","protected":false},"featured_media":0,"comment_status":"open","ping_status":"closed","template":"","meta":[],"product_brand":[],"product_cat":[137],"product_tag":[],"class_list":{"0":"post-14035","1":"product","2":"type-product","3":"status-publish","5":"product_cat-maros-megyei-eletrajzi-lexikon","7":"first","8":"instock","9":"shipping-taxable","10":"product-type-simple"},"_links":{"self":[{"href":"https:\/\/uj.adatbank.ro\/lexikon\/wp-json\/wp\/v2\/product\/14035","targetHints":{"allow":["GET"]}}],"collection":[{"href":"https:\/\/uj.adatbank.ro\/lexikon\/wp-json\/wp\/v2\/product"}],"about":[{"href":"https:\/\/uj.adatbank.ro\/lexikon\/wp-json\/wp\/v2\/types\/product"}],"replies":[{"embeddable":true,"href":"https:\/\/uj.adatbank.ro\/lexikon\/wp-json\/wp\/v2\/comments?post=14035"}],"wp:attachment":[{"href":"https:\/\/uj.adatbank.ro\/lexikon\/wp-json\/wp\/v2\/media?parent=14035"}],"wp:term":[{"taxonomy":"product_brand","embeddable":true,"href":"https:\/\/uj.adatbank.ro\/lexikon\/wp-json\/wp\/v2\/product_brand?post=14035"},{"taxonomy":"product_cat","embeddable":true,"href":"https:\/\/uj.adatbank.ro\/lexikon\/wp-json\/wp\/v2\/product_cat?post=14035"},{"taxonomy":"product_tag","embeddable":true,"href":"https:\/\/uj.adatbank.ro\/lexikon\/wp-json\/wp\/v2\/product_tag?post=14035"}],"curies":[{"name":"wp","href":"https:\/\/api.w.org\/{rel}","templated":true}]}}