{"id":14037,"date":"2025-07-15T12:48:25","date_gmt":"2025-07-15T10:48:25","guid":{"rendered":"https:\/\/uj.adatbank.ro\/lexikon\/termek\/lorinczi-istvan\/"},"modified":"2025-07-15T12:48:25","modified_gmt":"2025-07-15T10:48:25","slug":"lorinczi-istvan","status":"publish","type":"product","link":"https:\/\/uj.adatbank.ro\/lexikon\/termek\/lorinczi-istvan\/","title":{"rendered":"L\u0150RINCZI Istv\u00e1n"},"content":{"rendered":"<p>1891, \u2020\u00a0Mv., 1979. j\u00fal. 19.: t\u00e1blab\u00edr\u00f3. \u2013 A Sz\u00e9kelykereszt\u00fari Unit\u00e1rius Orb\u00e1n Bal\u00e1zs Gimn\u00e1zium fel\u00fcgyel\u0151 gondnoka (1944).\u00dcgyv\u00e9d, dr., t\u00e1blab\u00edr\u00f3 Mv.-en. <br \/><strong>Irod.:<\/strong> [Nekrol\u00f3g] (V. Z., 1979. j\u00fal 20.).<\/br><\/p>\n","protected":false},"excerpt":{"rendered":"<p>1891, \u2020\u00a0Mv., 1979. j\u00fal. 19.: t\u00e1blab\u00edr\u00f3. \u2013 A Sz\u00e9kelykereszt\u00fari Unit\u00e1rius Orb\u00e1n Bal\u00e1zs Gimn\u00e1zium fel\u00fcgyel\u0151 gondnoka (1944).\u00dcgyv\u00e9d, dr., t\u00e1blab\u00edr\u00f3 Mv.-en. Irod.: [Nekrol\u00f3g] (V. Z., 1979. j\u00fal 20.).<\/p>\n","protected":false},"featured_media":0,"comment_status":"open","ping_status":"closed","template":"","meta":[],"product_brand":[],"product_cat":[137],"product_tag":[],"class_list":{"0":"post-14037","1":"product","2":"type-product","3":"status-publish","5":"product_cat-maros-megyei-eletrajzi-lexikon","7":"first","8":"instock","9":"shipping-taxable","10":"product-type-simple"},"_links":{"self":[{"href":"https:\/\/uj.adatbank.ro\/lexikon\/wp-json\/wp\/v2\/product\/14037","targetHints":{"allow":["GET"]}}],"collection":[{"href":"https:\/\/uj.adatbank.ro\/lexikon\/wp-json\/wp\/v2\/product"}],"about":[{"href":"https:\/\/uj.adatbank.ro\/lexikon\/wp-json\/wp\/v2\/types\/product"}],"replies":[{"embeddable":true,"href":"https:\/\/uj.adatbank.ro\/lexikon\/wp-json\/wp\/v2\/comments?post=14037"}],"wp:attachment":[{"href":"https:\/\/uj.adatbank.ro\/lexikon\/wp-json\/wp\/v2\/media?parent=14037"}],"wp:term":[{"taxonomy":"product_brand","embeddable":true,"href":"https:\/\/uj.adatbank.ro\/lexikon\/wp-json\/wp\/v2\/product_brand?post=14037"},{"taxonomy":"product_cat","embeddable":true,"href":"https:\/\/uj.adatbank.ro\/lexikon\/wp-json\/wp\/v2\/product_cat?post=14037"},{"taxonomy":"product_tag","embeddable":true,"href":"https:\/\/uj.adatbank.ro\/lexikon\/wp-json\/wp\/v2\/product_tag?post=14037"}],"curies":[{"name":"wp","href":"https:\/\/api.w.org\/{rel}","templated":true}]}}