{"id":14038,"date":"2025-07-15T12:48:28","date_gmt":"2025-07-15T10:48:28","guid":{"rendered":"https:\/\/uj.adatbank.ro\/lexikon\/termek\/lorinczi-janos\/"},"modified":"2025-07-15T12:48:28","modified_gmt":"2025-07-15T10:48:28","slug":"lorinczi-janos","status":"publish","type":"product","link":"https:\/\/uj.adatbank.ro\/lexikon\/termek\/lorinczi-janos\/","title":{"rendered":"L\u0150RINCZI J\u00e1nos"},"content":{"rendered":"<p>1775 \u2020\u00a0Marosfelfalu, 1845.okt. 22,\u00a0: ref. lelk\u00e9sz. \u2013 Feles\u00e9ge Garda R\u00e1hel.- Mv.-en subscrib\u00e1lt (1796). A marosfelfalui ref. ekl\u00e9zsia lelk\u00e9sze (1803\u20131845). <br \/><strong>Irod.:<\/strong> B\u00f6jthe Andor, \u0150sz<\/br><\/p>\n","protected":false},"excerpt":{"rendered":"<p>1775 \u2020\u00a0Marosfelfalu, 1845.okt. 22,\u00a0: ref. lelk\u00e9sz. \u2013 Feles\u00e9ge Garda R\u00e1hel.- Mv.-en subscrib\u00e1lt (1796). A marosfelfalui ref. ekl\u00e9zsia lelk\u00e9sze (1803\u20131845). Irod.: B\u00f6jthe Andor, \u0150sz<\/p>\n","protected":false},"featured_media":0,"comment_status":"open","ping_status":"closed","template":"","meta":[],"product_brand":[],"product_cat":[137],"product_tag":[],"class_list":{"0":"post-14038","1":"product","2":"type-product","3":"status-publish","5":"product_cat-maros-megyei-eletrajzi-lexikon","7":"first","8":"instock","9":"shipping-taxable","10":"product-type-simple"},"_links":{"self":[{"href":"https:\/\/uj.adatbank.ro\/lexikon\/wp-json\/wp\/v2\/product\/14038","targetHints":{"allow":["GET"]}}],"collection":[{"href":"https:\/\/uj.adatbank.ro\/lexikon\/wp-json\/wp\/v2\/product"}],"about":[{"href":"https:\/\/uj.adatbank.ro\/lexikon\/wp-json\/wp\/v2\/types\/product"}],"replies":[{"embeddable":true,"href":"https:\/\/uj.adatbank.ro\/lexikon\/wp-json\/wp\/v2\/comments?post=14038"}],"wp:attachment":[{"href":"https:\/\/uj.adatbank.ro\/lexikon\/wp-json\/wp\/v2\/media?parent=14038"}],"wp:term":[{"taxonomy":"product_brand","embeddable":true,"href":"https:\/\/uj.adatbank.ro\/lexikon\/wp-json\/wp\/v2\/product_brand?post=14038"},{"taxonomy":"product_cat","embeddable":true,"href":"https:\/\/uj.adatbank.ro\/lexikon\/wp-json\/wp\/v2\/product_cat?post=14038"},{"taxonomy":"product_tag","embeddable":true,"href":"https:\/\/uj.adatbank.ro\/lexikon\/wp-json\/wp\/v2\/product_tag?post=14038"}],"curies":[{"name":"wp","href":"https:\/\/api.w.org\/{rel}","templated":true}]}}