{"id":14040,"date":"2025-07-15T12:48:32","date_gmt":"2025-07-15T10:48:32","guid":{"rendered":"https:\/\/uj.adatbank.ro\/lexikon\/termek\/lorinczi-jozsef\/"},"modified":"2025-07-15T12:48:32","modified_gmt":"2025-07-15T10:48:32","slug":"lorinczi-jozsef","status":"publish","type":"product","link":"https:\/\/uj.adatbank.ro\/lexikon\/termek\/lorinczi-jozsef\/","title":{"rendered":"L\u0150RINCZI J\u00f3zsef"},"content":{"rendered":"<p>? \u2020 ? : tan\u00edt\u00f3. \u2013 Feles\u00e9ge Sz\u00e9kely S\u00e1ra. \u2013 Mv.-en subscrib\u00e1lt (1748). Tan\u00edtott Nagykenden (1755\u201360), Radn\u00f3ton (1761\u201368) \u00e9s Dics\u0151szentm\u00e1rtonban (1770\u201375). <br \/><strong>Irod.:<\/strong> K\u00fck\u00fcll\u0151i Ref. Egyh\u00e1zm. 2., 4.<\/br><\/p>\n","protected":false},"excerpt":{"rendered":"<p>? \u2020 ? : tan\u00edt\u00f3. \u2013 Feles\u00e9ge Sz\u00e9kely S\u00e1ra. \u2013 Mv.-en subscrib\u00e1lt (1748). Tan\u00edtott Nagykenden (1755\u201360), Radn\u00f3ton (1761\u201368) \u00e9s Dics\u0151szentm\u00e1rtonban (1770\u201375). Irod.: K\u00fck\u00fcll\u0151i Ref. Egyh\u00e1zm. 2., 4.<\/p>\n","protected":false},"featured_media":0,"comment_status":"open","ping_status":"closed","template":"","meta":[],"product_brand":[],"product_cat":[137],"product_tag":[],"class_list":{"0":"post-14040","1":"product","2":"type-product","3":"status-publish","5":"product_cat-maros-megyei-eletrajzi-lexikon","7":"first","8":"instock","9":"shipping-taxable","10":"product-type-simple"},"_links":{"self":[{"href":"https:\/\/uj.adatbank.ro\/lexikon\/wp-json\/wp\/v2\/product\/14040","targetHints":{"allow":["GET"]}}],"collection":[{"href":"https:\/\/uj.adatbank.ro\/lexikon\/wp-json\/wp\/v2\/product"}],"about":[{"href":"https:\/\/uj.adatbank.ro\/lexikon\/wp-json\/wp\/v2\/types\/product"}],"replies":[{"embeddable":true,"href":"https:\/\/uj.adatbank.ro\/lexikon\/wp-json\/wp\/v2\/comments?post=14040"}],"wp:attachment":[{"href":"https:\/\/uj.adatbank.ro\/lexikon\/wp-json\/wp\/v2\/media?parent=14040"}],"wp:term":[{"taxonomy":"product_brand","embeddable":true,"href":"https:\/\/uj.adatbank.ro\/lexikon\/wp-json\/wp\/v2\/product_brand?post=14040"},{"taxonomy":"product_cat","embeddable":true,"href":"https:\/\/uj.adatbank.ro\/lexikon\/wp-json\/wp\/v2\/product_cat?post=14040"},{"taxonomy":"product_tag","embeddable":true,"href":"https:\/\/uj.adatbank.ro\/lexikon\/wp-json\/wp\/v2\/product_tag?post=14040"}],"curies":[{"name":"wp","href":"https:\/\/api.w.org\/{rel}","templated":true}]}}